{"id":216357,"date":"2026-03-04T03:27:27","date_gmt":"2026-03-04T02:27:27","guid":{"rendered":"https:\/\/grupotextil.es\/producto\/sacacorchos-de-acero-inoxidable-stamina-brakel-1233\/"},"modified":"2026-03-04T06:15:19","modified_gmt":"2026-03-04T05:15:19","slug":"sacacorchos-de-acero-inoxidable-stamina-brakel-1233","status":"publish","type":"product","link":"https:\/\/grupotextil.es\/en\/product\/sacacorchos-de-acero-inoxidable-stamina-brakel-1233\/","title":{"rendered":"Sacacorchos de Acero Inoxidable Stamina Brakel 1233"},"content":{"rendered":"<p><strong>PRODUCTO QUE SE DESCATALOGAR\u00c1 CUANDO SE AGOTEN LAS EXISTENCIAS<\/strong> \u2013 Sacacorchos de acero inoxidable estilo cl\u00e1sico con mango en corcho. Este dise\u00f1o ofrece durabilidad y resistencia, asegurando, gracias a su mango de corcho, un agarre c\u00f3modo y seguro. Cuenta con mecanismo de doble palanca facilita el proceso de apertura, minimizando el esfuerzo.<\/p>","protected":false},"excerpt":{"rendered":"<p><strong>PRODUCTO QUE SE DESCATALOGAR\u00c1 CUANDO SE AGOTEN LAS EXISTENCIAS<\/strong> \u2013 Sacacorchos de acero inoxidable estilo cl\u00e1sico con mango en corcho. Este dise\u00f1o ofrece durabilidad y resistencia, asegurando, gracias a su mango de corcho, un agarre c\u00f3modo y seguro. Cuenta con mecanismo de doble palanca facilita el proceso de apertura, minimizando el esfuerzo.<\/p>","protected":false},"featured_media":216358,"comment_status":"open","ping_status":"closed","template":"","meta":{"_acf_changed":false},"product_brand":[14012],"product_cat":[13960,14006],"product_tag":[],"class_list":{"0":"post-216357","1":"product","2":"type-product","3":"status-publish","4":"has-post-thumbnail","6":"product_brand-stamina","7":"product_cat-mr-llaveros","8":"product_cat-acc-merchandising","9":"tm-no-options","11":"first","12":"instock","13":"taxable","14":"shipping-taxable","15":"product-type-variable"},"acf":[],"_links":{"self":[{"href":"https:\/\/grupotextil.es\/en\/wp-json\/wp\/v2\/product\/216357","targetHints":{"allow":["GET"]}}],"collection":[{"href":"https:\/\/grupotextil.es\/en\/wp-json\/wp\/v2\/product"}],"about":[{"href":"https:\/\/grupotextil.es\/en\/wp-json\/wp\/v2\/types\/product"}],"replies":[{"embeddable":true,"href":"https:\/\/grupotextil.es\/en\/wp-json\/wp\/v2\/comments?post=216357"}],"wp:featuredmedia":[{"embeddable":true,"href":"https:\/\/grupotextil.es\/en\/wp-json\/wp\/v2\/media\/216358"}],"wp:attachment":[{"href":"https:\/\/grupotextil.es\/en\/wp-json\/wp\/v2\/media?parent=216357"}],"wp:term":[{"taxonomy":"product_brand","embeddable":true,"href":"https:\/\/grupotextil.es\/en\/wp-json\/wp\/v2\/product_brand?post=216357"},{"taxonomy":"product_cat","embeddable":true,"href":"https:\/\/grupotextil.es\/en\/wp-json\/wp\/v2\/product_cat?post=216357"},{"taxonomy":"product_tag","embeddable":true,"href":"https:\/\/grupotextil.es\/en\/wp-json\/wp\/v2\/product_tag?post=216357"}],"curies":[{"name":"wp","href":"https:\/\/api.w.org\/{rel}","templated":true}]}}