{"id":216372,"date":"2026-03-04T03:27:46","date_gmt":"2026-03-04T02:27:46","guid":{"rendered":"https:\/\/grupotextil.es\/producto\/caja-de-presentacion-para-botella-stamina-flesy-1043\/"},"modified":"2026-03-04T06:15:19","modified_gmt":"2026-03-04T05:15:19","slug":"caja-de-presentacion-para-botella-stamina-flesy-1043","status":"publish","type":"product","link":"https:\/\/grupotextil.es\/en\/product\/caja-de-presentacion-para-botella-stamina-flesy-1043\/","title":{"rendered":"Caja de Presentaci\u00f3n para Botella Stamina Flesy 1043"},"content":{"rendered":"<p>La caja de presentaci\u00f3n dise\u00f1ada para botellas es una excelente opci\u00f3n para empaquetar y exhibir tus botellas de forma segura y atractiva. Est\u00e1 fabricada en cart\u00f3n reciclado corrugado, lo que la convierte en una alternativa sostenible y respetuosa con el medio ambiente aport\u00e1ndole un aspecto r\u00fastico y natural, brindando una presentaci\u00f3n elegante y original.<\/p>\n<p>Las medidas de la caja son 8\u00d726,7\u00d78 cm, lo que la hace adecuada para acomodar botellas est\u00e1ndar de diferentes tama\u00f1os. La estructura corrugada del cart\u00f3n proporciona resistencia y protecci\u00f3n adicional a las botellas, evitando posibles da\u00f1os durante el transporte o almacenamiento.<\/p>\n<p>Tambi\u00e9n puede ser personalizada con etiquetas o impresiones para agregar informaci\u00f3n de la marca o mensaje personalizado.<\/p>\n<p>Al estar fabricada en cart\u00f3n reciclado, la caja de presentaci\u00f3n transmite un mensaje de sostenibilidad y conciencia ecol\u00f3gica. Es una opci\u00f3n ideal para aquellos que buscan reducir su impacto ambiental y promover el uso de materiales reciclados.<\/p>","protected":false},"excerpt":{"rendered":"<p>La caja de presentaci\u00f3n dise\u00f1ada para botellas es una excelente opci\u00f3n para empaquetar y exhibir tus botellas de forma segura y atractiva. Est\u00e1 fabricada en cart\u00f3n reciclado corrugado, lo que la convierte en una alternativa sostenible y respetuosa con el medio ambiente aport\u00e1ndole un aspecto r\u00fastico y natural, brindando una presentaci\u00f3n elegante y original.<\/p>\n<p>Las medidas de la caja son 8\u00d726,7\u00d78 cm, lo que la hace adecuada para acomodar botellas est\u00e1ndar de diferentes tama\u00f1os. La estructura corrugada del cart\u00f3n proporciona resistencia y protecci\u00f3n adicional a las botellas, evitando posibles da\u00f1os durante el transporte o almacenamiento.<\/p>\n<p>Tambi\u00e9n puede ser personalizada con etiquetas o impresiones para agregar informaci\u00f3n de la marca o mensaje personalizado.<\/p>\n<p>Al estar fabricada en cart\u00f3n reciclado, la caja de presentaci\u00f3n transmite un mensaje de sostenibilidad y conciencia ecol\u00f3gica. Es una opci\u00f3n ideal para aquellos que buscan reducir su impacto ambiental y promover el uso de materiales reciclados.<\/p>","protected":false},"featured_media":216373,"comment_status":"open","ping_status":"closed","template":"","meta":{"_acf_changed":false},"product_brand":[14012],"product_cat":[9841],"product_tag":[],"class_list":{"0":"post-216372","1":"product","2":"type-product","3":"status-publish","4":"has-post-thumbnail","6":"product_brand-stamina","7":"product_cat-sostenible","8":"tm-no-options","10":"first","11":"instock","12":"taxable","13":"shipping-taxable","14":"product-type-variable"},"acf":[],"_links":{"self":[{"href":"https:\/\/grupotextil.es\/en\/wp-json\/wp\/v2\/product\/216372","targetHints":{"allow":["GET"]}}],"collection":[{"href":"https:\/\/grupotextil.es\/en\/wp-json\/wp\/v2\/product"}],"about":[{"href":"https:\/\/grupotextil.es\/en\/wp-json\/wp\/v2\/types\/product"}],"replies":[{"embeddable":true,"href":"https:\/\/grupotextil.es\/en\/wp-json\/wp\/v2\/comments?post=216372"}],"wp:featuredmedia":[{"embeddable":true,"href":"https:\/\/grupotextil.es\/en\/wp-json\/wp\/v2\/media\/216373"}],"wp:attachment":[{"href":"https:\/\/grupotextil.es\/en\/wp-json\/wp\/v2\/media?parent=216372"}],"wp:term":[{"taxonomy":"product_brand","embeddable":true,"href":"https:\/\/grupotextil.es\/en\/wp-json\/wp\/v2\/product_brand?post=216372"},{"taxonomy":"product_cat","embeddable":true,"href":"https:\/\/grupotextil.es\/en\/wp-json\/wp\/v2\/product_cat?post=216372"},{"taxonomy":"product_tag","embeddable":true,"href":"https:\/\/grupotextil.es\/en\/wp-json\/wp\/v2\/product_tag?post=216372"}],"curies":[{"name":"wp","href":"https:\/\/api.w.org\/{rel}","templated":true}]}}