{"id":216378,"date":"2026-03-04T03:27:52","date_gmt":"2026-03-04T02:27:52","guid":{"rendered":"https:\/\/grupotextil.es\/producto\/caja-de-presentacion-para-regalo-zander-1044\/"},"modified":"2026-03-04T06:15:19","modified_gmt":"2026-03-04T05:15:19","slug":"caja-de-presentacion-para-regalo-zander-1044","status":"publish","type":"product","link":"https:\/\/grupotextil.es\/en\/product\/caja-de-presentacion-para-regalo-zander-1044\/","title":{"rendered":"Caja de Presentaci\u00f3n para Regalo Zander 1044"},"content":{"rendered":"<p>La caja de presentaci\u00f3n dise\u00f1ada para regalos es una opci\u00f3n ideal para empaquetar y presentar tus obsequios de manera atractiva y sostenible. Est\u00e1 fabricada en cart\u00f3n reciclado corrugado, lo que la convierte en una elecci\u00f3n respetuosa con el medio ambiente.<\/p>\n<p>Las medidas de la caja son 16\u00d78,5\u00d715 cm, lo que la hace adecuada para acomodar una variedad de regalos, como peque\u00f1os objetos, productos artesanales, joyas, entre otros. La estructura corrugada del cart\u00f3n proporciona resistencia y protecci\u00f3n adicional a los contenidos, asegurando que lleguen en \u00f3ptimas condiciones.<\/p>\n<p>La caja de presentaci\u00f3n cuenta con un dise\u00f1o pr\u00e1ctico y vers\u00e1til, con solapas y pesta\u00f1as que se pliegan y encajan de forma segura para mantener los regalos en su lugar. Adem\u00e1s, su acabado en cart\u00f3n reciclado corrugado le otorga un aspecto r\u00fastico y natural, brindando una presentaci\u00f3n \u00fanica y original.<\/p>\n<p>El montaje de la caja es sencillo y r\u00e1pido, lo que facilita su utilizaci\u00f3n. Puedes personalizarla agregando lazos, etiquetas o incluso pint\u00e1ndola para adaptarla al estilo y tem\u00e1tica de tu regalo. Adem\u00e1s, al estar fabricada en cart\u00f3n reciclado, demuestra tu compromiso con el medio ambiente y fomenta pr\u00e1cticas sostenibles.<\/p>","protected":false},"excerpt":{"rendered":"<p>La caja de presentaci\u00f3n dise\u00f1ada para regalos es una opci\u00f3n ideal para empaquetar y presentar tus obsequios de manera atractiva y sostenible. Est\u00e1 fabricada en cart\u00f3n reciclado corrugado, lo que la convierte en una elecci\u00f3n respetuosa con el medio ambiente.<\/p>\n<p>Las medidas de la caja son 16\u00d78,5\u00d715 cm, lo que la hace adecuada para acomodar una variedad de regalos, como peque\u00f1os objetos, productos artesanales, joyas, entre otros. La estructura corrugada del cart\u00f3n proporciona resistencia y protecci\u00f3n adicional a los contenidos, asegurando que lleguen en \u00f3ptimas condiciones.<\/p>\n<p>La caja de presentaci\u00f3n cuenta con un dise\u00f1o pr\u00e1ctico y vers\u00e1til, con solapas y pesta\u00f1as que se pliegan y encajan de forma segura para mantener los regalos en su lugar. Adem\u00e1s, su acabado en cart\u00f3n reciclado corrugado le otorga un aspecto r\u00fastico y natural, brindando una presentaci\u00f3n \u00fanica y original.<\/p>\n<p>El montaje de la caja es sencillo y r\u00e1pido, lo que facilita su utilizaci\u00f3n. Puedes personalizarla agregando lazos, etiquetas o incluso pint\u00e1ndola para adaptarla al estilo y tem\u00e1tica de tu regalo. Adem\u00e1s, al estar fabricada en cart\u00f3n reciclado, demuestra tu compromiso con el medio ambiente y fomenta pr\u00e1cticas sostenibles.<\/p>","protected":false},"featured_media":216379,"comment_status":"open","ping_status":"closed","template":"","meta":{"_acf_changed":false},"product_brand":[14012],"product_cat":[9841],"product_tag":[],"class_list":{"0":"post-216378","1":"product","2":"type-product","3":"status-publish","4":"has-post-thumbnail","6":"product_brand-stamina","7":"product_cat-sostenible","8":"tm-no-options","10":"first","11":"instock","12":"taxable","13":"shipping-taxable","14":"product-type-variable"},"acf":[],"_links":{"self":[{"href":"https:\/\/grupotextil.es\/en\/wp-json\/wp\/v2\/product\/216378","targetHints":{"allow":["GET"]}}],"collection":[{"href":"https:\/\/grupotextil.es\/en\/wp-json\/wp\/v2\/product"}],"about":[{"href":"https:\/\/grupotextil.es\/en\/wp-json\/wp\/v2\/types\/product"}],"replies":[{"embeddable":true,"href":"https:\/\/grupotextil.es\/en\/wp-json\/wp\/v2\/comments?post=216378"}],"wp:featuredmedia":[{"embeddable":true,"href":"https:\/\/grupotextil.es\/en\/wp-json\/wp\/v2\/media\/216379"}],"wp:attachment":[{"href":"https:\/\/grupotextil.es\/en\/wp-json\/wp\/v2\/media?parent=216378"}],"wp:term":[{"taxonomy":"product_brand","embeddable":true,"href":"https:\/\/grupotextil.es\/en\/wp-json\/wp\/v2\/product_brand?post=216378"},{"taxonomy":"product_cat","embeddable":true,"href":"https:\/\/grupotextil.es\/en\/wp-json\/wp\/v2\/product_cat?post=216378"},{"taxonomy":"product_tag","embeddable":true,"href":"https:\/\/grupotextil.es\/en\/wp-json\/wp\/v2\/product_tag?post=216378"}],"curies":[{"name":"wp","href":"https:\/\/api.w.org\/{rel}","templated":true}]}}