{"id":216385,"date":"2026-03-04T03:28:00","date_gmt":"2026-03-04T02:28:00","guid":{"rendered":"https:\/\/grupotextil.es\/producto\/caja-de-presentacion-para-regalo-dora-1045\/"},"modified":"2026-03-04T06:15:19","modified_gmt":"2026-03-04T05:15:19","slug":"caja-de-presentacion-para-regalo-dora-1045","status":"publish","type":"product","link":"https:\/\/grupotextil.es\/en\/product\/caja-de-presentacion-para-regalo-dora-1045\/","title":{"rendered":"Caja de Presentaci\u00f3n para Regalo Dora 1045"},"content":{"rendered":"<p>La caja de presentaci\u00f3n dise\u00f1ada para regalos con medidas 26,5x9x30 cm es una opci\u00f3n ideal para empaquetar y presentar regalos de mayor tama\u00f1o. Est\u00e1 fabricada en cart\u00f3n reciclado corrugado, lo que la convierte en una elecci\u00f3n sostenible y respetuosa con el medio ambiente.<\/p>\n<p>El cart\u00f3n reciclado corrugado proporciona resistencia y durabilidad, asegurando que tus regalos est\u00e9n protegidos durante el transporte y la manipulaci\u00f3n. Adem\u00e1s, su dise\u00f1o corrugado le da una apariencia r\u00fastica y natural, a\u00f1adiendo un toque especial a la presentaci\u00f3n.<\/p>\n<p>Esto facilita el montaje y desmontaje de la caja, permitiendo un uso pr\u00e1ctico y conveniente.<\/p>\n<p>Al estar fabricada en cart\u00f3n reciclado, esta caja demuestra tu compromiso con la sostenibilidad y el cuidado del medio ambiente. Puedes personalizarla agregando lazos, etiquetas o decoraciones seg\u00fan tu estilo y el tipo de regalo que deseas presentar.<\/p>","protected":false},"excerpt":{"rendered":"<p>La caja de presentaci\u00f3n dise\u00f1ada para regalos con medidas 26,5x9x30 cm es una opci\u00f3n ideal para empaquetar y presentar regalos de mayor tama\u00f1o. Est\u00e1 fabricada en cart\u00f3n reciclado corrugado, lo que la convierte en una elecci\u00f3n sostenible y respetuosa con el medio ambiente.<\/p>\n<p>El cart\u00f3n reciclado corrugado proporciona resistencia y durabilidad, asegurando que tus regalos est\u00e9n protegidos durante el transporte y la manipulaci\u00f3n. Adem\u00e1s, su dise\u00f1o corrugado le da una apariencia r\u00fastica y natural, a\u00f1adiendo un toque especial a la presentaci\u00f3n.<\/p>\n<p>Esto facilita el montaje y desmontaje de la caja, permitiendo un uso pr\u00e1ctico y conveniente.<\/p>\n<p>Al estar fabricada en cart\u00f3n reciclado, esta caja demuestra tu compromiso con la sostenibilidad y el cuidado del medio ambiente. Puedes personalizarla agregando lazos, etiquetas o decoraciones seg\u00fan tu estilo y el tipo de regalo que deseas presentar.<\/p>","protected":false},"featured_media":216386,"comment_status":"open","ping_status":"closed","template":"","meta":{"_acf_changed":false},"product_brand":[14012],"product_cat":[9841],"product_tag":[],"class_list":{"0":"post-216385","1":"product","2":"type-product","3":"status-publish","4":"has-post-thumbnail","6":"product_brand-stamina","7":"product_cat-sostenible","8":"tm-no-options","10":"first","11":"instock","12":"taxable","13":"shipping-taxable","14":"product-type-variable"},"acf":[],"_links":{"self":[{"href":"https:\/\/grupotextil.es\/en\/wp-json\/wp\/v2\/product\/216385","targetHints":{"allow":["GET"]}}],"collection":[{"href":"https:\/\/grupotextil.es\/en\/wp-json\/wp\/v2\/product"}],"about":[{"href":"https:\/\/grupotextil.es\/en\/wp-json\/wp\/v2\/types\/product"}],"replies":[{"embeddable":true,"href":"https:\/\/grupotextil.es\/en\/wp-json\/wp\/v2\/comments?post=216385"}],"wp:featuredmedia":[{"embeddable":true,"href":"https:\/\/grupotextil.es\/en\/wp-json\/wp\/v2\/media\/216386"}],"wp:attachment":[{"href":"https:\/\/grupotextil.es\/en\/wp-json\/wp\/v2\/media?parent=216385"}],"wp:term":[{"taxonomy":"product_brand","embeddable":true,"href":"https:\/\/grupotextil.es\/en\/wp-json\/wp\/v2\/product_brand?post=216385"},{"taxonomy":"product_cat","embeddable":true,"href":"https:\/\/grupotextil.es\/en\/wp-json\/wp\/v2\/product_cat?post=216385"},{"taxonomy":"product_tag","embeddable":true,"href":"https:\/\/grupotextil.es\/en\/wp-json\/wp\/v2\/product_tag?post=216385"}],"curies":[{"name":"wp","href":"https:\/\/api.w.org\/{rel}","templated":true}]}}