{"id":216398,"date":"2026-03-04T03:28:16","date_gmt":"2026-03-04T02:28:16","guid":{"rendered":"https:\/\/grupotextil.es\/producto\/nevera-stamina-sotek-1165\/"},"modified":"2026-03-04T06:15:19","modified_gmt":"2026-03-04T05:15:19","slug":"nevera-stamina-sotek-1165","status":"publish","type":"product","link":"https:\/\/grupotextil.es\/en\/product\/nevera-stamina-sotek-1165\/","title":{"rendered":"Nevera Stamina Sotek 1165"},"content":{"rendered":"<p>La nevera de poli\u00e9ster reciclado RPET 600D con dise\u00f1o vigor\u00e9 es la compa\u00f1era perfecta para mantener tus alimentos y bebidas frescos en tus aventuras al aire libre. Confeccionada con materiales sostenibles, esta nevera es una opci\u00f3n ecoamigable y consciente del medio ambiente.<br \/>\nCuenta con un bolsillo exterior adicional que te permite almacenar objetos peque\u00f1os como servilletas, utensilios u otros accesorios de picnic. El interior est\u00e1 equipado con un revestimiento isot\u00e9rmico para mantener la temperatura ideal de tus alimentos y bebidas, garantizando su frescura durante m\u00e1s tiempo.<br \/>\nLa nevera incluye un pr\u00e1ctico asa de transporte, lo que facilita su transporte y te brinda comodidad en tus desplazamientos. Ya sea para un d\u00eda en la playa, un picnic en el parque o un viaje de camping, esta nevera es el accesorio perfecto para mantener tus alimentos frescos y disfrutar de tus actividades al aire libre.<br \/>\nAdem\u00e1s de ser funcional, la nevera de poli\u00e9ster reciclado RPET con dise\u00f1o vigor\u00e9 tiene un aspecto moderno y atractivo, lo que la convierte en un accesorio estiloso y vers\u00e1til. Haz tu elecci\u00f3n consciente con esta nevera sostenible y disfruta de tus momentos al aire libre con total frescura.<\/p>","protected":false},"excerpt":{"rendered":"<p>La nevera de poli\u00e9ster reciclado RPET 600D con dise\u00f1o vigor\u00e9 es la compa\u00f1era perfecta para mantener tus alimentos y bebidas frescos en tus aventuras al aire libre. Confeccionada con materiales sostenibles, esta nevera es una opci\u00f3n ecoamigable y consciente del medio ambiente.<br \/>\nCuenta con un bolsillo exterior adicional que te permite almacenar objetos peque\u00f1os como servilletas, utensilios u otros accesorios de picnic. El interior est\u00e1 equipado con un revestimiento isot\u00e9rmico para mantener la temperatura ideal de tus alimentos y bebidas, garantizando su frescura durante m\u00e1s tiempo.<br \/>\nLa nevera incluye un pr\u00e1ctico asa de transporte, lo que facilita su transporte y te brinda comodidad en tus desplazamientos. Ya sea para un d\u00eda en la playa, un picnic en el parque o un viaje de camping, esta nevera es el accesorio perfecto para mantener tus alimentos frescos y disfrutar de tus actividades al aire libre.<br \/>\nAdem\u00e1s de ser funcional, la nevera de poli\u00e9ster reciclado RPET con dise\u00f1o vigor\u00e9 tiene un aspecto moderno y atractivo, lo que la convierte en un accesorio estiloso y vers\u00e1til. Haz tu elecci\u00f3n consciente con esta nevera sostenible y disfruta de tus momentos al aire libre con total frescura.<\/p>","protected":false},"featured_media":216399,"comment_status":"open","ping_status":"closed","template":"","meta":{"_acf_changed":false},"product_brand":[14012],"product_cat":[13948,14008,9841],"product_tag":[],"class_list":{"0":"post-216398","1":"product","2":"type-product","3":"status-publish","4":"has-post-thumbnail","6":"product_brand-stamina","7":"product_cat-accesorios","8":"product_cat-accesorios-reciclados","9":"product_cat-sostenible","10":"tm-no-options","12":"first","13":"instock","14":"taxable","15":"shipping-taxable","16":"product-type-variable"},"acf":[],"_links":{"self":[{"href":"https:\/\/grupotextil.es\/en\/wp-json\/wp\/v2\/product\/216398","targetHints":{"allow":["GET"]}}],"collection":[{"href":"https:\/\/grupotextil.es\/en\/wp-json\/wp\/v2\/product"}],"about":[{"href":"https:\/\/grupotextil.es\/en\/wp-json\/wp\/v2\/types\/product"}],"replies":[{"embeddable":true,"href":"https:\/\/grupotextil.es\/en\/wp-json\/wp\/v2\/comments?post=216398"}],"wp:featuredmedia":[{"embeddable":true,"href":"https:\/\/grupotextil.es\/en\/wp-json\/wp\/v2\/media\/216399"}],"wp:attachment":[{"href":"https:\/\/grupotextil.es\/en\/wp-json\/wp\/v2\/media?parent=216398"}],"wp:term":[{"taxonomy":"product_brand","embeddable":true,"href":"https:\/\/grupotextil.es\/en\/wp-json\/wp\/v2\/product_brand?post=216398"},{"taxonomy":"product_cat","embeddable":true,"href":"https:\/\/grupotextil.es\/en\/wp-json\/wp\/v2\/product_cat?post=216398"},{"taxonomy":"product_tag","embeddable":true,"href":"https:\/\/grupotextil.es\/en\/wp-json\/wp\/v2\/product_tag?post=216398"}],"curies":[{"name":"wp","href":"https:\/\/api.w.org\/{rel}","templated":true}]}}