{"id":216409,"date":"2026-03-04T03:28:30","date_gmt":"2026-03-04T02:28:30","guid":{"rendered":"https:\/\/grupotextil.es\/producto\/nevera-stamina-kunes-1194\/"},"modified":"2026-03-04T06:15:19","modified_gmt":"2026-03-04T05:15:19","slug":"nevera-stamina-kunes-1194","status":"publish","type":"product","link":"https:\/\/grupotextil.es\/en\/product\/nevera-stamina-kunes-1194\/","title":{"rendered":"Nevera Stamina Kunes 1194"},"content":{"rendered":"<p>La nevera multiusos elaborada con RPET 600D es la soluci\u00f3n perfecta para mantener tus alimentos y bebidas frescos mientras te desplazas. Fabricada con RPET, un material reciclado de alta calidad, esta nevera demuestra tu compromiso con el cuidado del medio ambiente.<br \/>\nCon sus compartimentos interiores isot\u00e9rmicos, podr\u00e1s mantener tus alimentos a la temperatura adecuada durante m\u00e1s tiempo. Ya sea que necesites mantener tus bebidas fr\u00edas en un d\u00eda caluroso o transportar alimentos frescos, esta nevera asegura que todo se mantenga fresco y listo para disfrutar.<br \/>\nLos pr\u00e1cticos bolsillos exteriores brindan espacio adicional para guardar tus objetos personales, como utensilios, servilletas o peque\u00f1os snacks. As\u00ed, tendr\u00e1s todo lo que necesitas al alcance de tu mano.<br \/>\nLa cinta bandolera acolchada ajustable con mosquet\u00f3n te brinda comodidad y versatilidad al transportar la nevera. Puedes llevarla c\u00f3modamente en el hombro o colgarla de tu mochila o bolso, seg\u00fan tus necesidades.<br \/>\nEsta nevera multiusos es ideal para llevar contigo en picnics, excursiones, viajes o simplemente para tu d\u00eda a d\u00eda. Su dise\u00f1o funcional, combinado con el uso de RPET, la convierte en una opci\u00f3n eco-amigable y duradera.<br \/>\nYa sea que necesites mantener tus alimentos frescos durante un d\u00eda de aventuras o simplemente llevar tu almuerzo al trabajo, esta nevera multiusos te ofrece una soluci\u00f3n pr\u00e1ctica y consciente del medio ambiente.<\/p>","protected":false},"excerpt":{"rendered":"<p>La nevera multiusos elaborada con RPET 600D es la soluci\u00f3n perfecta para mantener tus alimentos y bebidas frescos mientras te desplazas. Fabricada con RPET, un material reciclado de alta calidad, esta nevera demuestra tu compromiso con el cuidado del medio ambiente.<br \/>\nCon sus compartimentos interiores isot\u00e9rmicos, podr\u00e1s mantener tus alimentos a la temperatura adecuada durante m\u00e1s tiempo. Ya sea que necesites mantener tus bebidas fr\u00edas en un d\u00eda caluroso o transportar alimentos frescos, esta nevera asegura que todo se mantenga fresco y listo para disfrutar.<br \/>\nLos pr\u00e1cticos bolsillos exteriores brindan espacio adicional para guardar tus objetos personales, como utensilios, servilletas o peque\u00f1os snacks. As\u00ed, tendr\u00e1s todo lo que necesitas al alcance de tu mano.<br \/>\nLa cinta bandolera acolchada ajustable con mosquet\u00f3n te brinda comodidad y versatilidad al transportar la nevera. Puedes llevarla c\u00f3modamente en el hombro o colgarla de tu mochila o bolso, seg\u00fan tus necesidades.<br \/>\nEsta nevera multiusos es ideal para llevar contigo en picnics, excursiones, viajes o simplemente para tu d\u00eda a d\u00eda. Su dise\u00f1o funcional, combinado con el uso de RPET, la convierte en una opci\u00f3n eco-amigable y duradera.<br \/>\nYa sea que necesites mantener tus alimentos frescos durante un d\u00eda de aventuras o simplemente llevar tu almuerzo al trabajo, esta nevera multiusos te ofrece una soluci\u00f3n pr\u00e1ctica y consciente del medio ambiente.<\/p>","protected":false},"featured_media":216410,"comment_status":"open","ping_status":"closed","template":"","meta":{"_acf_changed":false},"product_brand":[14012],"product_cat":[13961,13954,14006],"product_tag":[],"class_list":{"0":"post-216409","1":"product","2":"type-product","3":"status-publish","4":"has-post-thumbnail","6":"product_brand-stamina","7":"product_cat-mr-articulos-de-playa","8":"product_cat-acc-bolsas-y-mochilas","9":"product_cat-acc-merchandising","10":"tm-no-options","12":"first","13":"instock","14":"taxable","15":"shipping-taxable","16":"product-type-variable"},"acf":[],"_links":{"self":[{"href":"https:\/\/grupotextil.es\/en\/wp-json\/wp\/v2\/product\/216409","targetHints":{"allow":["GET"]}}],"collection":[{"href":"https:\/\/grupotextil.es\/en\/wp-json\/wp\/v2\/product"}],"about":[{"href":"https:\/\/grupotextil.es\/en\/wp-json\/wp\/v2\/types\/product"}],"replies":[{"embeddable":true,"href":"https:\/\/grupotextil.es\/en\/wp-json\/wp\/v2\/comments?post=216409"}],"wp:featuredmedia":[{"embeddable":true,"href":"https:\/\/grupotextil.es\/en\/wp-json\/wp\/v2\/media\/216410"}],"wp:attachment":[{"href":"https:\/\/grupotextil.es\/en\/wp-json\/wp\/v2\/media?parent=216409"}],"wp:term":[{"taxonomy":"product_brand","embeddable":true,"href":"https:\/\/grupotextil.es\/en\/wp-json\/wp\/v2\/product_brand?post=216409"},{"taxonomy":"product_cat","embeddable":true,"href":"https:\/\/grupotextil.es\/en\/wp-json\/wp\/v2\/product_cat?post=216409"},{"taxonomy":"product_tag","embeddable":true,"href":"https:\/\/grupotextil.es\/en\/wp-json\/wp\/v2\/product_tag?post=216409"}],"curies":[{"name":"wp","href":"https:\/\/api.w.org\/{rel}","templated":true}]}}