{"id":216417,"date":"2026-03-04T03:28:43","date_gmt":"2026-03-04T02:28:43","guid":{"rendered":"https:\/\/grupotextil.es\/producto\/tabla-de-cortar-stamina-castel-1142\/"},"modified":"2026-03-04T06:15:19","modified_gmt":"2026-03-04T05:15:19","slug":"tabla-de-cortar-stamina-castel-1142","status":"publish","type":"product","link":"https:\/\/grupotextil.es\/en\/product\/tabla-de-cortar-stamina-castel-1142\/","title":{"rendered":"Tabla de Cortar Stamina Castel 1142"},"content":{"rendered":"<p>La tabla de cortar de bamb\u00fa y pizarra es una herramienta vers\u00e1til y funcional para la cocina. Su dise\u00f1o combina la belleza y durabilidad del bamb\u00fa con la practicidad de la pizarra, ofreciendo un utensilio ideal para cortar y presentar alimentos.<br \/>\nEl cuerpo de la tabla est\u00e1 elaborado en bamb\u00fa, un material resistente y sostenible que proporciona una superficie de corte robusta y segura. El bamb\u00fa es conocido por su resistencia natural a la humedad y las bacterias, lo que la convierte en una opci\u00f3n higi\u00e9nica y duradera para la preparaci\u00f3n de alimentos.<br \/>\nLa pizarra incorporada en la tabla permite dar presencia a los productos que se presente. Adem\u00e1s, cuenta con un mango ergon\u00f3mico que facilita su manejo y transporte. La cuerda incluida permite colgar la tabla cuando no se est\u00e1 utilizando, ahorrando espacio y manteni\u00e9ndola al alcance de la mano.<br \/>\nEsta tabla de cortar es ideal tanto para uso dom\u00e9stico como para regalar, ya que combina funcionalidad y estilo en un \u00fanico utensilio de cocina.<\/p>","protected":false},"excerpt":{"rendered":"<p>La tabla de cortar de bamb\u00fa y pizarra es una herramienta vers\u00e1til y funcional para la cocina. Su dise\u00f1o combina la belleza y durabilidad del bamb\u00fa con la practicidad de la pizarra, ofreciendo un utensilio ideal para cortar y presentar alimentos.<br \/>\nEl cuerpo de la tabla est\u00e1 elaborado en bamb\u00fa, un material resistente y sostenible que proporciona una superficie de corte robusta y segura. El bamb\u00fa es conocido por su resistencia natural a la humedad y las bacterias, lo que la convierte en una opci\u00f3n higi\u00e9nica y duradera para la preparaci\u00f3n de alimentos.<br \/>\nLa pizarra incorporada en la tabla permite dar presencia a los productos que se presente. Adem\u00e1s, cuenta con un mango ergon\u00f3mico que facilita su manejo y transporte. La cuerda incluida permite colgar la tabla cuando no se est\u00e1 utilizando, ahorrando espacio y manteni\u00e9ndola al alcance de la mano.<br \/>\nEsta tabla de cortar es ideal tanto para uso dom\u00e9stico como para regalar, ya que combina funcionalidad y estilo en un \u00fanico utensilio de cocina.<\/p>","protected":false},"featured_media":216418,"comment_status":"open","ping_status":"closed","template":"","meta":{"_acf_changed":false},"product_brand":[14012],"product_cat":[14006,13971],"product_tag":[],"class_list":{"0":"post-216417","1":"product","2":"type-product","3":"status-publish","4":"has-post-thumbnail","6":"product_brand-stamina","7":"product_cat-acc-merchandising","8":"product_cat-mr-tazas","9":"tm-no-options","11":"first","12":"instock","13":"taxable","14":"shipping-taxable","15":"product-type-variable"},"acf":[],"_links":{"self":[{"href":"https:\/\/grupotextil.es\/en\/wp-json\/wp\/v2\/product\/216417","targetHints":{"allow":["GET"]}}],"collection":[{"href":"https:\/\/grupotextil.es\/en\/wp-json\/wp\/v2\/product"}],"about":[{"href":"https:\/\/grupotextil.es\/en\/wp-json\/wp\/v2\/types\/product"}],"replies":[{"embeddable":true,"href":"https:\/\/grupotextil.es\/en\/wp-json\/wp\/v2\/comments?post=216417"}],"wp:featuredmedia":[{"embeddable":true,"href":"https:\/\/grupotextil.es\/en\/wp-json\/wp\/v2\/media\/216418"}],"wp:attachment":[{"href":"https:\/\/grupotextil.es\/en\/wp-json\/wp\/v2\/media?parent=216417"}],"wp:term":[{"taxonomy":"product_brand","embeddable":true,"href":"https:\/\/grupotextil.es\/en\/wp-json\/wp\/v2\/product_brand?post=216417"},{"taxonomy":"product_cat","embeddable":true,"href":"https:\/\/grupotextil.es\/en\/wp-json\/wp\/v2\/product_cat?post=216417"},{"taxonomy":"product_tag","embeddable":true,"href":"https:\/\/grupotextil.es\/en\/wp-json\/wp\/v2\/product_tag?post=216417"}],"curies":[{"name":"wp","href":"https:\/\/api.w.org\/{rel}","templated":true}]}}