{"id":216423,"date":"2026-03-04T03:28:50","date_gmt":"2026-03-04T02:28:50","guid":{"rendered":"https:\/\/grupotextil.es\/producto\/tabla-de-cortar-stamina-landa-1144\/"},"modified":"2026-03-04T06:15:19","modified_gmt":"2026-03-04T05:15:19","slug":"tabla-de-cortar-stamina-landa-1144","status":"publish","type":"product","link":"https:\/\/grupotextil.es\/en\/product\/tabla-de-cortar-stamina-landa-1144\/","title":{"rendered":"Tabla de Cortar Stamina Landa 1144"},"content":{"rendered":"<p>La tabla de cortar de bamb\u00fa con pizarra es una opci\u00f3n elegante y funcional para tu cocina. Elaborada con bamb\u00fa, un material duradero y sostenible, esta tabla ofrece una superficie resistente y segura para cortar tus alimentos.<\/p>\n<p>Su dise\u00f1o rectangular con esquinas redondeadas proporciona una amplia \u00e1rea de trabajo, mientras que la pizarra incorporada da un dise\u00f1o mas gastron\u00f3mico a la presentaci\u00f3n de tus productos. El mango integrado facilita el manejo y el transporte de la tabla, brind\u00e1ndote comodidad en cada uso.<\/p>\n<p>Esta tabla de cortar es ideal tanto para uso dom\u00e9stico como para regalar, ya que combina funcionalidad y estilo en un \u00fanico utensilio de cocina.<br \/>\nPara prolongar la vida \u00fatil de la tabla, se recomienda lavarla a mano y secarla completamente despu\u00e9s de cada uso.<\/p>","protected":false},"excerpt":{"rendered":"<p>La tabla de cortar de bamb\u00fa con pizarra es una opci\u00f3n elegante y funcional para tu cocina. Elaborada con bamb\u00fa, un material duradero y sostenible, esta tabla ofrece una superficie resistente y segura para cortar tus alimentos.<\/p>\n<p>Su dise\u00f1o rectangular con esquinas redondeadas proporciona una amplia \u00e1rea de trabajo, mientras que la pizarra incorporada da un dise\u00f1o mas gastron\u00f3mico a la presentaci\u00f3n de tus productos. El mango integrado facilita el manejo y el transporte de la tabla, brind\u00e1ndote comodidad en cada uso.<\/p>\n<p>Esta tabla de cortar es ideal tanto para uso dom\u00e9stico como para regalar, ya que combina funcionalidad y estilo en un \u00fanico utensilio de cocina.<br \/>\nPara prolongar la vida \u00fatil de la tabla, se recomienda lavarla a mano y secarla completamente despu\u00e9s de cada uso.<\/p>","protected":false},"featured_media":216424,"comment_status":"open","ping_status":"closed","template":"","meta":{"_acf_changed":false},"product_brand":[14012],"product_cat":[14006,13971],"product_tag":[],"class_list":{"0":"post-216423","1":"product","2":"type-product","3":"status-publish","4":"has-post-thumbnail","6":"product_brand-stamina","7":"product_cat-acc-merchandising","8":"product_cat-mr-tazas","9":"tm-no-options","11":"first","12":"instock","13":"taxable","14":"shipping-taxable","15":"product-type-variable"},"acf":[],"_links":{"self":[{"href":"https:\/\/grupotextil.es\/en\/wp-json\/wp\/v2\/product\/216423","targetHints":{"allow":["GET"]}}],"collection":[{"href":"https:\/\/grupotextil.es\/en\/wp-json\/wp\/v2\/product"}],"about":[{"href":"https:\/\/grupotextil.es\/en\/wp-json\/wp\/v2\/types\/product"}],"replies":[{"embeddable":true,"href":"https:\/\/grupotextil.es\/en\/wp-json\/wp\/v2\/comments?post=216423"}],"wp:featuredmedia":[{"embeddable":true,"href":"https:\/\/grupotextil.es\/en\/wp-json\/wp\/v2\/media\/216424"}],"wp:attachment":[{"href":"https:\/\/grupotextil.es\/en\/wp-json\/wp\/v2\/media?parent=216423"}],"wp:term":[{"taxonomy":"product_brand","embeddable":true,"href":"https:\/\/grupotextil.es\/en\/wp-json\/wp\/v2\/product_brand?post=216423"},{"taxonomy":"product_cat","embeddable":true,"href":"https:\/\/grupotextil.es\/en\/wp-json\/wp\/v2\/product_cat?post=216423"},{"taxonomy":"product_tag","embeddable":true,"href":"https:\/\/grupotextil.es\/en\/wp-json\/wp\/v2\/product_tag?post=216423"}],"curies":[{"name":"wp","href":"https:\/\/api.w.org\/{rel}","templated":true}]}}