{"id":216429,"date":"2026-03-04T03:28:57","date_gmt":"2026-03-04T02:28:57","guid":{"rendered":"https:\/\/grupotextil.es\/producto\/multiherramienta-de-acero-inoxidable-stamina-roman-1191\/"},"modified":"2026-03-04T06:15:19","modified_gmt":"2026-03-04T05:15:19","slug":"multiherramienta-de-acero-inoxidable-stamina-roman-1191","status":"publish","type":"product","link":"https:\/\/grupotextil.es\/en\/product\/multiherramienta-de-acero-inoxidable-stamina-roman-1191\/","title":{"rendered":"Multiherramienta de Acero Inoxidable Stamina Roman 1191"},"content":{"rendered":"<p>La multiherramienta con accesorios de acero inoxidable y empu\u00f1adura de corcho es una herramienta vers\u00e1til y pr\u00e1ctica con m\u00faltiples funciones. Con sus 7 herramientas diferentes, te permite realizar diversas tareas tanto en tu hogar como al aire libre.<\/p>\n<p>Esta multiherramienta incluye una navaja afilada de acero inoxidable para cortar con precisi\u00f3n, tijeras para trabajos de precisi\u00f3n, un destornillador para apretar o aflojar tornillos, un abrelatas para abrir latas, un sacacorchos para disfrutar de tus bebidas favoritas, y otras funciones adicionales. La multiherramienta tambi\u00e9n incluye una cinta para transporte en polipiel, lo que te permite llevarla c\u00f3modamente contigo.<\/p>\n<p>La empu\u00f1adura de corcho le da un aspecto \u00fanico y agradable al tacto, adem\u00e1s de ser una opci\u00f3n sostenible al utilizar un material natural y renovable.<\/p>\n<p>La presentaci\u00f3n en una caja dise\u00f1o eco resalta el enfoque sostenible de este producto. Al elegir esta multiherramienta con empu\u00f1adura de corcho y presentarla en una caja dise\u00f1o eco, se promueve la conciencia ambiental y la protecci\u00f3n de nuestros recursos naturales.<\/p>","protected":false},"excerpt":{"rendered":"<p>La multiherramienta con accesorios de acero inoxidable y empu\u00f1adura de corcho es una herramienta vers\u00e1til y pr\u00e1ctica con m\u00faltiples funciones. Con sus 7 herramientas diferentes, te permite realizar diversas tareas tanto en tu hogar como al aire libre.<\/p>\n<p>Esta multiherramienta incluye una navaja afilada de acero inoxidable para cortar con precisi\u00f3n, tijeras para trabajos de precisi\u00f3n, un destornillador para apretar o aflojar tornillos, un abrelatas para abrir latas, un sacacorchos para disfrutar de tus bebidas favoritas, y otras funciones adicionales. La multiherramienta tambi\u00e9n incluye una cinta para transporte en polipiel, lo que te permite llevarla c\u00f3modamente contigo.<\/p>\n<p>La empu\u00f1adura de corcho le da un aspecto \u00fanico y agradable al tacto, adem\u00e1s de ser una opci\u00f3n sostenible al utilizar un material natural y renovable.<\/p>\n<p>La presentaci\u00f3n en una caja dise\u00f1o eco resalta el enfoque sostenible de este producto. Al elegir esta multiherramienta con empu\u00f1adura de corcho y presentarla en una caja dise\u00f1o eco, se promueve la conciencia ambiental y la protecci\u00f3n de nuestros recursos naturales.<\/p>","protected":false},"featured_media":216430,"comment_status":"open","ping_status":"closed","template":"","meta":{"_acf_changed":false},"product_brand":[14012],"product_cat":[13960,14006],"product_tag":[],"class_list":{"0":"post-216429","1":"product","2":"type-product","3":"status-publish","4":"has-post-thumbnail","6":"product_brand-stamina","7":"product_cat-mr-llaveros","8":"product_cat-acc-merchandising","9":"tm-no-options","11":"first","12":"instock","13":"taxable","14":"shipping-taxable","15":"product-type-variable"},"acf":[],"_links":{"self":[{"href":"https:\/\/grupotextil.es\/en\/wp-json\/wp\/v2\/product\/216429","targetHints":{"allow":["GET"]}}],"collection":[{"href":"https:\/\/grupotextil.es\/en\/wp-json\/wp\/v2\/product"}],"about":[{"href":"https:\/\/grupotextil.es\/en\/wp-json\/wp\/v2\/types\/product"}],"replies":[{"embeddable":true,"href":"https:\/\/grupotextil.es\/en\/wp-json\/wp\/v2\/comments?post=216429"}],"wp:featuredmedia":[{"embeddable":true,"href":"https:\/\/grupotextil.es\/en\/wp-json\/wp\/v2\/media\/216430"}],"wp:attachment":[{"href":"https:\/\/grupotextil.es\/en\/wp-json\/wp\/v2\/media?parent=216429"}],"wp:term":[{"taxonomy":"product_brand","embeddable":true,"href":"https:\/\/grupotextil.es\/en\/wp-json\/wp\/v2\/product_brand?post=216429"},{"taxonomy":"product_cat","embeddable":true,"href":"https:\/\/grupotextil.es\/en\/wp-json\/wp\/v2\/product_cat?post=216429"},{"taxonomy":"product_tag","embeddable":true,"href":"https:\/\/grupotextil.es\/en\/wp-json\/wp\/v2\/product_tag?post=216429"}],"curies":[{"name":"wp","href":"https:\/\/api.w.org\/{rel}","templated":true}]}}