{"id":216436,"date":"2026-03-04T03:29:06","date_gmt":"2026-03-04T02:29:06","guid":{"rendered":"https:\/\/grupotextil.es\/producto\/tarjetero-stamina-timber-1146\/"},"modified":"2026-03-04T06:15:19","modified_gmt":"2026-03-04T05:15:19","slug":"tarjetero-stamina-timber-1146","status":"publish","type":"product","link":"https:\/\/grupotextil.es\/en\/product\/tarjetero-stamina-timber-1146\/","title":{"rendered":"Tarjetero Stamina Timber 1146"},"content":{"rendered":"<p>El tarjetero RFID de poli\u00e9ster reciclado RPET en dise\u00f1o vigor\u00e9 es una opci\u00f3n elegante y sostenible para mantener tus tarjetas organizadas. Fabricado con poli\u00e9ster reciclado RPET, este tarjetero contribuye a la reducci\u00f3n de residuos y al cuidado del medio ambiente.<\/p>\n<p>Con su dise\u00f1o vigor\u00e9, el tarjetero a\u00f1ade un toque moderno y sofisticado a tu estilo. Cuenta con tres compartimentos para tarjetas, que te permiten llevar contigo tus tarjetas de cr\u00e9dito, d\u00e9bito, identificaci\u00f3n y cualquier otra tarjeta que necesites tener a mano.<\/p>\n<p>Adem\u00e1s, el dise\u00f1o compacto y liviano del tarjetero lo hace perfecto para llevar en tu bolsillo o bolso sin ocupar demasiado espacio.<\/p>\n<p>Con este tarjetero de poli\u00e9ster reciclado RPET, puedes mantener tus tarjetas organizadas de manera pr\u00e1ctica y consciente con el medio ambiente. Elige una opci\u00f3n sostenible y estilizada con el tarjetero de poli\u00e9ster reciclado RPET en dise\u00f1o vigor\u00e9.<\/p>","protected":false},"excerpt":{"rendered":"<p>El tarjetero RFID de poli\u00e9ster reciclado RPET en dise\u00f1o vigor\u00e9 es una opci\u00f3n elegante y sostenible para mantener tus tarjetas organizadas. Fabricado con poli\u00e9ster reciclado RPET, este tarjetero contribuye a la reducci\u00f3n de residuos y al cuidado del medio ambiente.<\/p>\n<p>Con su dise\u00f1o vigor\u00e9, el tarjetero a\u00f1ade un toque moderno y sofisticado a tu estilo. Cuenta con tres compartimentos para tarjetas, que te permiten llevar contigo tus tarjetas de cr\u00e9dito, d\u00e9bito, identificaci\u00f3n y cualquier otra tarjeta que necesites tener a mano.<\/p>\n<p>Adem\u00e1s, el dise\u00f1o compacto y liviano del tarjetero lo hace perfecto para llevar en tu bolsillo o bolso sin ocupar demasiado espacio.<\/p>\n<p>Con este tarjetero de poli\u00e9ster reciclado RPET, puedes mantener tus tarjetas organizadas de manera pr\u00e1ctica y consciente con el medio ambiente. Elige una opci\u00f3n sostenible y estilizada con el tarjetero de poli\u00e9ster reciclado RPET en dise\u00f1o vigor\u00e9.<\/p>","protected":false},"featured_media":216437,"comment_status":"open","ping_status":"closed","template":"","meta":{"_acf_changed":false},"product_brand":[14012],"product_cat":[13948,14008,9841],"product_tag":[],"class_list":{"0":"post-216436","1":"product","2":"type-product","3":"status-publish","4":"has-post-thumbnail","6":"product_brand-stamina","7":"product_cat-accesorios","8":"product_cat-accesorios-reciclados","9":"product_cat-sostenible","10":"tm-no-options","12":"first","13":"instock","14":"taxable","15":"shipping-taxable","16":"product-type-variable"},"acf":[],"_links":{"self":[{"href":"https:\/\/grupotextil.es\/en\/wp-json\/wp\/v2\/product\/216436","targetHints":{"allow":["GET"]}}],"collection":[{"href":"https:\/\/grupotextil.es\/en\/wp-json\/wp\/v2\/product"}],"about":[{"href":"https:\/\/grupotextil.es\/en\/wp-json\/wp\/v2\/types\/product"}],"replies":[{"embeddable":true,"href":"https:\/\/grupotextil.es\/en\/wp-json\/wp\/v2\/comments?post=216436"}],"wp:featuredmedia":[{"embeddable":true,"href":"https:\/\/grupotextil.es\/en\/wp-json\/wp\/v2\/media\/216437"}],"wp:attachment":[{"href":"https:\/\/grupotextil.es\/en\/wp-json\/wp\/v2\/media?parent=216436"}],"wp:term":[{"taxonomy":"product_brand","embeddable":true,"href":"https:\/\/grupotextil.es\/en\/wp-json\/wp\/v2\/product_brand?post=216436"},{"taxonomy":"product_cat","embeddable":true,"href":"https:\/\/grupotextil.es\/en\/wp-json\/wp\/v2\/product_cat?post=216436"},{"taxonomy":"product_tag","embeddable":true,"href":"https:\/\/grupotextil.es\/en\/wp-json\/wp\/v2\/product_tag?post=216436"}],"curies":[{"name":"wp","href":"https:\/\/api.w.org\/{rel}","templated":true}]}}