{"id":216489,"date":"2026-03-04T03:29:56","date_gmt":"2026-03-04T02:29:56","guid":{"rendered":"https:\/\/grupotextil.es\/producto\/paraguas-stamina-nikol-1159\/"},"modified":"2026-03-04T06:15:20","modified_gmt":"2026-03-04T05:15:20","slug":"paraguas-stamina-nikol-1159","status":"publish","type":"product","link":"https:\/\/grupotextil.es\/en\/product\/paraguas-stamina-nikol-1159\/","title":{"rendered":"Paraguas Stamina Nikol 1159"},"content":{"rendered":"<p>Un paraguas realizado en RPET (poli\u00e9ster reciclado) con tejido pongee 190T y acabado en bandas reflectantes es una opci\u00f3n resistente y sostenible para protegerte de la lluvia. El tejido pongee 190T es duradero y repelente al agua, lo que garantiza una buena protecci\u00f3n contra la lluvia. Las bandas reflectantes a\u00f1aden un elemento de seguridad, ya que reflejan la luz y aumentan la visibilidad en condiciones de poca luz.<br \/>\nLas varillas de fibra de vidrio con sistema anti-viento ofrecen una mayor resistencia y flexibilidad ante r\u00e1fagas de viento, evitando que el paraguas se da\u00f1e f\u00e1cilmente. Adem\u00e1s, el paraguas cuenta con un bot\u00f3n de apertura autom\u00e1tica para facilitar su uso y un cierre con velcro para un almacenamiento seguro.<br \/>\nIncluye una funda a juego para guardar el paraguas cuando no se est\u00e9 utilizando, manteni\u00e9ndolo protegido y ordenado. Al estar realizado en RPET, este paraguas contribuye a la reducci\u00f3n de residuos al utilizar materiales reciclados en su fabricaci\u00f3n.<\/p>","protected":false},"excerpt":{"rendered":"<p>Un paraguas realizado en RPET (poli\u00e9ster reciclado) con tejido pongee 190T y acabado en bandas reflectantes es una opci\u00f3n resistente y sostenible para protegerte de la lluvia. El tejido pongee 190T es duradero y repelente al agua, lo que garantiza una buena protecci\u00f3n contra la lluvia. Las bandas reflectantes a\u00f1aden un elemento de seguridad, ya que reflejan la luz y aumentan la visibilidad en condiciones de poca luz.<br \/>\nLas varillas de fibra de vidrio con sistema anti-viento ofrecen una mayor resistencia y flexibilidad ante r\u00e1fagas de viento, evitando que el paraguas se da\u00f1e f\u00e1cilmente. Adem\u00e1s, el paraguas cuenta con un bot\u00f3n de apertura autom\u00e1tica para facilitar su uso y un cierre con velcro para un almacenamiento seguro.<br \/>\nIncluye una funda a juego para guardar el paraguas cuando no se est\u00e9 utilizando, manteni\u00e9ndolo protegido y ordenado. Al estar realizado en RPET, este paraguas contribuye a la reducci\u00f3n de residuos al utilizar materiales reciclados en su fabricaci\u00f3n.<\/p>","protected":false},"featured_media":216490,"comment_status":"open","ping_status":"closed","template":"","meta":{"_acf_changed":false},"product_brand":[14012],"product_cat":[13973],"product_tag":[],"class_list":{"0":"post-216489","1":"product","2":"type-product","3":"status-publish","4":"has-post-thumbnail","6":"product_brand-stamina","7":"product_cat-ropa","8":"tm-no-options","10":"first","11":"instock","12":"taxable","13":"shipping-taxable","14":"product-type-variable"},"acf":[],"_links":{"self":[{"href":"https:\/\/grupotextil.es\/en\/wp-json\/wp\/v2\/product\/216489","targetHints":{"allow":["GET"]}}],"collection":[{"href":"https:\/\/grupotextil.es\/en\/wp-json\/wp\/v2\/product"}],"about":[{"href":"https:\/\/grupotextil.es\/en\/wp-json\/wp\/v2\/types\/product"}],"replies":[{"embeddable":true,"href":"https:\/\/grupotextil.es\/en\/wp-json\/wp\/v2\/comments?post=216489"}],"wp:featuredmedia":[{"embeddable":true,"href":"https:\/\/grupotextil.es\/en\/wp-json\/wp\/v2\/media\/216490"}],"wp:attachment":[{"href":"https:\/\/grupotextil.es\/en\/wp-json\/wp\/v2\/media?parent=216489"}],"wp:term":[{"taxonomy":"product_brand","embeddable":true,"href":"https:\/\/grupotextil.es\/en\/wp-json\/wp\/v2\/product_brand?post=216489"},{"taxonomy":"product_cat","embeddable":true,"href":"https:\/\/grupotextil.es\/en\/wp-json\/wp\/v2\/product_cat?post=216489"},{"taxonomy":"product_tag","embeddable":true,"href":"https:\/\/grupotextil.es\/en\/wp-json\/wp\/v2\/product_tag?post=216489"}],"curies":[{"name":"wp","href":"https:\/\/api.w.org\/{rel}","templated":true}]}}