{"id":216497,"date":"2026-03-04T03:30:09","date_gmt":"2026-03-04T02:30:09","guid":{"rendered":"https:\/\/grupotextil.es\/producto\/paraguas-stamina-kodiak-1163\/"},"modified":"2026-03-04T06:15:20","modified_gmt":"2026-03-04T05:15:20","slug":"paraguas-stamina-kodiak-1163","status":"publish","type":"product","link":"https:\/\/grupotextil.es\/en\/product\/paraguas-stamina-kodiak-1163\/","title":{"rendered":"Paraguas Stamina Kodiak 1163"},"content":{"rendered":"<p>Un paraguas realizado en RPET (poli\u00e9ster reciclado) con tejido pongee 190T y mango de madera natural es una opci\u00f3n elegante y sostenible para protegerte de la lluvia. El tejido pongee 190T es duradero y repelente al agua, proporcionando una buena protecci\u00f3n contra la lluvia.<br \/>\nEl mango de madera natural le da un toque de estilo y calidez al paraguas, brindando una sensaci\u00f3n natural y c\u00f3moda al agarrarlo. Adem\u00e1s, el paraguas cuenta con un bot\u00f3n de apertura autom\u00e1tica para facilitar su uso y un cierre con velcro para un almacenamiento seguro.<br \/>\nIncluye una funda a juego para guardar el paraguas cuando no se est\u00e9 utilizando, manteni\u00e9ndolo protegido y ordenado. Al estar realizado en RPET, este paraguas contribuye a la reducci\u00f3n de residuos al utilizar materiales reciclados en su fabricaci\u00f3n.<\/p>","protected":false},"excerpt":{"rendered":"<p>Un paraguas realizado en RPET (poli\u00e9ster reciclado) con tejido pongee 190T y mango de madera natural es una opci\u00f3n elegante y sostenible para protegerte de la lluvia. El tejido pongee 190T es duradero y repelente al agua, proporcionando una buena protecci\u00f3n contra la lluvia.<br \/>\nEl mango de madera natural le da un toque de estilo y calidez al paraguas, brindando una sensaci\u00f3n natural y c\u00f3moda al agarrarlo. Adem\u00e1s, el paraguas cuenta con un bot\u00f3n de apertura autom\u00e1tica para facilitar su uso y un cierre con velcro para un almacenamiento seguro.<br \/>\nIncluye una funda a juego para guardar el paraguas cuando no se est\u00e9 utilizando, manteni\u00e9ndolo protegido y ordenado. Al estar realizado en RPET, este paraguas contribuye a la reducci\u00f3n de residuos al utilizar materiales reciclados en su fabricaci\u00f3n.<\/p>","protected":false},"featured_media":216498,"comment_status":"open","ping_status":"closed","template":"","meta":{"_acf_changed":false},"product_brand":[14012],"product_cat":[13973],"product_tag":[],"class_list":{"0":"post-216497","1":"product","2":"type-product","3":"status-publish","4":"has-post-thumbnail","6":"product_brand-stamina","7":"product_cat-ropa","8":"tm-no-options","10":"first","11":"instock","12":"taxable","13":"shipping-taxable","14":"product-type-variable"},"acf":[],"_links":{"self":[{"href":"https:\/\/grupotextil.es\/en\/wp-json\/wp\/v2\/product\/216497","targetHints":{"allow":["GET"]}}],"collection":[{"href":"https:\/\/grupotextil.es\/en\/wp-json\/wp\/v2\/product"}],"about":[{"href":"https:\/\/grupotextil.es\/en\/wp-json\/wp\/v2\/types\/product"}],"replies":[{"embeddable":true,"href":"https:\/\/grupotextil.es\/en\/wp-json\/wp\/v2\/comments?post=216497"}],"wp:featuredmedia":[{"embeddable":true,"href":"https:\/\/grupotextil.es\/en\/wp-json\/wp\/v2\/media\/216498"}],"wp:attachment":[{"href":"https:\/\/grupotextil.es\/en\/wp-json\/wp\/v2\/media?parent=216497"}],"wp:term":[{"taxonomy":"product_brand","embeddable":true,"href":"https:\/\/grupotextil.es\/en\/wp-json\/wp\/v2\/product_brand?post=216497"},{"taxonomy":"product_cat","embeddable":true,"href":"https:\/\/grupotextil.es\/en\/wp-json\/wp\/v2\/product_cat?post=216497"},{"taxonomy":"product_tag","embeddable":true,"href":"https:\/\/grupotextil.es\/en\/wp-json\/wp\/v2\/product_tag?post=216497"}],"curies":[{"name":"wp","href":"https:\/\/api.w.org\/{rel}","templated":true}]}}