{"id":216507,"date":"2026-03-04T03:30:24","date_gmt":"2026-03-04T02:30:24","guid":{"rendered":"https:\/\/grupotextil.es\/producto\/vaso-de-acero-inoxidable-stamina-fernet-1162\/"},"modified":"2026-03-04T06:15:20","modified_gmt":"2026-03-04T05:15:20","slug":"vaso-de-acero-inoxidable-stamina-fernet-1162","status":"publish","type":"product","link":"https:\/\/grupotextil.es\/en\/product\/vaso-de-acero-inoxidable-stamina-fernet-1162\/","title":{"rendered":"Vaso de Acero Inoxidable Stamina Fernet 1162"},"content":{"rendered":"<p>El vaso de acero inoxidable con recubrimiento de cobre exterior es una elecci\u00f3n elegante y moderna para disfrutar de tus bebidas favoritas. Con su capacidad de 540 ml, este vaso te permite disfrutar de una buena cantidad de l\u00edquido, ya sea caf\u00e9, t\u00e9, agua o cualquier otra bebida de tu elecci\u00f3n.<br \/>\nEl recubrimiento de cobre exterior le da un toque distintivo y atractivo al vaso, agregando un brillo c\u00e1lido y sofisticado a su apariencia. El acero inoxidable garantiza su durabilidad y resistencia, lo que lo convierte en un compa\u00f1ero de confianza para todas tus actividades diarias.<br \/>\nAdem\u00e1s, el vaso viene presentado en una caja de dise\u00f1o, lo que lo convierte en un regalo ideal para amigos, familiares o colegas. Esta presentaci\u00f3n elegante y cuidada a\u00f1ade un toque especial al producto y muestra tu atenci\u00f3n por los detalles.<br \/>\nYa sea que lo uses en casa, en la oficina o en tus viajes, este vaso de acero inoxidable con recubrimiento de cobre te brinda una experiencia de bebida \u00fanica y satisfactoria. Disfruta de la calidad y el estilo que ofrece este vaso y sorprende a tus seres queridos con un regalo especial y de buen gusto.<\/p>","protected":false},"excerpt":{"rendered":"<p>El vaso de acero inoxidable con recubrimiento de cobre exterior es una elecci\u00f3n elegante y moderna para disfrutar de tus bebidas favoritas. Con su capacidad de 540 ml, este vaso te permite disfrutar de una buena cantidad de l\u00edquido, ya sea caf\u00e9, t\u00e9, agua o cualquier otra bebida de tu elecci\u00f3n.<br \/>\nEl recubrimiento de cobre exterior le da un toque distintivo y atractivo al vaso, agregando un brillo c\u00e1lido y sofisticado a su apariencia. El acero inoxidable garantiza su durabilidad y resistencia, lo que lo convierte en un compa\u00f1ero de confianza para todas tus actividades diarias.<br \/>\nAdem\u00e1s, el vaso viene presentado en una caja de dise\u00f1o, lo que lo convierte en un regalo ideal para amigos, familiares o colegas. Esta presentaci\u00f3n elegante y cuidada a\u00f1ade un toque especial al producto y muestra tu atenci\u00f3n por los detalles.<br \/>\nYa sea que lo uses en casa, en la oficina o en tus viajes, este vaso de acero inoxidable con recubrimiento de cobre te brinda una experiencia de bebida \u00fanica y satisfactoria. Disfruta de la calidad y el estilo que ofrece este vaso y sorprende a tus seres queridos con un regalo especial y de buen gusto.<\/p>","protected":false},"featured_media":216508,"comment_status":"open","ping_status":"closed","template":"","meta":{"_acf_changed":false},"product_brand":[14012],"product_cat":[13958,14006,13971],"product_tag":[],"class_list":{"0":"post-216507","1":"product","2":"type-product","3":"status-publish","4":"has-post-thumbnail","6":"product_brand-stamina","7":"product_cat-mr-botellas-y-termos","8":"product_cat-acc-merchandising","9":"product_cat-mr-tazas","10":"tm-no-options","12":"first","13":"instock","14":"taxable","15":"shipping-taxable","16":"product-type-variable"},"acf":[],"_links":{"self":[{"href":"https:\/\/grupotextil.es\/en\/wp-json\/wp\/v2\/product\/216507","targetHints":{"allow":["GET"]}}],"collection":[{"href":"https:\/\/grupotextil.es\/en\/wp-json\/wp\/v2\/product"}],"about":[{"href":"https:\/\/grupotextil.es\/en\/wp-json\/wp\/v2\/types\/product"}],"replies":[{"embeddable":true,"href":"https:\/\/grupotextil.es\/en\/wp-json\/wp\/v2\/comments?post=216507"}],"wp:featuredmedia":[{"embeddable":true,"href":"https:\/\/grupotextil.es\/en\/wp-json\/wp\/v2\/media\/216508"}],"wp:attachment":[{"href":"https:\/\/grupotextil.es\/en\/wp-json\/wp\/v2\/media?parent=216507"}],"wp:term":[{"taxonomy":"product_brand","embeddable":true,"href":"https:\/\/grupotextil.es\/en\/wp-json\/wp\/v2\/product_brand?post=216507"},{"taxonomy":"product_cat","embeddable":true,"href":"https:\/\/grupotextil.es\/en\/wp-json\/wp\/v2\/product_cat?post=216507"},{"taxonomy":"product_tag","embeddable":true,"href":"https:\/\/grupotextil.es\/en\/wp-json\/wp\/v2\/product_tag?post=216507"}],"curies":[{"name":"wp","href":"https:\/\/api.w.org\/{rel}","templated":true}]}}