{"id":216513,"date":"2026-03-04T03:30:31","date_gmt":"2026-03-04T02:30:31","guid":{"rendered":"https:\/\/grupotextil.es\/producto\/vaso-de-acero-inoxidable-reciclado-stamina-kilvex-1172\/"},"modified":"2026-03-04T06:15:20","modified_gmt":"2026-03-04T05:15:20","slug":"vaso-de-acero-inoxidable-reciclado-stamina-kilvex-1172","status":"publish","type":"product","link":"https:\/\/grupotextil.es\/en\/product\/vaso-de-acero-inoxidable-reciclado-stamina-kilvex-1172\/","title":{"rendered":"Vaso de Acero Inoxidable Reciclado Stamina Kilvex 1172"},"content":{"rendered":"<p>Vaso de acero inoxidable 304 reciclado es una elecci\u00f3n sostenible y elegante para disfrutar de tus bebidas favoritas. Con una capacidad de 350 ml, es perfecto para llevar contigo a donde quiera que vayas. La base de corcho no solo a\u00f1ade un toque de estilo \u00fanico, sino que tambi\u00e9n proporciona un agarre antideslizante. Fabricado con acero inoxidable reciclado, este vaso es duradero y resistente a la corrosi\u00f3n. Adem\u00e1s, su dise\u00f1o de doble pared mantiene tus bebidas calientes o fr\u00edas por m\u00e1s tiempo. Ya sea en casa, en el trabajo o durante tus actividades al aire libre, este vaso te ofrece la combinaci\u00f3n perfecta de funcionalidad y sostenibilidad.<\/p>","protected":false},"excerpt":{"rendered":"<p>Vaso de acero inoxidable 304 reciclado es una elecci\u00f3n sostenible y elegante para disfrutar de tus bebidas favoritas. Con una capacidad de 350 ml, es perfecto para llevar contigo a donde quiera que vayas. La base de corcho no solo a\u00f1ade un toque de estilo \u00fanico, sino que tambi\u00e9n proporciona un agarre antideslizante. Fabricado con acero inoxidable reciclado, este vaso es duradero y resistente a la corrosi\u00f3n. Adem\u00e1s, su dise\u00f1o de doble pared mantiene tus bebidas calientes o fr\u00edas por m\u00e1s tiempo. Ya sea en casa, en el trabajo o durante tus actividades al aire libre, este vaso te ofrece la combinaci\u00f3n perfecta de funcionalidad y sostenibilidad.<\/p>","protected":false},"featured_media":216514,"comment_status":"open","ping_status":"closed","template":"","meta":{"_acf_changed":false},"product_brand":[14012],"product_cat":[13958,14006,13971],"product_tag":[],"class_list":{"0":"post-216513","1":"product","2":"type-product","3":"status-publish","4":"has-post-thumbnail","6":"product_brand-stamina","7":"product_cat-mr-botellas-y-termos","8":"product_cat-acc-merchandising","9":"product_cat-mr-tazas","10":"tm-no-options","12":"first","13":"instock","14":"taxable","15":"shipping-taxable","16":"product-type-variable"},"acf":[],"_links":{"self":[{"href":"https:\/\/grupotextil.es\/en\/wp-json\/wp\/v2\/product\/216513","targetHints":{"allow":["GET"]}}],"collection":[{"href":"https:\/\/grupotextil.es\/en\/wp-json\/wp\/v2\/product"}],"about":[{"href":"https:\/\/grupotextil.es\/en\/wp-json\/wp\/v2\/types\/product"}],"replies":[{"embeddable":true,"href":"https:\/\/grupotextil.es\/en\/wp-json\/wp\/v2\/comments?post=216513"}],"wp:featuredmedia":[{"embeddable":true,"href":"https:\/\/grupotextil.es\/en\/wp-json\/wp\/v2\/media\/216514"}],"wp:attachment":[{"href":"https:\/\/grupotextil.es\/en\/wp-json\/wp\/v2\/media?parent=216513"}],"wp:term":[{"taxonomy":"product_brand","embeddable":true,"href":"https:\/\/grupotextil.es\/en\/wp-json\/wp\/v2\/product_brand?post=216513"},{"taxonomy":"product_cat","embeddable":true,"href":"https:\/\/grupotextil.es\/en\/wp-json\/wp\/v2\/product_cat?post=216513"},{"taxonomy":"product_tag","embeddable":true,"href":"https:\/\/grupotextil.es\/en\/wp-json\/wp\/v2\/product_tag?post=216513"}],"curies":[{"name":"wp","href":"https:\/\/api.w.org\/{rel}","templated":true}]}}