{"id":216521,"date":"2026-03-04T03:30:39","date_gmt":"2026-03-04T02:30:39","guid":{"rendered":"https:\/\/grupotextil.es\/producto\/vaso-termico-de-acero-inoxidable-stamina-tanik-1241\/"},"modified":"2026-03-04T06:15:20","modified_gmt":"2026-03-04T05:15:20","slug":"vaso-termico-de-acero-inoxidable-stamina-tanik-1241","status":"publish","type":"product","link":"https:\/\/grupotextil.es\/en\/product\/vaso-termico-de-acero-inoxidable-stamina-tanik-1241\/","title":{"rendered":"Vaso T\u00e9rmico de Acero Inoxidable Stamina Tanik 1241"},"content":{"rendered":"<p>Vaso t\u00e9rmico de acero inoxidable 304 de doble pared, es la elecci\u00f3n perfecta para mantener tus bebidas calientes o fr\u00edas durante m\u00e1s tiempo. Con una capacidad de 250 ml, es ideal para llevar contigo en cualquier ocasi\u00f3n. La tapa en PP cuenta con rosca antifugas y un pr\u00e1ctico tap\u00f3n para beber, garantizando que no haya derrames accidentales. Su construcci\u00f3n de doble pared asegura un aislamiento \u00f3ptimo, manteniendo la temperatura de tus bebidas sin afectar la temperatura exterior. Adem\u00e1s, su base antideslizante de goma proporciona estabilidad y evita posibles deslizamientos. Ya sea en la oficina, en un viaje o en casa, este vaso t\u00e9rmico te ofrece comodidad y funcionalidad para disfrutar de tus bebidas favoritas en cualquier momento.<\/p>","protected":false},"excerpt":{"rendered":"<p>Vaso t\u00e9rmico de acero inoxidable 304 de doble pared, es la elecci\u00f3n perfecta para mantener tus bebidas calientes o fr\u00edas durante m\u00e1s tiempo. Con una capacidad de 250 ml, es ideal para llevar contigo en cualquier ocasi\u00f3n. La tapa en PP cuenta con rosca antifugas y un pr\u00e1ctico tap\u00f3n para beber, garantizando que no haya derrames accidentales. Su construcci\u00f3n de doble pared asegura un aislamiento \u00f3ptimo, manteniendo la temperatura de tus bebidas sin afectar la temperatura exterior. Adem\u00e1s, su base antideslizante de goma proporciona estabilidad y evita posibles deslizamientos. Ya sea en la oficina, en un viaje o en casa, este vaso t\u00e9rmico te ofrece comodidad y funcionalidad para disfrutar de tus bebidas favoritas en cualquier momento.<\/p>","protected":false},"featured_media":216522,"comment_status":"open","ping_status":"closed","template":"","meta":{"_acf_changed":false},"product_brand":[14012],"product_cat":[13958,14006,13971],"product_tag":[],"class_list":{"0":"post-216521","1":"product","2":"type-product","3":"status-publish","4":"has-post-thumbnail","6":"product_brand-stamina","7":"product_cat-mr-botellas-y-termos","8":"product_cat-acc-merchandising","9":"product_cat-mr-tazas","10":"tm-no-options","12":"first","13":"instock","14":"taxable","15":"shipping-taxable","16":"product-type-variable"},"acf":[],"_links":{"self":[{"href":"https:\/\/grupotextil.es\/en\/wp-json\/wp\/v2\/product\/216521","targetHints":{"allow":["GET"]}}],"collection":[{"href":"https:\/\/grupotextil.es\/en\/wp-json\/wp\/v2\/product"}],"about":[{"href":"https:\/\/grupotextil.es\/en\/wp-json\/wp\/v2\/types\/product"}],"replies":[{"embeddable":true,"href":"https:\/\/grupotextil.es\/en\/wp-json\/wp\/v2\/comments?post=216521"}],"wp:featuredmedia":[{"embeddable":true,"href":"https:\/\/grupotextil.es\/en\/wp-json\/wp\/v2\/media\/216522"}],"wp:attachment":[{"href":"https:\/\/grupotextil.es\/en\/wp-json\/wp\/v2\/media?parent=216521"}],"wp:term":[{"taxonomy":"product_brand","embeddable":true,"href":"https:\/\/grupotextil.es\/en\/wp-json\/wp\/v2\/product_brand?post=216521"},{"taxonomy":"product_cat","embeddable":true,"href":"https:\/\/grupotextil.es\/en\/wp-json\/wp\/v2\/product_cat?post=216521"},{"taxonomy":"product_tag","embeddable":true,"href":"https:\/\/grupotextil.es\/en\/wp-json\/wp\/v2\/product_tag?post=216521"}],"curies":[{"name":"wp","href":"https:\/\/api.w.org\/{rel}","templated":true}]}}