{"id":216540,"date":"2026-03-04T03:30:57","date_gmt":"2026-03-04T02:30:57","guid":{"rendered":"https:\/\/grupotextil.es\/producto\/adorno-navideno-stamina-savik-1153\/"},"modified":"2026-03-04T06:15:20","modified_gmt":"2026-03-04T05:15:20","slug":"adorno-navideno-stamina-savik-1153","status":"publish","type":"product","link":"https:\/\/grupotextil.es\/en\/product\/adorno-navideno-stamina-savik-1153\/","title":{"rendered":"Adorno Navide\u00f1o Stamina Savik 1153"},"content":{"rendered":"<p>Los adornos navide\u00f1os fabricados con papel reciclado y degradable con semillas son una opci\u00f3n ecol\u00f3gica y encantadora para decorar el \u00e1rbol de Navidad.<br \/>\nEstos adornos est\u00e1n hechos de papel reciclado, lo que ayuda a reducir el impacto ambiental. Adem\u00e1s, contienen semillas en su composici\u00f3n, lo que les da una caracter\u00edstica especial. Despu\u00e9s de usarlos, se pueden plantar en el jard\u00edn o en una maceta, y las semillas germinar\u00e1n y crecer\u00e1n.<br \/>\nCada adorno viene con una cinta para colgarlo f\u00e1cilmente en el \u00e1rbol y agregar un toque festivo a la decoraci\u00f3n navide\u00f1a.<\/p>","protected":false},"excerpt":{"rendered":"<p>Los adornos navide\u00f1os fabricados con papel reciclado y degradable con semillas son una opci\u00f3n ecol\u00f3gica y encantadora para decorar el \u00e1rbol de Navidad.<br \/>\nEstos adornos est\u00e1n hechos de papel reciclado, lo que ayuda a reducir el impacto ambiental. Adem\u00e1s, contienen semillas en su composici\u00f3n, lo que les da una caracter\u00edstica especial. Despu\u00e9s de usarlos, se pueden plantar en el jard\u00edn o en una maceta, y las semillas germinar\u00e1n y crecer\u00e1n.<br \/>\nCada adorno viene con una cinta para colgarlo f\u00e1cilmente en el \u00e1rbol y agregar un toque festivo a la decoraci\u00f3n navide\u00f1a.<\/p>","protected":false},"featured_media":216541,"comment_status":"open","ping_status":"closed","template":"","meta":{"_acf_changed":false},"product_brand":[14012],"product_cat":[13973],"product_tag":[],"class_list":{"0":"post-216540","1":"product","2":"type-product","3":"status-publish","4":"has-post-thumbnail","6":"product_brand-stamina","7":"product_cat-ropa","8":"tm-no-options","10":"first","11":"instock","12":"taxable","13":"shipping-taxable","14":"product-type-variable"},"acf":[],"_links":{"self":[{"href":"https:\/\/grupotextil.es\/en\/wp-json\/wp\/v2\/product\/216540","targetHints":{"allow":["GET"]}}],"collection":[{"href":"https:\/\/grupotextil.es\/en\/wp-json\/wp\/v2\/product"}],"about":[{"href":"https:\/\/grupotextil.es\/en\/wp-json\/wp\/v2\/types\/product"}],"replies":[{"embeddable":true,"href":"https:\/\/grupotextil.es\/en\/wp-json\/wp\/v2\/comments?post=216540"}],"wp:featuredmedia":[{"embeddable":true,"href":"https:\/\/grupotextil.es\/en\/wp-json\/wp\/v2\/media\/216541"}],"wp:attachment":[{"href":"https:\/\/grupotextil.es\/en\/wp-json\/wp\/v2\/media?parent=216540"}],"wp:term":[{"taxonomy":"product_brand","embeddable":true,"href":"https:\/\/grupotextil.es\/en\/wp-json\/wp\/v2\/product_brand?post=216540"},{"taxonomy":"product_cat","embeddable":true,"href":"https:\/\/grupotextil.es\/en\/wp-json\/wp\/v2\/product_cat?post=216540"},{"taxonomy":"product_tag","embeddable":true,"href":"https:\/\/grupotextil.es\/en\/wp-json\/wp\/v2\/product_tag?post=216540"}],"curies":[{"name":"wp","href":"https:\/\/api.w.org\/{rel}","templated":true}]}}