{"id":216547,"date":"2026-03-04T03:31:05","date_gmt":"2026-03-04T02:31:05","guid":{"rendered":"https:\/\/grupotextil.es\/producto\/bolsa-para-regalo-de-navidad-stamina-simut-1156\/"},"modified":"2026-03-04T06:15:20","modified_gmt":"2026-03-04T05:15:20","slug":"bolsa-para-regalo-de-navidad-stamina-simut-1156","status":"publish","type":"product","link":"https:\/\/grupotextil.es\/en\/product\/bolsa-para-regalo-de-navidad-stamina-simut-1156\/","title":{"rendered":"Bolsa para Regalo de Navidad Stamina Simut 1156"},"content":{"rendered":"<p>Una bolsa para regalo de Navidad estampada con motivos caracter\u00edsticos de la temporada, es una excelente opci\u00f3n para envolver tus obsequios de manera festiva y alegre.<br \/>\nLa bolsa regalo est\u00e1 decorada con im\u00e1genes relacionadas con la Navidad, como \u00e1rboles de Navidad, renos y copos de nieve.<br \/>\nAdem\u00e1s, estas bolsas son una alternativa sostenible a los envoltorios de papel desechables, ya que se pueden reutilizar en futuras ocasiones navide\u00f1as. \u00a1Con una bolsa para regalo estampada, tus presentes lucir\u00e1n a\u00fan m\u00e1s especiales bajo el \u00e1rbol de Navidad!<\/p>","protected":false},"excerpt":{"rendered":"<p>Una bolsa para regalo de Navidad estampada con motivos caracter\u00edsticos de la temporada, es una excelente opci\u00f3n para envolver tus obsequios de manera festiva y alegre.<br \/>\nLa bolsa regalo est\u00e1 decorada con im\u00e1genes relacionadas con la Navidad, como \u00e1rboles de Navidad, renos y copos de nieve.<br \/>\nAdem\u00e1s, estas bolsas son una alternativa sostenible a los envoltorios de papel desechables, ya que se pueden reutilizar en futuras ocasiones navide\u00f1as. \u00a1Con una bolsa para regalo estampada, tus presentes lucir\u00e1n a\u00fan m\u00e1s especiales bajo el \u00e1rbol de Navidad!<\/p>","protected":false},"featured_media":216548,"comment_status":"open","ping_status":"closed","template":"","meta":{"_acf_changed":false},"product_brand":[14012],"product_cat":[13973],"product_tag":[],"class_list":{"0":"post-216547","1":"product","2":"type-product","3":"status-publish","4":"has-post-thumbnail","6":"product_brand-stamina","7":"product_cat-ropa","8":"tm-no-options","10":"first","11":"outofstock","12":"taxable","13":"shipping-taxable","14":"product-type-variable"},"acf":[],"_links":{"self":[{"href":"https:\/\/grupotextil.es\/en\/wp-json\/wp\/v2\/product\/216547","targetHints":{"allow":["GET"]}}],"collection":[{"href":"https:\/\/grupotextil.es\/en\/wp-json\/wp\/v2\/product"}],"about":[{"href":"https:\/\/grupotextil.es\/en\/wp-json\/wp\/v2\/types\/product"}],"replies":[{"embeddable":true,"href":"https:\/\/grupotextil.es\/en\/wp-json\/wp\/v2\/comments?post=216547"}],"wp:featuredmedia":[{"embeddable":true,"href":"https:\/\/grupotextil.es\/en\/wp-json\/wp\/v2\/media\/216548"}],"wp:attachment":[{"href":"https:\/\/grupotextil.es\/en\/wp-json\/wp\/v2\/media?parent=216547"}],"wp:term":[{"taxonomy":"product_brand","embeddable":true,"href":"https:\/\/grupotextil.es\/en\/wp-json\/wp\/v2\/product_brand?post=216547"},{"taxonomy":"product_cat","embeddable":true,"href":"https:\/\/grupotextil.es\/en\/wp-json\/wp\/v2\/product_cat?post=216547"},{"taxonomy":"product_tag","embeddable":true,"href":"https:\/\/grupotextil.es\/en\/wp-json\/wp\/v2\/product_tag?post=216547"}],"curies":[{"name":"wp","href":"https:\/\/api.w.org\/{rel}","templated":true}]}}