{"id":216553,"date":"2026-03-04T03:31:12","date_gmt":"2026-03-04T02:31:12","guid":{"rendered":"https:\/\/grupotextil.es\/producto\/bolsa-para-regalo-de-navidad-stamina-arsuk-1157\/"},"modified":"2026-03-04T06:15:21","modified_gmt":"2026-03-04T05:15:21","slug":"bolsa-para-regalo-de-navidad-stamina-arsuk-1157","status":"publish","type":"product","link":"https:\/\/grupotextil.es\/en\/product\/bolsa-para-regalo-de-navidad-stamina-arsuk-1157\/","title":{"rendered":"Bolsa para Regalo de Navidad Stamina Arsuk 1157"},"content":{"rendered":"<p>Bolsa para regalo 100% de algod\u00f3n con dise\u00f1o de un \u00e1rbol de Navidad. Es una opci\u00f3n encantadora para envolver tus obsequios durante la temporada navide\u00f1a.<br \/>\nEstas bolsas suelen estar decoradas con la imagen de un \u00e1rbol de Navidad estilizado, con sus ramas y adornos festivos. Al optar por una bolsa con dise\u00f1o de \u00e1rbol de Navidad, puedes agregar un toque de encanto y festividad a tus regalos, y adem\u00e1s, estas bolsas son reutilizables, lo que las hace una opci\u00f3n m\u00e1s sostenible.<br \/>\n\u00a1Con una bolsa para regalo con dise\u00f1o de \u00e1rbol de Navidad, tus obsequios destacar\u00e1n bajo el \u00e1rbol y agregar\u00e1n a\u00fan m\u00e1s alegr\u00eda a la temporada navide\u00f1a!<\/p>","protected":false},"excerpt":{"rendered":"<p>Bolsa para regalo 100% de algod\u00f3n con dise\u00f1o de un \u00e1rbol de Navidad. Es una opci\u00f3n encantadora para envolver tus obsequios durante la temporada navide\u00f1a.<br \/>\nEstas bolsas suelen estar decoradas con la imagen de un \u00e1rbol de Navidad estilizado, con sus ramas y adornos festivos. Al optar por una bolsa con dise\u00f1o de \u00e1rbol de Navidad, puedes agregar un toque de encanto y festividad a tus regalos, y adem\u00e1s, estas bolsas son reutilizables, lo que las hace una opci\u00f3n m\u00e1s sostenible.<br \/>\n\u00a1Con una bolsa para regalo con dise\u00f1o de \u00e1rbol de Navidad, tus obsequios destacar\u00e1n bajo el \u00e1rbol y agregar\u00e1n a\u00fan m\u00e1s alegr\u00eda a la temporada navide\u00f1a!<\/p>","protected":false},"featured_media":216554,"comment_status":"open","ping_status":"closed","template":"","meta":{"_acf_changed":false},"product_brand":[14012],"product_cat":[13973],"product_tag":[],"class_list":{"0":"post-216553","1":"product","2":"type-product","3":"status-publish","4":"has-post-thumbnail","6":"product_brand-stamina","7":"product_cat-ropa","8":"tm-no-options","10":"first","11":"instock","12":"taxable","13":"shipping-taxable","14":"product-type-variable"},"acf":[],"_links":{"self":[{"href":"https:\/\/grupotextil.es\/en\/wp-json\/wp\/v2\/product\/216553","targetHints":{"allow":["GET"]}}],"collection":[{"href":"https:\/\/grupotextil.es\/en\/wp-json\/wp\/v2\/product"}],"about":[{"href":"https:\/\/grupotextil.es\/en\/wp-json\/wp\/v2\/types\/product"}],"replies":[{"embeddable":true,"href":"https:\/\/grupotextil.es\/en\/wp-json\/wp\/v2\/comments?post=216553"}],"wp:featuredmedia":[{"embeddable":true,"href":"https:\/\/grupotextil.es\/en\/wp-json\/wp\/v2\/media\/216554"}],"wp:attachment":[{"href":"https:\/\/grupotextil.es\/en\/wp-json\/wp\/v2\/media?parent=216553"}],"wp:term":[{"taxonomy":"product_brand","embeddable":true,"href":"https:\/\/grupotextil.es\/en\/wp-json\/wp\/v2\/product_brand?post=216553"},{"taxonomy":"product_cat","embeddable":true,"href":"https:\/\/grupotextil.es\/en\/wp-json\/wp\/v2\/product_cat?post=216553"},{"taxonomy":"product_tag","embeddable":true,"href":"https:\/\/grupotextil.es\/en\/wp-json\/wp\/v2\/product_tag?post=216553"}],"curies":[{"name":"wp","href":"https:\/\/api.w.org\/{rel}","templated":true}]}}