{"id":216570,"date":"2026-03-04T03:31:29","date_gmt":"2026-03-04T02:31:29","guid":{"rendered":"https:\/\/grupotextil.es\/producto\/llavero-linterna-stamina-zadar-1150\/"},"modified":"2026-03-04T06:15:21","modified_gmt":"2026-03-04T05:15:21","slug":"llavero-linterna-stamina-zadar-1150","status":"publish","type":"product","link":"https:\/\/grupotextil.es\/en\/product\/llavero-linterna-stamina-zadar-1150\/","title":{"rendered":"Llavero Linterna Stamina Zadar 1150"},"content":{"rendered":"<p>Llavero linterna es una pieza funcional y personalizable que te acompa\u00f1ar\u00e1 a donde vayas. Este llavero est\u00e1 dise\u00f1ado con una linterna integrada y cuenta con una superficie especial para grabar en l\u00e1ser, permiti\u00e9ndote agregar un toque personal o promocional. Viene equipado con 3 pilas de bot\u00f3n AG3 incluidas, asegurando un funcionamiento duradero y confiable. Su tama\u00f1o compacto y liviano lo hace ideal para llevar a cualqueir lugar. Nuestro llavero linterna te brinda la utilidad y personalizaci\u00f3n que necesitas.<\/p>","protected":false},"excerpt":{"rendered":"<p>Llavero linterna es una pieza funcional y personalizable que te acompa\u00f1ar\u00e1 a donde vayas. Este llavero est\u00e1 dise\u00f1ado con una linterna integrada y cuenta con una superficie especial para grabar en l\u00e1ser, permiti\u00e9ndote agregar un toque personal o promocional. Viene equipado con 3 pilas de bot\u00f3n AG3 incluidas, asegurando un funcionamiento duradero y confiable. Su tama\u00f1o compacto y liviano lo hace ideal para llevar a cualqueir lugar. Nuestro llavero linterna te brinda la utilidad y personalizaci\u00f3n que necesitas.<\/p>","protected":false},"featured_media":216571,"comment_status":"open","ping_status":"closed","template":"","meta":{"_acf_changed":false},"product_brand":[14012],"product_cat":[13960,14006],"product_tag":[],"class_list":{"0":"post-216570","1":"product","2":"type-product","3":"status-publish","4":"has-post-thumbnail","6":"product_brand-stamina","7":"product_cat-mr-llaveros","8":"product_cat-acc-merchandising","9":"tm-no-options","11":"first","12":"instock","13":"taxable","14":"shipping-taxable","15":"product-type-variable"},"acf":[],"_links":{"self":[{"href":"https:\/\/grupotextil.es\/en\/wp-json\/wp\/v2\/product\/216570","targetHints":{"allow":["GET"]}}],"collection":[{"href":"https:\/\/grupotextil.es\/en\/wp-json\/wp\/v2\/product"}],"about":[{"href":"https:\/\/grupotextil.es\/en\/wp-json\/wp\/v2\/types\/product"}],"replies":[{"embeddable":true,"href":"https:\/\/grupotextil.es\/en\/wp-json\/wp\/v2\/comments?post=216570"}],"wp:featuredmedia":[{"embeddable":true,"href":"https:\/\/grupotextil.es\/en\/wp-json\/wp\/v2\/media\/216571"}],"wp:attachment":[{"href":"https:\/\/grupotextil.es\/en\/wp-json\/wp\/v2\/media?parent=216570"}],"wp:term":[{"taxonomy":"product_brand","embeddable":true,"href":"https:\/\/grupotextil.es\/en\/wp-json\/wp\/v2\/product_brand?post=216570"},{"taxonomy":"product_cat","embeddable":true,"href":"https:\/\/grupotextil.es\/en\/wp-json\/wp\/v2\/product_cat?post=216570"},{"taxonomy":"product_tag","embeddable":true,"href":"https:\/\/grupotextil.es\/en\/wp-json\/wp\/v2\/product_tag?post=216570"}],"curies":[{"name":"wp","href":"https:\/\/api.w.org\/{rel}","templated":true}]}}