{"id":216601,"date":"2026-03-04T03:32:07","date_gmt":"2026-03-04T02:32:07","guid":{"rendered":"https:\/\/grupotextil.es\/producto\/mochila-con-bolsillo-para-portatil-stamina-benza-1154\/"},"modified":"2026-03-04T06:15:21","modified_gmt":"2026-03-04T05:15:21","slug":"mochila-con-bolsillo-para-portatil-stamina-benza-1154","status":"publish","type":"product","link":"https:\/\/grupotextil.es\/en\/product\/mochila-con-bolsillo-para-portatil-stamina-benza-1154\/","title":{"rendered":"Mochila con Bolsillo para Port\u00e1til Stamina Benza 1154"},"content":{"rendered":"<p><strong>PRODUCTO QUE SE DESCATALOGAR\u00c1 CUANDO SE AGOTEN LAS EXISTENCIAS<\/strong> \u2013 Mochila ejecutiva elaborada en poli\u00e9ster reciclado RPET 300D con dise\u00f1o vigor\u00e9 con dise\u00f1o elegante y funcional, con cintas ajustables y acolchadas,. Cuenta con un compartimento principal espacioso, dise\u00f1ado espec\u00edficamente pensado para el transporte de ordenador port\u00e1til o Tablet de hasta 12\u2033. Adem\u00e1s, dispone de un bolsillo adicional de peque\u00f1o almacenamiento y un asa superior de transporte resistente para mayor versatilidad.<\/p>","protected":false},"excerpt":{"rendered":"<p><strong>PRODUCTO QUE SE DESCATALOGAR\u00c1 CUANDO SE AGOTEN LAS EXISTENCIAS<\/strong> \u2013 Mochila ejecutiva elaborada en poli\u00e9ster reciclado RPET 300D con dise\u00f1o vigor\u00e9 con dise\u00f1o elegante y funcional, con cintas ajustables y acolchadas,. Cuenta con un compartimento principal espacioso, dise\u00f1ado espec\u00edficamente pensado para el transporte de ordenador port\u00e1til o Tablet de hasta 12\u2033. Adem\u00e1s, dispone de un bolsillo adicional de peque\u00f1o almacenamiento y un asa superior de transporte resistente para mayor versatilidad.<\/p>","protected":false},"featured_media":216602,"comment_status":"open","ping_status":"closed","template":"","meta":{"_acf_changed":false},"product_brand":[14012],"product_cat":[13948,14008,9841],"product_tag":[],"class_list":{"0":"post-216601","1":"product","2":"type-product","3":"status-publish","4":"has-post-thumbnail","6":"product_brand-stamina","7":"product_cat-accesorios","8":"product_cat-accesorios-reciclados","9":"product_cat-sostenible","10":"tm-no-options","12":"first","13":"instock","14":"taxable","15":"shipping-taxable","16":"product-type-variable"},"acf":[],"_links":{"self":[{"href":"https:\/\/grupotextil.es\/en\/wp-json\/wp\/v2\/product\/216601","targetHints":{"allow":["GET"]}}],"collection":[{"href":"https:\/\/grupotextil.es\/en\/wp-json\/wp\/v2\/product"}],"about":[{"href":"https:\/\/grupotextil.es\/en\/wp-json\/wp\/v2\/types\/product"}],"replies":[{"embeddable":true,"href":"https:\/\/grupotextil.es\/en\/wp-json\/wp\/v2\/comments?post=216601"}],"wp:featuredmedia":[{"embeddable":true,"href":"https:\/\/grupotextil.es\/en\/wp-json\/wp\/v2\/media\/216602"}],"wp:attachment":[{"href":"https:\/\/grupotextil.es\/en\/wp-json\/wp\/v2\/media?parent=216601"}],"wp:term":[{"taxonomy":"product_brand","embeddable":true,"href":"https:\/\/grupotextil.es\/en\/wp-json\/wp\/v2\/product_brand?post=216601"},{"taxonomy":"product_cat","embeddable":true,"href":"https:\/\/grupotextil.es\/en\/wp-json\/wp\/v2\/product_cat?post=216601"},{"taxonomy":"product_tag","embeddable":true,"href":"https:\/\/grupotextil.es\/en\/wp-json\/wp\/v2\/product_tag?post=216601"}],"curies":[{"name":"wp","href":"https:\/\/api.w.org\/{rel}","templated":true}]}}