{"id":216614,"date":"2026-03-04T03:32:23","date_gmt":"2026-03-04T02:32:23","guid":{"rendered":"https:\/\/grupotextil.es\/producto\/mochila-antirobo-con-compartimento-para-portatil-stamina-norden-1200\/"},"modified":"2026-03-04T06:15:21","modified_gmt":"2026-03-04T05:15:21","slug":"mochila-antirobo-con-compartimento-para-portatil-stamina-norden-1200","status":"publish","type":"product","link":"https:\/\/grupotextil.es\/en\/product\/mochila-antirobo-con-compartimento-para-portatil-stamina-norden-1200\/","title":{"rendered":"Mochila Antirobo con Compartimento para Port\u00e1til Stamina Norden 1200"},"content":{"rendered":"<p>La mochila antirrobo realizada en RPET 300 D es una opci\u00f3n segura y sostenible para llevar tus pertenencias con tranquilidad. Con un dise\u00f1o ergon\u00f3mico, las tiras y la espalda acolchadas ofrecen comodidad durante todo el d\u00eda.<\/p>\n<p>Esta mochila cuenta con dos compartimentos principales acolchados para proteger tu port\u00e1til de 15\u2033 y tu tablet. Adem\u00e1s, tiene un bolsillo frontal exterior acolchado, un bolsillo en el asa y un bolsillo antirrobo acolchado en la espalda.<\/p>\n<p>La mochila tambi\u00e9n incluye una cinta para trolley, lo que te permite sujetarla a tu equipaje de mano con facilidad. Adem\u00e1s, al estar hecha de RPET, un material reciclado, demuestra tu compromiso con el medio ambiente.<\/p>\n<p>Ya sea para el uso diario o para viajes, esta mochila antirrobo te brinda protecci\u00f3n y comodidad, manteniendo tus pertenencias seguras y organizadas.<\/p>","protected":false},"excerpt":{"rendered":"<p>La mochila antirrobo realizada en RPET 300 D es una opci\u00f3n segura y sostenible para llevar tus pertenencias con tranquilidad. Con un dise\u00f1o ergon\u00f3mico, las tiras y la espalda acolchadas ofrecen comodidad durante todo el d\u00eda.<\/p>\n<p>Esta mochila cuenta con dos compartimentos principales acolchados para proteger tu port\u00e1til de 15\u2033 y tu tablet. Adem\u00e1s, tiene un bolsillo frontal exterior acolchado, un bolsillo en el asa y un bolsillo antirrobo acolchado en la espalda.<\/p>\n<p>La mochila tambi\u00e9n incluye una cinta para trolley, lo que te permite sujetarla a tu equipaje de mano con facilidad. Adem\u00e1s, al estar hecha de RPET, un material reciclado, demuestra tu compromiso con el medio ambiente.<\/p>\n<p>Ya sea para el uso diario o para viajes, esta mochila antirrobo te brinda protecci\u00f3n y comodidad, manteniendo tus pertenencias seguras y organizadas.<\/p>","protected":false},"featured_media":216615,"comment_status":"open","ping_status":"closed","template":"","meta":{"_acf_changed":false},"product_brand":[14012],"product_cat":[13948,14008,9841],"product_tag":[],"class_list":{"0":"post-216614","1":"product","2":"type-product","3":"status-publish","4":"has-post-thumbnail","6":"product_brand-stamina","7":"product_cat-accesorios","8":"product_cat-accesorios-reciclados","9":"product_cat-sostenible","10":"tm-no-options","12":"first","13":"instock","14":"taxable","15":"shipping-taxable","16":"product-type-variable"},"acf":[],"_links":{"self":[{"href":"https:\/\/grupotextil.es\/en\/wp-json\/wp\/v2\/product\/216614","targetHints":{"allow":["GET"]}}],"collection":[{"href":"https:\/\/grupotextil.es\/en\/wp-json\/wp\/v2\/product"}],"about":[{"href":"https:\/\/grupotextil.es\/en\/wp-json\/wp\/v2\/types\/product"}],"replies":[{"embeddable":true,"href":"https:\/\/grupotextil.es\/en\/wp-json\/wp\/v2\/comments?post=216614"}],"wp:featuredmedia":[{"embeddable":true,"href":"https:\/\/grupotextil.es\/en\/wp-json\/wp\/v2\/media\/216615"}],"wp:attachment":[{"href":"https:\/\/grupotextil.es\/en\/wp-json\/wp\/v2\/media?parent=216614"}],"wp:term":[{"taxonomy":"product_brand","embeddable":true,"href":"https:\/\/grupotextil.es\/en\/wp-json\/wp\/v2\/product_brand?post=216614"},{"taxonomy":"product_cat","embeddable":true,"href":"https:\/\/grupotextil.es\/en\/wp-json\/wp\/v2\/product_cat?post=216614"},{"taxonomy":"product_tag","embeddable":true,"href":"https:\/\/grupotextil.es\/en\/wp-json\/wp\/v2\/product_tag?post=216614"}],"curies":[{"name":"wp","href":"https:\/\/api.w.org\/{rel}","templated":true}]}}