{"id":216626,"date":"2026-03-04T03:32:42","date_gmt":"2026-03-04T02:32:42","guid":{"rendered":"https:\/\/grupotextil.es\/producto\/mochila-con-bolsillo-para-portatil-stamina-kiton-1235\/"},"modified":"2026-03-04T06:15:21","modified_gmt":"2026-03-04T05:15:21","slug":"mochila-con-bolsillo-para-portatil-stamina-kiton-1235","status":"publish","type":"product","link":"https:\/\/grupotextil.es\/en\/product\/mochila-con-bolsillo-para-portatil-stamina-kiton-1235\/","title":{"rendered":"Mochila con Bolsillo para Port\u00e1til Stamina Kiton 1235"},"content":{"rendered":"<p>Mochila fabricada con poli\u00e9ster reciclado RPET 600D, que combina dise\u00f1o vigor\u00e9 con detalles de PU Leather, con asas y espalda acolchadas. Cuenta con un compartimento principal y un bolsillo acolchado dise\u00f1ado para ordenador port\u00e1til de 15\u2033. Adem\u00e1s, cuenta con un bolsillo exterior acolchado para guardar tus objetos de menor tama\u00f1o. Incluye una pr\u00e1ctica cinta para trolley, que te permitir\u00e1 sujetarla a tu equipaje de mano mientras viajas.<\/p>","protected":false},"excerpt":{"rendered":"<p>Mochila fabricada con poli\u00e9ster reciclado RPET 600D, que combina dise\u00f1o vigor\u00e9 con detalles de PU Leather, con asas y espalda acolchadas. Cuenta con un compartimento principal y un bolsillo acolchado dise\u00f1ado para ordenador port\u00e1til de 15\u2033. Adem\u00e1s, cuenta con un bolsillo exterior acolchado para guardar tus objetos de menor tama\u00f1o. Incluye una pr\u00e1ctica cinta para trolley, que te permitir\u00e1 sujetarla a tu equipaje de mano mientras viajas.<\/p>","protected":false},"featured_media":216627,"comment_status":"open","ping_status":"closed","template":"","meta":{"_acf_changed":false},"product_brand":[14012],"product_cat":[13948,14008,9841],"product_tag":[],"class_list":{"0":"post-216626","1":"product","2":"type-product","3":"status-publish","4":"has-post-thumbnail","6":"product_brand-stamina","7":"product_cat-accesorios","8":"product_cat-accesorios-reciclados","9":"product_cat-sostenible","10":"tm-no-options","12":"first","13":"instock","14":"taxable","15":"shipping-taxable","16":"product-type-variable"},"acf":[],"_links":{"self":[{"href":"https:\/\/grupotextil.es\/en\/wp-json\/wp\/v2\/product\/216626","targetHints":{"allow":["GET"]}}],"collection":[{"href":"https:\/\/grupotextil.es\/en\/wp-json\/wp\/v2\/product"}],"about":[{"href":"https:\/\/grupotextil.es\/en\/wp-json\/wp\/v2\/types\/product"}],"replies":[{"embeddable":true,"href":"https:\/\/grupotextil.es\/en\/wp-json\/wp\/v2\/comments?post=216626"}],"wp:featuredmedia":[{"embeddable":true,"href":"https:\/\/grupotextil.es\/en\/wp-json\/wp\/v2\/media\/216627"}],"wp:attachment":[{"href":"https:\/\/grupotextil.es\/en\/wp-json\/wp\/v2\/media?parent=216626"}],"wp:term":[{"taxonomy":"product_brand","embeddable":true,"href":"https:\/\/grupotextil.es\/en\/wp-json\/wp\/v2\/product_brand?post=216626"},{"taxonomy":"product_cat","embeddable":true,"href":"https:\/\/grupotextil.es\/en\/wp-json\/wp\/v2\/product_cat?post=216626"},{"taxonomy":"product_tag","embeddable":true,"href":"https:\/\/grupotextil.es\/en\/wp-json\/wp\/v2\/product_tag?post=216626"}],"curies":[{"name":"wp","href":"https:\/\/api.w.org\/{rel}","templated":true}]}}