{"id":216649,"date":"2026-03-04T03:33:14","date_gmt":"2026-03-04T02:33:14","guid":{"rendered":"https:\/\/grupotextil.es\/producto\/navaja-stamina-xena-1188\/"},"modified":"2026-03-04T06:15:21","modified_gmt":"2026-03-04T05:15:21","slug":"navaja-stamina-xena-1188","status":"publish","type":"product","link":"https:\/\/grupotextil.es\/en\/product\/navaja-stamina-xena-1188\/","title":{"rendered":"Navaja Stamina Xena 1188"},"content":{"rendered":"<p><strong>PRODUCTO QUE SE DESCATALOGAR\u00c1 CUANDO SE AGOTEN LAS EXISTENCIAS<\/strong> \u2013 Navaja de acero inoxidable con empu\u00f1adura de corcho, una herramienta vers\u00e1til y pr\u00e1ctica con un toque natural y ecol\u00f3gico. Est\u00e1 dise\u00f1ada con materiales de alta calidad ofreciendo durabilidad y resistencia en diversas situaciones. Con una hoja de acero inoxidable y empu\u00f1adura agradable al tacto. Incluye una cinta para transporte.<\/p>","protected":false},"excerpt":{"rendered":"<p><strong>PRODUCTO QUE SE DESCATALOGAR\u00c1 CUANDO SE AGOTEN LAS EXISTENCIAS<\/strong> \u2013 Navaja de acero inoxidable con empu\u00f1adura de corcho, una herramienta vers\u00e1til y pr\u00e1ctica con un toque natural y ecol\u00f3gico. Est\u00e1 dise\u00f1ada con materiales de alta calidad ofreciendo durabilidad y resistencia en diversas situaciones. Con una hoja de acero inoxidable y empu\u00f1adura agradable al tacto. Incluye una cinta para transporte.<\/p>","protected":false},"featured_media":216650,"comment_status":"open","ping_status":"closed","template":"","meta":{"_acf_changed":false},"product_brand":[14012],"product_cat":[13973],"product_tag":[],"class_list":{"0":"post-216649","1":"product","2":"type-product","3":"status-publish","4":"has-post-thumbnail","6":"product_brand-stamina","7":"product_cat-ropa","8":"tm-no-options","10":"first","11":"instock","12":"taxable","13":"shipping-taxable","14":"product-type-variable"},"acf":[],"_links":{"self":[{"href":"https:\/\/grupotextil.es\/en\/wp-json\/wp\/v2\/product\/216649","targetHints":{"allow":["GET"]}}],"collection":[{"href":"https:\/\/grupotextil.es\/en\/wp-json\/wp\/v2\/product"}],"about":[{"href":"https:\/\/grupotextil.es\/en\/wp-json\/wp\/v2\/types\/product"}],"replies":[{"embeddable":true,"href":"https:\/\/grupotextil.es\/en\/wp-json\/wp\/v2\/comments?post=216649"}],"wp:featuredmedia":[{"embeddable":true,"href":"https:\/\/grupotextil.es\/en\/wp-json\/wp\/v2\/media\/216650"}],"wp:attachment":[{"href":"https:\/\/grupotextil.es\/en\/wp-json\/wp\/v2\/media?parent=216649"}],"wp:term":[{"taxonomy":"product_brand","embeddable":true,"href":"https:\/\/grupotextil.es\/en\/wp-json\/wp\/v2\/product_brand?post=216649"},{"taxonomy":"product_cat","embeddable":true,"href":"https:\/\/grupotextil.es\/en\/wp-json\/wp\/v2\/product_cat?post=216649"},{"taxonomy":"product_tag","embeddable":true,"href":"https:\/\/grupotextil.es\/en\/wp-json\/wp\/v2\/product_tag?post=216649"}],"curies":[{"name":"wp","href":"https:\/\/api.w.org\/{rel}","templated":true}]}}