{"id":216661,"date":"2026-03-04T03:33:28","date_gmt":"2026-03-04T02:33:28","guid":{"rendered":"https:\/\/grupotextil.es\/producto\/portanotas-de-papel-reciclado-y-degradable-con-semillas-stamina-sense-1183\/"},"modified":"2026-03-04T06:15:22","modified_gmt":"2026-03-04T05:15:22","slug":"portanotas-de-papel-reciclado-y-degradable-con-semillas-stamina-sense-1183","status":"publish","type":"product","link":"https:\/\/grupotextil.es\/en\/product\/portanotas-de-papel-reciclado-y-degradable-con-semillas-stamina-sense-1183\/","title":{"rendered":"Portanotas de Papel Reciclado y Degradable con Semillas Stamina Sense 1183"},"content":{"rendered":"<p>El portanotas de papel reciclado y degradable con semillas es una opci\u00f3n sostenible y creativa para tomar notas y dejar mensajes. Est\u00e1 fabricado con papel reciclado, lo que lo convierte en una elecci\u00f3n amigable con el medio ambiente.<\/p>\n<p>Una caracter\u00edstica \u00fanica de este portanotas es que contiene semillas en su composici\u00f3n. Una vez que hayas utilizado todas las notas, en lugar de desechar el papel, puedes plantarlo en la tierra. Las semillas incrustadas en el papel comenzar\u00e1n a germinar y crecer\u00e1n en hermosas plantas, creando un impacto positivo en la naturaleza.<\/p>\n<p>Adem\u00e1s, el portanotas incluye 100 notas adhesivas de distintos colores, lo que te permite organizar tus mensajes y destacar la informaci\u00f3n importante de una manera visualmente atractiva.<br \/>\nEste portanotas es una opci\u00f3n ideal para aquellos que valoran la sostenibilidad y desean contribuir a un mundo m\u00e1s verde. Puedes utilizarlo en tu hogar, oficina o regalarlo a alguien especial como un gesto de cuidado hacia el medio ambiente.<\/p>\n<p>Recuerda que una vez que hayas utilizado todas las notas adhesivas, puedes aprovechar el papel plantable y dar vida a nuevas plantas. As\u00ed, estar\u00e1s promoviendo la reutilizaci\u00f3n de materiales y el ciclo de vida sostenible de los productos.<\/p>","protected":false},"excerpt":{"rendered":"<p>El portanotas de papel reciclado y degradable con semillas es una opci\u00f3n sostenible y creativa para tomar notas y dejar mensajes. Est\u00e1 fabricado con papel reciclado, lo que lo convierte en una elecci\u00f3n amigable con el medio ambiente.<\/p>\n<p>Una caracter\u00edstica \u00fanica de este portanotas es que contiene semillas en su composici\u00f3n. Una vez que hayas utilizado todas las notas, en lugar de desechar el papel, puedes plantarlo en la tierra. Las semillas incrustadas en el papel comenzar\u00e1n a germinar y crecer\u00e1n en hermosas plantas, creando un impacto positivo en la naturaleza.<\/p>\n<p>Adem\u00e1s, el portanotas incluye 100 notas adhesivas de distintos colores, lo que te permite organizar tus mensajes y destacar la informaci\u00f3n importante de una manera visualmente atractiva.<br \/>\nEste portanotas es una opci\u00f3n ideal para aquellos que valoran la sostenibilidad y desean contribuir a un mundo m\u00e1s verde. Puedes utilizarlo en tu hogar, oficina o regalarlo a alguien especial como un gesto de cuidado hacia el medio ambiente.<\/p>\n<p>Recuerda que una vez que hayas utilizado todas las notas adhesivas, puedes aprovechar el papel plantable y dar vida a nuevas plantas. As\u00ed, estar\u00e1s promoviendo la reutilizaci\u00f3n de materiales y el ciclo de vida sostenible de los productos.<\/p>","protected":false},"featured_media":216662,"comment_status":"open","ping_status":"closed","template":"","meta":{"_acf_changed":false},"product_brand":[14012],"product_cat":[14006,13972],"product_tag":[],"class_list":{"0":"post-216661","1":"product","2":"type-product","3":"status-publish","4":"has-post-thumbnail","6":"product_brand-stamina","7":"product_cat-acc-merchandising","8":"product_cat-oficina-y-escritura","9":"tm-no-options","11":"first","12":"instock","13":"taxable","14":"shipping-taxable","15":"product-type-variable"},"acf":[],"_links":{"self":[{"href":"https:\/\/grupotextil.es\/en\/wp-json\/wp\/v2\/product\/216661","targetHints":{"allow":["GET"]}}],"collection":[{"href":"https:\/\/grupotextil.es\/en\/wp-json\/wp\/v2\/product"}],"about":[{"href":"https:\/\/grupotextil.es\/en\/wp-json\/wp\/v2\/types\/product"}],"replies":[{"embeddable":true,"href":"https:\/\/grupotextil.es\/en\/wp-json\/wp\/v2\/comments?post=216661"}],"wp:featuredmedia":[{"embeddable":true,"href":"https:\/\/grupotextil.es\/en\/wp-json\/wp\/v2\/media\/216662"}],"wp:attachment":[{"href":"https:\/\/grupotextil.es\/en\/wp-json\/wp\/v2\/media?parent=216661"}],"wp:term":[{"taxonomy":"product_brand","embeddable":true,"href":"https:\/\/grupotextil.es\/en\/wp-json\/wp\/v2\/product_brand?post=216661"},{"taxonomy":"product_cat","embeddable":true,"href":"https:\/\/grupotextil.es\/en\/wp-json\/wp\/v2\/product_cat?post=216661"},{"taxonomy":"product_tag","embeddable":true,"href":"https:\/\/grupotextil.es\/en\/wp-json\/wp\/v2\/product_tag?post=216661"}],"curies":[{"name":"wp","href":"https:\/\/api.w.org\/{rel}","templated":true}]}}