{"id":216683,"date":"2026-03-04T03:33:57","date_gmt":"2026-03-04T02:33:57","guid":{"rendered":"https:\/\/grupotextil.es\/producto\/bateria-externa-stamina-blaster-1053\/"},"modified":"2026-03-04T06:15:22","modified_gmt":"2026-03-04T05:15:22","slug":"bateria-externa-stamina-blaster-1053","status":"publish","type":"product","link":"https:\/\/grupotextil.es\/en\/product\/bateria-externa-stamina-blaster-1053\/","title":{"rendered":"Bater\u00eda Externa Stamina Blaster 1053"},"content":{"rendered":"<p>La bater\u00eda externa de 10000 mAh con cuerpo compuesto de bamb\u00fa y fibra de trigo, cuenta con un cargador inal\u00e1mbrico ofreciendo una soluci\u00f3n pr\u00e1ctica y sostenible para mantener tus dispositivos cargados en movimiento. Con su capacidad de 10000 mAh, proporciona una carga confiable y duradera.<\/p>\n<p>Este dispositivo es compatible con dispositivos que admiten tecnolog\u00eda inal\u00e1mbrica, lo que significa que puedes cargar tu smartphone o tablet simplemente coloc\u00e1ndolos en la superficie de carga. Adem\u00e1s, cuenta con una entrada y salida de corriente Tipo C y USB, lo que te permite cargar varios dispositivos simult\u00e1neamente.<\/p>\n<p>El cable Tipo C est\u00e1 incluido en el paquete para una f\u00e1cil conexi\u00f3n y carga. La presentaci\u00f3n de la bater\u00eda externa se realiza en una caja dise\u00f1o eco, en l\u00ednea con su enfoque en la sostenibilidad.<\/p>","protected":false},"excerpt":{"rendered":"<p>La bater\u00eda externa de 10000 mAh con cuerpo compuesto de bamb\u00fa y fibra de trigo, cuenta con un cargador inal\u00e1mbrico ofreciendo una soluci\u00f3n pr\u00e1ctica y sostenible para mantener tus dispositivos cargados en movimiento. Con su capacidad de 10000 mAh, proporciona una carga confiable y duradera.<\/p>\n<p>Este dispositivo es compatible con dispositivos que admiten tecnolog\u00eda inal\u00e1mbrica, lo que significa que puedes cargar tu smartphone o tablet simplemente coloc\u00e1ndolos en la superficie de carga. Adem\u00e1s, cuenta con una entrada y salida de corriente Tipo C y USB, lo que te permite cargar varios dispositivos simult\u00e1neamente.<\/p>\n<p>El cable Tipo C est\u00e1 incluido en el paquete para una f\u00e1cil conexi\u00f3n y carga. La presentaci\u00f3n de la bater\u00eda externa se realiza en una caja dise\u00f1o eco, en l\u00ednea con su enfoque en la sostenibilidad.<\/p>","protected":false},"featured_media":216684,"comment_status":"open","ping_status":"closed","template":"","meta":{"_acf_changed":false},"product_brand":[14012],"product_cat":[14006,13959],"product_tag":[],"class_list":{"0":"post-216683","1":"product","2":"type-product","3":"status-publish","4":"has-post-thumbnail","6":"product_brand-stamina","7":"product_cat-acc-merchandising","8":"product_cat-mr-tecnologia","9":"tm-no-options","11":"first","12":"instock","13":"taxable","14":"shipping-taxable","15":"product-type-variable"},"acf":[],"_links":{"self":[{"href":"https:\/\/grupotextil.es\/en\/wp-json\/wp\/v2\/product\/216683","targetHints":{"allow":["GET"]}}],"collection":[{"href":"https:\/\/grupotextil.es\/en\/wp-json\/wp\/v2\/product"}],"about":[{"href":"https:\/\/grupotextil.es\/en\/wp-json\/wp\/v2\/types\/product"}],"replies":[{"embeddable":true,"href":"https:\/\/grupotextil.es\/en\/wp-json\/wp\/v2\/comments?post=216683"}],"wp:featuredmedia":[{"embeddable":true,"href":"https:\/\/grupotextil.es\/en\/wp-json\/wp\/v2\/media\/216684"}],"wp:attachment":[{"href":"https:\/\/grupotextil.es\/en\/wp-json\/wp\/v2\/media?parent=216683"}],"wp:term":[{"taxonomy":"product_brand","embeddable":true,"href":"https:\/\/grupotextil.es\/en\/wp-json\/wp\/v2\/product_brand?post=216683"},{"taxonomy":"product_cat","embeddable":true,"href":"https:\/\/grupotextil.es\/en\/wp-json\/wp\/v2\/product_cat?post=216683"},{"taxonomy":"product_tag","embeddable":true,"href":"https:\/\/grupotextil.es\/en\/wp-json\/wp\/v2\/product_tag?post=216683"}],"curies":[{"name":"wp","href":"https:\/\/api.w.org\/{rel}","templated":true}]}}