{"id":216691,"date":"2026-03-04T03:34:07","date_gmt":"2026-03-04T02:34:07","guid":{"rendered":"https:\/\/grupotextil.es\/producto\/bateria-externa-con-cargador-inalambrico-magnetico-stamina-brener-1054\/"},"modified":"2026-03-04T06:15:22","modified_gmt":"2026-03-04T05:15:22","slug":"bateria-externa-con-cargador-inalambrico-magnetico-stamina-brener-1054","status":"publish","type":"product","link":"https:\/\/grupotextil.es\/en\/product\/bateria-externa-con-cargador-inalambrico-magnetico-stamina-brener-1054\/","title":{"rendered":"Bater\u00eda Externa con Cargador Inal\u00e1mbrico Magn\u00e9tico Stamina Brener 1054"},"content":{"rendered":"<p>La bater\u00eda externa de 5000 mAh con cuerpo de bamb\u00fa y fibra de trigo y cargador inal\u00e1mbrico magn\u00e9tico es una opci\u00f3n compacta y ecol\u00f3gica para mantener tus dispositivos cargados sobre la marcha. Con su capacidad de 5000 mAh, brinda una carga confiable para tu smartphone u otros dispositivos.<\/p>\n<p>Esta bater\u00eda externa cuenta con un cargador inal\u00e1mbrico magn\u00e9tico y una funci\u00f3n de soporte para smartphone, lo que te permite cargar tu dispositivo de forma inal\u00e1mbrica mientras lo mantienes en posici\u00f3n vertical para una visualizaci\u00f3n conveniente.<\/p>\n<p>Es compatible con dispositivos habilitados para tecnolog\u00eda inal\u00e1mbrica y cuenta con una salida y entrada Tipo C, lo que te permite cargar y recargar la bater\u00eda de manera eficiente.<\/p>\n<p>Incluye un cable Tipo C en el paquete para una conexi\u00f3n f\u00e1cil y r\u00e1pida. La presentaci\u00f3n de la bater\u00eda externa se realiza en una caja dise\u00f1o eco, enfatizando su enfoque en la sostenibilidad y la presentaci\u00f3n est\u00e9tica.<\/p>\n<p>Con la bater\u00eda externa de 5000 mAh con cuerpo de bamb\u00fa y fibra de trigo y cargador inal\u00e1mbrico magn\u00e9tico, puedes mantener tus dispositivos cargados de manera conveniente y respetuosa con el medio ambiente, mientras disfrutas de la comodidad del soporte integrado.<\/p>","protected":false},"excerpt":{"rendered":"<p>La bater\u00eda externa de 5000 mAh con cuerpo de bamb\u00fa y fibra de trigo y cargador inal\u00e1mbrico magn\u00e9tico es una opci\u00f3n compacta y ecol\u00f3gica para mantener tus dispositivos cargados sobre la marcha. Con su capacidad de 5000 mAh, brinda una carga confiable para tu smartphone u otros dispositivos.<\/p>\n<p>Esta bater\u00eda externa cuenta con un cargador inal\u00e1mbrico magn\u00e9tico y una funci\u00f3n de soporte para smartphone, lo que te permite cargar tu dispositivo de forma inal\u00e1mbrica mientras lo mantienes en posici\u00f3n vertical para una visualizaci\u00f3n conveniente.<\/p>\n<p>Es compatible con dispositivos habilitados para tecnolog\u00eda inal\u00e1mbrica y cuenta con una salida y entrada Tipo C, lo que te permite cargar y recargar la bater\u00eda de manera eficiente.<\/p>\n<p>Incluye un cable Tipo C en el paquete para una conexi\u00f3n f\u00e1cil y r\u00e1pida. La presentaci\u00f3n de la bater\u00eda externa se realiza en una caja dise\u00f1o eco, enfatizando su enfoque en la sostenibilidad y la presentaci\u00f3n est\u00e9tica.<\/p>\n<p>Con la bater\u00eda externa de 5000 mAh con cuerpo de bamb\u00fa y fibra de trigo y cargador inal\u00e1mbrico magn\u00e9tico, puedes mantener tus dispositivos cargados de manera conveniente y respetuosa con el medio ambiente, mientras disfrutas de la comodidad del soporte integrado.<\/p>","protected":false},"featured_media":216692,"comment_status":"open","ping_status":"closed","template":"","meta":{"_acf_changed":false},"product_brand":[14012],"product_cat":[14006,13959],"product_tag":[],"class_list":{"0":"post-216691","1":"product","2":"type-product","3":"status-publish","4":"has-post-thumbnail","6":"product_brand-stamina","7":"product_cat-acc-merchandising","8":"product_cat-mr-tecnologia","9":"tm-no-options","11":"first","12":"instock","13":"taxable","14":"shipping-taxable","15":"product-type-variable"},"acf":[],"_links":{"self":[{"href":"https:\/\/grupotextil.es\/en\/wp-json\/wp\/v2\/product\/216691","targetHints":{"allow":["GET"]}}],"collection":[{"href":"https:\/\/grupotextil.es\/en\/wp-json\/wp\/v2\/product"}],"about":[{"href":"https:\/\/grupotextil.es\/en\/wp-json\/wp\/v2\/types\/product"}],"replies":[{"embeddable":true,"href":"https:\/\/grupotextil.es\/en\/wp-json\/wp\/v2\/comments?post=216691"}],"wp:featuredmedia":[{"embeddable":true,"href":"https:\/\/grupotextil.es\/en\/wp-json\/wp\/v2\/media\/216692"}],"wp:attachment":[{"href":"https:\/\/grupotextil.es\/en\/wp-json\/wp\/v2\/media?parent=216691"}],"wp:term":[{"taxonomy":"product_brand","embeddable":true,"href":"https:\/\/grupotextil.es\/en\/wp-json\/wp\/v2\/product_brand?post=216691"},{"taxonomy":"product_cat","embeddable":true,"href":"https:\/\/grupotextil.es\/en\/wp-json\/wp\/v2\/product_cat?post=216691"},{"taxonomy":"product_tag","embeddable":true,"href":"https:\/\/grupotextil.es\/en\/wp-json\/wp\/v2\/product_tag?post=216691"}],"curies":[{"name":"wp","href":"https:\/\/api.w.org\/{rel}","templated":true}]}}