{"id":216716,"date":"2026-03-04T03:34:39","date_gmt":"2026-03-04T02:34:39","guid":{"rendered":"https:\/\/grupotextil.es\/producto\/portadocumentos-fieltro-reciclado-rpet-stamina-sona-1140\/"},"modified":"2026-03-04T06:15:22","modified_gmt":"2026-03-04T05:15:22","slug":"portadocumentos-fieltro-reciclado-rpet-stamina-sona-1140","status":"publish","type":"product","link":"https:\/\/grupotextil.es\/en\/product\/portadocumentos-fieltro-reciclado-rpet-stamina-sona-1140\/","title":{"rendered":"Portadocumentos Fieltro Reciclado RPET Stamina Sona 1140"},"content":{"rendered":"<p>El portadocumentos realizado en fieltro reciclado RPET con dise\u00f1o vigor\u00e9 es la opci\u00f3n perfecta para mantener tus documentos organizados y protegidos. Fabricado con fieltro reciclado RPET, este portadocumentos es una elecci\u00f3n sostenible que contribuye a la reducci\u00f3n de residuos y al cuidado del medio ambiente.<\/p>\n<p>El dise\u00f1o vigor\u00e9 le da un toque moderno y atractivo al portadocumentos, haci\u00e9ndolo destacar. Cuenta con un amplio compartimento con cremallera que te permite guardar y transportar tus documentos de forma segura. Ya sean archivos, papeles importantes o incluso una tablet peque\u00f1a, este portadocumentos tiene el espacio suficiente para mantener tus pertenencias ordenadas y protegidas.<br \/>\nEl fieltro reciclado RPET utilizado en este portadocumentos es duradero y resistente, brindando una protecci\u00f3n adicional a tus documentos contra golpes y ara\u00f1azos.<\/p>\n<p>Con el portadocumentos realizado en fieltro reciclado RPET con dise\u00f1o vigor\u00e9, puedes llevar tus documentos de manera segura y consciente con el medio ambiente. Elige una opci\u00f3n sostenible y estilizada para organizar tus documentos con este portadocumentos de fieltro reciclado RPET.<\/p>","protected":false},"excerpt":{"rendered":"<p>El portadocumentos realizado en fieltro reciclado RPET con dise\u00f1o vigor\u00e9 es la opci\u00f3n perfecta para mantener tus documentos organizados y protegidos. Fabricado con fieltro reciclado RPET, este portadocumentos es una elecci\u00f3n sostenible que contribuye a la reducci\u00f3n de residuos y al cuidado del medio ambiente.<\/p>\n<p>El dise\u00f1o vigor\u00e9 le da un toque moderno y atractivo al portadocumentos, haci\u00e9ndolo destacar. Cuenta con un amplio compartimento con cremallera que te permite guardar y transportar tus documentos de forma segura. Ya sean archivos, papeles importantes o incluso una tablet peque\u00f1a, este portadocumentos tiene el espacio suficiente para mantener tus pertenencias ordenadas y protegidas.<br \/>\nEl fieltro reciclado RPET utilizado en este portadocumentos es duradero y resistente, brindando una protecci\u00f3n adicional a tus documentos contra golpes y ara\u00f1azos.<\/p>\n<p>Con el portadocumentos realizado en fieltro reciclado RPET con dise\u00f1o vigor\u00e9, puedes llevar tus documentos de manera segura y consciente con el medio ambiente. Elige una opci\u00f3n sostenible y estilizada para organizar tus documentos con este portadocumentos de fieltro reciclado RPET.<\/p>","protected":false},"featured_media":216717,"comment_status":"open","ping_status":"closed","template":"","meta":{"_acf_changed":false},"product_brand":[14012],"product_cat":[13948],"product_tag":[],"class_list":{"0":"post-216716","1":"product","2":"type-product","3":"status-publish","4":"has-post-thumbnail","6":"product_brand-stamina","7":"product_cat-accesorios","8":"tm-no-options","10":"first","11":"instock","12":"taxable","13":"shipping-taxable","14":"product-type-variable"},"acf":[],"_links":{"self":[{"href":"https:\/\/grupotextil.es\/en\/wp-json\/wp\/v2\/product\/216716","targetHints":{"allow":["GET"]}}],"collection":[{"href":"https:\/\/grupotextil.es\/en\/wp-json\/wp\/v2\/product"}],"about":[{"href":"https:\/\/grupotextil.es\/en\/wp-json\/wp\/v2\/types\/product"}],"replies":[{"embeddable":true,"href":"https:\/\/grupotextil.es\/en\/wp-json\/wp\/v2\/comments?post=216716"}],"wp:featuredmedia":[{"embeddable":true,"href":"https:\/\/grupotextil.es\/en\/wp-json\/wp\/v2\/media\/216717"}],"wp:attachment":[{"href":"https:\/\/grupotextil.es\/en\/wp-json\/wp\/v2\/media?parent=216716"}],"wp:term":[{"taxonomy":"product_brand","embeddable":true,"href":"https:\/\/grupotextil.es\/en\/wp-json\/wp\/v2\/product_brand?post=216716"},{"taxonomy":"product_cat","embeddable":true,"href":"https:\/\/grupotextil.es\/en\/wp-json\/wp\/v2\/product_cat?post=216716"},{"taxonomy":"product_tag","embeddable":true,"href":"https:\/\/grupotextil.es\/en\/wp-json\/wp\/v2\/product_tag?post=216716"}],"curies":[{"name":"wp","href":"https:\/\/api.w.org\/{rel}","templated":true}]}}