{"id":216729,"date":"2026-03-04T03:35:00","date_gmt":"2026-03-04T02:35:00","guid":{"rendered":"https:\/\/grupotextil.es\/producto\/balsamo-labial-stamina-babel-1164\/"},"modified":"2026-03-04T06:15:22","modified_gmt":"2026-03-04T05:15:22","slug":"balsamo-labial-stamina-babel-1164","status":"publish","type":"product","link":"https:\/\/grupotextil.es\/en\/product\/balsamo-labial-stamina-babel-1164\/","title":{"rendered":"B\u00e1lsamo Labial Stamina Babel 1164"},"content":{"rendered":"<p>B\u00e1lsamo labial con estuche cl\u00e1sico en acabado metalizado en forma de barra. Opci\u00f3n elegante y pr\u00e1ctica para el cuidado de los labios. El estuche met\u00e1lico le brinda un aspecto sofisticado y duradero, protegiendo el b\u00e1lsamo de golpes y da\u00f1os.<br \/>\nEl b\u00e1lsamo labial en forma de barra proporciona una aplicaci\u00f3n suave y uniforme, hidratando y protegiendo los labios de la sequedad y los factores ambientales. Adem\u00e1s, este b\u00e1lsamo labial ofrece una protecci\u00f3n solar SPF15, ayudando a prevenir los da\u00f1os causados por los rayos UV.<br \/>\nEl estuche cl\u00e1sico en acabado metalizado le brinda un toque de elegancia y permite llevar el b\u00e1lsamo labial de manera c\u00f3moda en el bolso, bolsillo o neceser, asegurando que est\u00e9 siempre al alcance cuando se necesite.<\/p>","protected":false},"excerpt":{"rendered":"<p>B\u00e1lsamo labial con estuche cl\u00e1sico en acabado metalizado en forma de barra. Opci\u00f3n elegante y pr\u00e1ctica para el cuidado de los labios. El estuche met\u00e1lico le brinda un aspecto sofisticado y duradero, protegiendo el b\u00e1lsamo de golpes y da\u00f1os.<br \/>\nEl b\u00e1lsamo labial en forma de barra proporciona una aplicaci\u00f3n suave y uniforme, hidratando y protegiendo los labios de la sequedad y los factores ambientales. Adem\u00e1s, este b\u00e1lsamo labial ofrece una protecci\u00f3n solar SPF15, ayudando a prevenir los da\u00f1os causados por los rayos UV.<br \/>\nEl estuche cl\u00e1sico en acabado metalizado le brinda un toque de elegancia y permite llevar el b\u00e1lsamo labial de manera c\u00f3moda en el bolso, bolsillo o neceser, asegurando que est\u00e9 siempre al alcance cuando se necesite.<\/p>","protected":false},"featured_media":216730,"comment_status":"open","ping_status":"closed","template":"","meta":{"_acf_changed":false},"product_brand":[14012],"product_cat":[13973],"product_tag":[],"class_list":{"0":"post-216729","1":"product","2":"type-product","3":"status-publish","4":"has-post-thumbnail","6":"product_brand-stamina","7":"product_cat-ropa","8":"tm-no-options","10":"first","11":"instock","12":"taxable","13":"shipping-taxable","14":"product-type-variable"},"acf":[],"_links":{"self":[{"href":"https:\/\/grupotextil.es\/en\/wp-json\/wp\/v2\/product\/216729","targetHints":{"allow":["GET"]}}],"collection":[{"href":"https:\/\/grupotextil.es\/en\/wp-json\/wp\/v2\/product"}],"about":[{"href":"https:\/\/grupotextil.es\/en\/wp-json\/wp\/v2\/types\/product"}],"replies":[{"embeddable":true,"href":"https:\/\/grupotextil.es\/en\/wp-json\/wp\/v2\/comments?post=216729"}],"wp:featuredmedia":[{"embeddable":true,"href":"https:\/\/grupotextil.es\/en\/wp-json\/wp\/v2\/media\/216730"}],"wp:attachment":[{"href":"https:\/\/grupotextil.es\/en\/wp-json\/wp\/v2\/media?parent=216729"}],"wp:term":[{"taxonomy":"product_brand","embeddable":true,"href":"https:\/\/grupotextil.es\/en\/wp-json\/wp\/v2\/product_brand?post=216729"},{"taxonomy":"product_cat","embeddable":true,"href":"https:\/\/grupotextil.es\/en\/wp-json\/wp\/v2\/product_cat?post=216729"},{"taxonomy":"product_tag","embeddable":true,"href":"https:\/\/grupotextil.es\/en\/wp-json\/wp\/v2\/product_tag?post=216729"}],"curies":[{"name":"wp","href":"https:\/\/api.w.org\/{rel}","templated":true}]}}