{"id":216762,"date":"2026-03-04T03:35:36","date_gmt":"2026-03-04T02:35:36","guid":{"rendered":"https:\/\/grupotextil.es\/producto\/luz-led-para-smartphone-stamina-lumax-1179\/"},"modified":"2026-03-04T06:15:23","modified_gmt":"2026-03-04T05:15:23","slug":"luz-led-para-smartphone-stamina-lumax-1179","status":"publish","type":"product","link":"https:\/\/grupotextil.es\/en\/product\/luz-led-para-smartphone-stamina-lumax-1179\/","title":{"rendered":"Luz LED para Smartphone Stamina Lumax 1179"},"content":{"rendered":"<p>Luz LED para smartphone con tres niveles de intensidad lum\u00ednica para mejora de la luz fotogr\u00e1fica. Se acopla f\u00e1cilmente al smartphone mediante clip adaptable. Con bater\u00eda recargable a trav\u00e9s de USB C, cable incluido, e indicador luminoso de carga. Presentaci\u00f3n en caja dise\u00f1o.<\/p>\n<p>&nbsp;<\/p>","protected":false},"excerpt":{"rendered":"<p>Luz LED para smartphone con tres niveles de intensidad lum\u00ednica para mejora de la luz fotogr\u00e1fica. Se acopla f\u00e1cilmente al smartphone mediante clip adaptable. Con bater\u00eda recargable a trav\u00e9s de USB C, cable incluido, e indicador luminoso de carga. Presentaci\u00f3n en caja dise\u00f1o.<\/p>\n<p>&nbsp;<\/p>","protected":false},"featured_media":216763,"comment_status":"open","ping_status":"closed","template":"","meta":{"_acf_changed":false},"product_brand":[14012],"product_cat":[13948,14006,13959],"product_tag":[],"class_list":{"0":"post-216762","1":"product","2":"type-product","3":"status-publish","4":"has-post-thumbnail","6":"product_brand-stamina","7":"product_cat-accesorios","8":"product_cat-acc-merchandising","9":"product_cat-mr-tecnologia","10":"tm-no-options","12":"first","13":"instock","14":"taxable","15":"shipping-taxable","16":"product-type-variable"},"acf":[],"_links":{"self":[{"href":"https:\/\/grupotextil.es\/en\/wp-json\/wp\/v2\/product\/216762","targetHints":{"allow":["GET"]}}],"collection":[{"href":"https:\/\/grupotextil.es\/en\/wp-json\/wp\/v2\/product"}],"about":[{"href":"https:\/\/grupotextil.es\/en\/wp-json\/wp\/v2\/types\/product"}],"replies":[{"embeddable":true,"href":"https:\/\/grupotextil.es\/en\/wp-json\/wp\/v2\/comments?post=216762"}],"wp:featuredmedia":[{"embeddable":true,"href":"https:\/\/grupotextil.es\/en\/wp-json\/wp\/v2\/media\/216763"}],"wp:attachment":[{"href":"https:\/\/grupotextil.es\/en\/wp-json\/wp\/v2\/media?parent=216762"}],"wp:term":[{"taxonomy":"product_brand","embeddable":true,"href":"https:\/\/grupotextil.es\/en\/wp-json\/wp\/v2\/product_brand?post=216762"},{"taxonomy":"product_cat","embeddable":true,"href":"https:\/\/grupotextil.es\/en\/wp-json\/wp\/v2\/product_cat?post=216762"},{"taxonomy":"product_tag","embeddable":true,"href":"https:\/\/grupotextil.es\/en\/wp-json\/wp\/v2\/product_tag?post=216762"}],"curies":[{"name":"wp","href":"https:\/\/api.w.org\/{rel}","templated":true}]}}