{"id":216780,"date":"2026-03-04T03:35:55","date_gmt":"2026-03-04T02:35:55","guid":{"rendered":"https:\/\/grupotextil.es\/producto\/soporte-de-coche-para-movil-con-cargador-inalambrico-deniz-1052\/"},"modified":"2026-03-04T06:15:23","modified_gmt":"2026-03-04T05:15:23","slug":"soporte-de-coche-para-movil-con-cargador-inalambrico-deniz-1052","status":"publish","type":"product","link":"https:\/\/grupotextil.es\/en\/product\/soporte-de-coche-para-movil-con-cargador-inalambrico-deniz-1052\/","title":{"rendered":"Soporte de Coche para M\u00f3vil con Cargador Inal\u00e1mbrico Deniz 1052"},"content":{"rendered":"<p><strong>PRODUCTO QUE SE DESCATALOGAR\u00c1 CUANDO SE AGOTEN LAS EXISTENCIAS<\/strong> \u2013 Soporte de coche con funci\u00f3n magn\u00e9tica para Smartphone y cargador inal\u00e1mbrico. Fabricado en bamb\u00fa y fibra de trigo. Cuenta con funci\u00f3n de carga inal\u00e1mbrica, rotaci\u00f3n de la base en el soporte, con sujeci\u00f3n adaptable. Compatible con dispositivos provisto de tecnolog\u00eda de carga inal\u00e1mbrica. Incluye un martillo de emergencia para romper cristales, corta cinturones y cable Tipo C de conexi\u00f3n junto con anilla met\u00e1lica. Presentaci\u00f3n en caja dise\u00f1o eco.<\/p>","protected":false},"excerpt":{"rendered":"<p><strong>PRODUCTO QUE SE DESCATALOGAR\u00c1 CUANDO SE AGOTEN LAS EXISTENCIAS<\/strong> \u2013 Soporte de coche con funci\u00f3n magn\u00e9tica para Smartphone y cargador inal\u00e1mbrico. Fabricado en bamb\u00fa y fibra de trigo. Cuenta con funci\u00f3n de carga inal\u00e1mbrica, rotaci\u00f3n de la base en el soporte, con sujeci\u00f3n adaptable. Compatible con dispositivos provisto de tecnolog\u00eda de carga inal\u00e1mbrica. Incluye un martillo de emergencia para romper cristales, corta cinturones y cable Tipo C de conexi\u00f3n junto con anilla met\u00e1lica. Presentaci\u00f3n en caja dise\u00f1o eco.<\/p>","protected":false},"featured_media":216781,"comment_status":"open","ping_status":"closed","template":"","meta":{"_acf_changed":false},"product_brand":[14012],"product_cat":[14006,13959],"product_tag":[],"class_list":{"0":"post-216780","1":"product","2":"type-product","3":"status-publish","4":"has-post-thumbnail","6":"product_brand-stamina","7":"product_cat-acc-merchandising","8":"product_cat-mr-tecnologia","9":"tm-no-options","11":"first","12":"instock","13":"taxable","14":"shipping-taxable","15":"product-type-variable"},"acf":[],"_links":{"self":[{"href":"https:\/\/grupotextil.es\/en\/wp-json\/wp\/v2\/product\/216780","targetHints":{"allow":["GET"]}}],"collection":[{"href":"https:\/\/grupotextil.es\/en\/wp-json\/wp\/v2\/product"}],"about":[{"href":"https:\/\/grupotextil.es\/en\/wp-json\/wp\/v2\/types\/product"}],"replies":[{"embeddable":true,"href":"https:\/\/grupotextil.es\/en\/wp-json\/wp\/v2\/comments?post=216780"}],"wp:featuredmedia":[{"embeddable":true,"href":"https:\/\/grupotextil.es\/en\/wp-json\/wp\/v2\/media\/216781"}],"wp:attachment":[{"href":"https:\/\/grupotextil.es\/en\/wp-json\/wp\/v2\/media?parent=216780"}],"wp:term":[{"taxonomy":"product_brand","embeddable":true,"href":"https:\/\/grupotextil.es\/en\/wp-json\/wp\/v2\/product_brand?post=216780"},{"taxonomy":"product_cat","embeddable":true,"href":"https:\/\/grupotextil.es\/en\/wp-json\/wp\/v2\/product_cat?post=216780"},{"taxonomy":"product_tag","embeddable":true,"href":"https:\/\/grupotextil.es\/en\/wp-json\/wp\/v2\/product_tag?post=216780"}],"curies":[{"name":"wp","href":"https:\/\/api.w.org\/{rel}","templated":true}]}}