{"id":216811,"date":"2026-03-04T03:36:31","date_gmt":"2026-03-04T02:36:31","guid":{"rendered":"https:\/\/grupotextil.es\/producto\/cargador-inalambrico-stamina-remus-1082\/"},"modified":"2026-03-04T06:15:23","modified_gmt":"2026-03-04T05:15:23","slug":"cargador-inalambrico-stamina-remus-1082","status":"publish","type":"product","link":"https:\/\/grupotextil.es\/en\/product\/cargador-inalambrico-stamina-remus-1082\/","title":{"rendered":"Cargador Inal\u00e1mbrico Stamina Remus 1082"},"content":{"rendered":"<p><strong>PRODUCTO QUE SE DESCATALOGAR\u00c1 CUANDO SE AGOTEN LAS EXISTENCIAS<\/strong> \u2013 Cargador inal\u00e1mbrico de 10W con cuerpo elaborado en ABS y superficie de carga en bamb\u00fa. La base de carga es plegable, incorpor\u00e1ndose en vertical para poder colocar el dispositivo en la misma posici\u00f3n. Con indicador luminoso de estado de carga. Compatible con dispositivos provistos de esta tecnolog\u00eda. Con cable de conexi\u00f3n Tipo C incluido.<\/p>","protected":false},"excerpt":{"rendered":"<p><strong>PRODUCTO QUE SE DESCATALOGAR\u00c1 CUANDO SE AGOTEN LAS EXISTENCIAS<\/strong> \u2013 Cargador inal\u00e1mbrico de 10W con cuerpo elaborado en ABS y superficie de carga en bamb\u00fa. La base de carga es plegable, incorpor\u00e1ndose en vertical para poder colocar el dispositivo en la misma posici\u00f3n. Con indicador luminoso de estado de carga. Compatible con dispositivos provistos de esta tecnolog\u00eda. Con cable de conexi\u00f3n Tipo C incluido.<\/p>","protected":false},"featured_media":216812,"comment_status":"open","ping_status":"closed","template":"","meta":{"_acf_changed":false},"product_brand":[14012],"product_cat":[14006,13959],"product_tag":[],"class_list":{"0":"post-216811","1":"product","2":"type-product","3":"status-publish","4":"has-post-thumbnail","6":"product_brand-stamina","7":"product_cat-acc-merchandising","8":"product_cat-mr-tecnologia","9":"tm-no-options","11":"first","12":"instock","13":"taxable","14":"shipping-taxable","15":"product-type-variable"},"acf":[],"_links":{"self":[{"href":"https:\/\/grupotextil.es\/en\/wp-json\/wp\/v2\/product\/216811","targetHints":{"allow":["GET"]}}],"collection":[{"href":"https:\/\/grupotextil.es\/en\/wp-json\/wp\/v2\/product"}],"about":[{"href":"https:\/\/grupotextil.es\/en\/wp-json\/wp\/v2\/types\/product"}],"replies":[{"embeddable":true,"href":"https:\/\/grupotextil.es\/en\/wp-json\/wp\/v2\/comments?post=216811"}],"wp:featuredmedia":[{"embeddable":true,"href":"https:\/\/grupotextil.es\/en\/wp-json\/wp\/v2\/media\/216812"}],"wp:attachment":[{"href":"https:\/\/grupotextil.es\/en\/wp-json\/wp\/v2\/media?parent=216811"}],"wp:term":[{"taxonomy":"product_brand","embeddable":true,"href":"https:\/\/grupotextil.es\/en\/wp-json\/wp\/v2\/product_brand?post=216811"},{"taxonomy":"product_cat","embeddable":true,"href":"https:\/\/grupotextil.es\/en\/wp-json\/wp\/v2\/product_cat?post=216811"},{"taxonomy":"product_tag","embeddable":true,"href":"https:\/\/grupotextil.es\/en\/wp-json\/wp\/v2\/product_tag?post=216811"}],"curies":[{"name":"wp","href":"https:\/\/api.w.org\/{rel}","templated":true}]}}