{"id":216924,"date":"2026-03-04T03:38:49","date_gmt":"2026-03-04T02:38:49","guid":{"rendered":"https:\/\/grupotextil.es\/producto\/funda-para-portatil-de-15%e2%80%b3-fieltro-reciclado-rpet-stamina-amber-1141\/"},"modified":"2026-03-04T06:15:24","modified_gmt":"2026-03-04T05:15:24","slug":"funda-para-portatil-de-15%e2%80%b3-fieltro-reciclado-rpet-stamina-amber-1141","status":"publish","type":"product","link":"https:\/\/grupotextil.es\/en\/product\/funda-para-portatil-de-15%e2%80%b3-fieltro-reciclado-rpet-stamina-amber-1141\/","title":{"rendered":"Funda para Port\u00e1til de 15\u2033 Fieltro Reciclado RPET Stamina Amber 1141"},"content":{"rendered":"<p>Funda para port\u00e1til de 15\u2033 realizada en fieltro reciclado con dise\u00f1o vigor\u00e9, una opci\u00f3n perfecta para proteger tu port\u00e1til de manera segura y sostenible. La funda cuenta con dos compartimentos adicionales que te permiten guardar accesorios y documentos y solapa con cierre de velcro. Esta funda brinda una opci\u00f3n adicional para la protecci\u00f3n de tu dispositivo.<\/p>","protected":false},"excerpt":{"rendered":"<p>Funda para port\u00e1til de 15\u2033 realizada en fieltro reciclado con dise\u00f1o vigor\u00e9, una opci\u00f3n perfecta para proteger tu port\u00e1til de manera segura y sostenible. La funda cuenta con dos compartimentos adicionales que te permiten guardar accesorios y documentos y solapa con cierre de velcro. Esta funda brinda una opci\u00f3n adicional para la protecci\u00f3n de tu dispositivo.<\/p>","protected":false},"featured_media":216925,"comment_status":"open","ping_status":"closed","template":"","meta":{"_acf_changed":false},"product_brand":[14012],"product_cat":[13948,14006,13959],"product_tag":[],"class_list":{"0":"post-216924","1":"product","2":"type-product","3":"status-publish","4":"has-post-thumbnail","6":"product_brand-stamina","7":"product_cat-accesorios","8":"product_cat-acc-merchandising","9":"product_cat-mr-tecnologia","10":"tm-no-options","12":"first","13":"instock","14":"taxable","15":"shipping-taxable","16":"product-type-variable"},"acf":[],"_links":{"self":[{"href":"https:\/\/grupotextil.es\/en\/wp-json\/wp\/v2\/product\/216924","targetHints":{"allow":["GET"]}}],"collection":[{"href":"https:\/\/grupotextil.es\/en\/wp-json\/wp\/v2\/product"}],"about":[{"href":"https:\/\/grupotextil.es\/en\/wp-json\/wp\/v2\/types\/product"}],"replies":[{"embeddable":true,"href":"https:\/\/grupotextil.es\/en\/wp-json\/wp\/v2\/comments?post=216924"}],"wp:featuredmedia":[{"embeddable":true,"href":"https:\/\/grupotextil.es\/en\/wp-json\/wp\/v2\/media\/216925"}],"wp:attachment":[{"href":"https:\/\/grupotextil.es\/en\/wp-json\/wp\/v2\/media?parent=216924"}],"wp:term":[{"taxonomy":"product_brand","embeddable":true,"href":"https:\/\/grupotextil.es\/en\/wp-json\/wp\/v2\/product_brand?post=216924"},{"taxonomy":"product_cat","embeddable":true,"href":"https:\/\/grupotextil.es\/en\/wp-json\/wp\/v2\/product_cat?post=216924"},{"taxonomy":"product_tag","embeddable":true,"href":"https:\/\/grupotextil.es\/en\/wp-json\/wp\/v2\/product_tag?post=216924"}],"curies":[{"name":"wp","href":"https:\/\/api.w.org\/{rel}","templated":true}]}}