{"id":217047,"date":"2026-03-04T03:41:12","date_gmt":"2026-03-04T02:41:12","guid":{"rendered":"https:\/\/grupotextil.es\/producto\/mochila-stamina-fantom-1201\/"},"modified":"2026-03-04T06:15:25","modified_gmt":"2026-03-04T05:15:25","slug":"mochila-stamina-fantom-1201","status":"publish","type":"product","link":"https:\/\/grupotextil.es\/en\/product\/mochila-stamina-fantom-1201\/","title":{"rendered":"Mochila Stamina Fantom 1201"},"content":{"rendered":"<p>Bolso mochila multifunci\u00f3n realizado en PU Leather con acabado premium y resistente al agua. Cuenta con cintas acolchadas para hombros para funci\u00f3n mochila, ocultas en un bolsillo externo, cinta adaptable y asas para adaptarse a diferentes formas de transporte. Cuenta con un amplio compartimento principal y un bolsillo acolchado espec\u00edfico para port\u00e1til en su interior, adem\u00e1s de m\u00faltiples bolsillos exteriores que te permiten organizar tus objetos m\u00e1s peque\u00f1os y de acceso r\u00e1pido. Tambi\u00e9n incluye un compartimento especial para calzado. Todos los compartimentos cuentan con cremalleras impermeables.<\/p>","protected":false},"excerpt":{"rendered":"<p>Bolso mochila multifunci\u00f3n realizado en PU Leather con acabado premium y resistente al agua. Cuenta con cintas acolchadas para hombros para funci\u00f3n mochila, ocultas en un bolsillo externo, cinta adaptable y asas para adaptarse a diferentes formas de transporte. Cuenta con un amplio compartimento principal y un bolsillo acolchado espec\u00edfico para port\u00e1til en su interior, adem\u00e1s de m\u00faltiples bolsillos exteriores que te permiten organizar tus objetos m\u00e1s peque\u00f1os y de acceso r\u00e1pido. Tambi\u00e9n incluye un compartimento especial para calzado. Todos los compartimentos cuentan con cremalleras impermeables.<\/p>","protected":false},"featured_media":217048,"comment_status":"open","ping_status":"closed","template":"","meta":{"_acf_changed":false},"product_brand":[14012],"product_cat":[13954],"product_tag":[],"class_list":{"0":"post-217047","1":"product","2":"type-product","3":"status-publish","4":"has-post-thumbnail","6":"product_brand-stamina","7":"product_cat-acc-bolsas-y-mochilas","8":"tm-no-options","10":"first","11":"instock","12":"taxable","13":"shipping-taxable","14":"product-type-variable"},"acf":[],"_links":{"self":[{"href":"https:\/\/grupotextil.es\/en\/wp-json\/wp\/v2\/product\/217047","targetHints":{"allow":["GET"]}}],"collection":[{"href":"https:\/\/grupotextil.es\/en\/wp-json\/wp\/v2\/product"}],"about":[{"href":"https:\/\/grupotextil.es\/en\/wp-json\/wp\/v2\/types\/product"}],"replies":[{"embeddable":true,"href":"https:\/\/grupotextil.es\/en\/wp-json\/wp\/v2\/comments?post=217047"}],"wp:featuredmedia":[{"embeddable":true,"href":"https:\/\/grupotextil.es\/en\/wp-json\/wp\/v2\/media\/217048"}],"wp:attachment":[{"href":"https:\/\/grupotextil.es\/en\/wp-json\/wp\/v2\/media?parent=217047"}],"wp:term":[{"taxonomy":"product_brand","embeddable":true,"href":"https:\/\/grupotextil.es\/en\/wp-json\/wp\/v2\/product_brand?post=217047"},{"taxonomy":"product_cat","embeddable":true,"href":"https:\/\/grupotextil.es\/en\/wp-json\/wp\/v2\/product_cat?post=217047"},{"taxonomy":"product_tag","embeddable":true,"href":"https:\/\/grupotextil.es\/en\/wp-json\/wp\/v2\/product_tag?post=217047"}],"curies":[{"name":"wp","href":"https:\/\/api.w.org\/{rel}","templated":true}]}}