{"id":217056,"date":"2026-03-04T03:41:26","date_gmt":"2026-03-04T02:41:26","guid":{"rendered":"https:\/\/grupotextil.es\/producto\/altavoz-inalambrico-stamina-yamo-1056\/"},"modified":"2026-03-04T06:15:25","modified_gmt":"2026-03-04T05:15:25","slug":"altavoz-inalambrico-stamina-yamo-1056","status":"publish","type":"product","link":"https:\/\/grupotextil.es\/en\/product\/altavoz-inalambrico-stamina-yamo-1056\/","title":{"rendered":"Altavoz Inal\u00e1mbrico Stamina Yamo 1056"},"content":{"rendered":"<p><strong>PRODUCTO QUE SE DESCATALOGAR\u00c1 CUANDO SE AGOTEN LAS EXISTENCIAS<\/strong> \u2013 Altavoz inal\u00e1mbrico elaborado con cuerpo de corcho y superficie de bamb\u00fa. Con potencia de 3W y bater\u00eda recargable. Cuenta con bot\u00f3n multifunci\u00f3n, indicador luminoso de carga y salida de audio con conexi\u00f3n Bluetooth. Con puerto Tipo C para carga, cable incluido.<\/p>","protected":false},"excerpt":{"rendered":"<p><strong>PRODUCTO QUE SE DESCATALOGAR\u00c1 CUANDO SE AGOTEN LAS EXISTENCIAS<\/strong> \u2013 Altavoz inal\u00e1mbrico elaborado con cuerpo de corcho y superficie de bamb\u00fa. Con potencia de 3W y bater\u00eda recargable. Cuenta con bot\u00f3n multifunci\u00f3n, indicador luminoso de carga y salida de audio con conexi\u00f3n Bluetooth. Con puerto Tipo C para carga, cable incluido.<\/p>","protected":false},"featured_media":217057,"comment_status":"open","ping_status":"closed","template":"","meta":{"_acf_changed":false},"product_brand":[14012],"product_cat":[14006,13959],"product_tag":[],"class_list":{"0":"post-217056","1":"product","2":"type-product","3":"status-publish","4":"has-post-thumbnail","6":"product_brand-stamina","7":"product_cat-acc-merchandising","8":"product_cat-mr-tecnologia","9":"tm-no-options","11":"first","12":"instock","13":"taxable","14":"shipping-taxable","15":"product-type-variable"},"acf":[],"_links":{"self":[{"href":"https:\/\/grupotextil.es\/en\/wp-json\/wp\/v2\/product\/217056","targetHints":{"allow":["GET"]}}],"collection":[{"href":"https:\/\/grupotextil.es\/en\/wp-json\/wp\/v2\/product"}],"about":[{"href":"https:\/\/grupotextil.es\/en\/wp-json\/wp\/v2\/types\/product"}],"replies":[{"embeddable":true,"href":"https:\/\/grupotextil.es\/en\/wp-json\/wp\/v2\/comments?post=217056"}],"wp:featuredmedia":[{"embeddable":true,"href":"https:\/\/grupotextil.es\/en\/wp-json\/wp\/v2\/media\/217057"}],"wp:attachment":[{"href":"https:\/\/grupotextil.es\/en\/wp-json\/wp\/v2\/media?parent=217056"}],"wp:term":[{"taxonomy":"product_brand","embeddable":true,"href":"https:\/\/grupotextil.es\/en\/wp-json\/wp\/v2\/product_brand?post=217056"},{"taxonomy":"product_cat","embeddable":true,"href":"https:\/\/grupotextil.es\/en\/wp-json\/wp\/v2\/product_cat?post=217056"},{"taxonomy":"product_tag","embeddable":true,"href":"https:\/\/grupotextil.es\/en\/wp-json\/wp\/v2\/product_tag?post=217056"}],"curies":[{"name":"wp","href":"https:\/\/api.w.org\/{rel}","templated":true}]}}