{"id":217063,"date":"2026-03-04T03:41:38","date_gmt":"2026-03-04T02:41:38","guid":{"rendered":"https:\/\/grupotextil.es\/producto\/altavoz-inalambrico-stamina-voxel-1061\/"},"modified":"2026-03-04T06:15:25","modified_gmt":"2026-03-04T05:15:25","slug":"altavoz-inalambrico-stamina-voxel-1061","status":"publish","type":"product","link":"https:\/\/grupotextil.es\/en\/product\/altavoz-inalambrico-stamina-voxel-1061\/","title":{"rendered":"Altavoz Inal\u00e1mbrico Stamina Voxel 1061"},"content":{"rendered":"<p>Altavoz inal\u00e1mbrico fabricado en aluminio reciclado y base de corcho. Con potencia de 3W y bater\u00eda recargable de 300mAh. Tiempo m\u00e1ximo de reproducci\u00f3n continua de hasta 3 horas.Salida de audio mediante conexi\u00f3n Bluetooth. Cuenta con bot\u00f3n multifunci\u00f3n en la parte trasera e indicador luminoso de carga.<\/p>","protected":false},"excerpt":{"rendered":"<p>Altavoz inal\u00e1mbrico fabricado en aluminio reciclado y base de corcho. Con potencia de 3W y bater\u00eda recargable de 300mAh. Tiempo m\u00e1ximo de reproducci\u00f3n continua de hasta 3 horas.Salida de audio mediante conexi\u00f3n Bluetooth. Cuenta con bot\u00f3n multifunci\u00f3n en la parte trasera e indicador luminoso de carga.<\/p>","protected":false},"featured_media":217064,"comment_status":"open","ping_status":"closed","template":"","meta":{"_acf_changed":false},"product_brand":[14012],"product_cat":[14006,13959],"product_tag":[],"class_list":{"0":"post-217063","1":"product","2":"type-product","3":"status-publish","4":"has-post-thumbnail","6":"product_brand-stamina","7":"product_cat-acc-merchandising","8":"product_cat-mr-tecnologia","9":"tm-no-options","11":"first","12":"instock","13":"taxable","14":"shipping-taxable","15":"product-type-variable"},"acf":[],"_links":{"self":[{"href":"https:\/\/grupotextil.es\/en\/wp-json\/wp\/v2\/product\/217063","targetHints":{"allow":["GET"]}}],"collection":[{"href":"https:\/\/grupotextil.es\/en\/wp-json\/wp\/v2\/product"}],"about":[{"href":"https:\/\/grupotextil.es\/en\/wp-json\/wp\/v2\/types\/product"}],"replies":[{"embeddable":true,"href":"https:\/\/grupotextil.es\/en\/wp-json\/wp\/v2\/comments?post=217063"}],"wp:featuredmedia":[{"embeddable":true,"href":"https:\/\/grupotextil.es\/en\/wp-json\/wp\/v2\/media\/217064"}],"wp:attachment":[{"href":"https:\/\/grupotextil.es\/en\/wp-json\/wp\/v2\/media?parent=217063"}],"wp:term":[{"taxonomy":"product_brand","embeddable":true,"href":"https:\/\/grupotextil.es\/en\/wp-json\/wp\/v2\/product_brand?post=217063"},{"taxonomy":"product_cat","embeddable":true,"href":"https:\/\/grupotextil.es\/en\/wp-json\/wp\/v2\/product_cat?post=217063"},{"taxonomy":"product_tag","embeddable":true,"href":"https:\/\/grupotextil.es\/en\/wp-json\/wp\/v2\/product_tag?post=217063"}],"curies":[{"name":"wp","href":"https:\/\/api.w.org\/{rel}","templated":true}]}}