{"id":217074,"date":"2026-03-04T03:41:55","date_gmt":"2026-03-04T02:41:55","guid":{"rendered":"https:\/\/grupotextil.es\/producto\/altavoz-inalambrico-stamina-corus-1062\/"},"modified":"2026-03-04T06:15:26","modified_gmt":"2026-03-04T05:15:26","slug":"altavoz-inalambrico-stamina-corus-1062","status":"publish","type":"product","link":"https:\/\/grupotextil.es\/en\/product\/altavoz-inalambrico-stamina-corus-1062\/","title":{"rendered":"Altavoz Inal\u00e1mbrico Stamina Corus 1062"},"content":{"rendered":"<p>Altavoz inal\u00e1mbrico fabricado en aluminio reciclado y cuerpo en distintos colores. Con bater\u00eda recargable y potencia de 3W. Tiempo m\u00e1ximo de reproducci\u00f3n de hasta 3 horas. Reproducci\u00f3n de audio Bluetooth, radio FM y mediante tarjeta MicroSD. Funci\u00f3n mano libres, con micr\u00f3fono incorporado y bot\u00f3n multifunci\u00f3n para control de llamadas.<\/p>","protected":false},"excerpt":{"rendered":"<p>Altavoz inal\u00e1mbrico fabricado en aluminio reciclado y cuerpo en distintos colores. Con bater\u00eda recargable y potencia de 3W. Tiempo m\u00e1ximo de reproducci\u00f3n de hasta 3 horas. Reproducci\u00f3n de audio Bluetooth, radio FM y mediante tarjeta MicroSD. Funci\u00f3n mano libres, con micr\u00f3fono incorporado y bot\u00f3n multifunci\u00f3n para control de llamadas.<\/p>","protected":false},"featured_media":217075,"comment_status":"open","ping_status":"closed","template":"","meta":{"_acf_changed":false},"product_brand":[14012],"product_cat":[14006,13959],"product_tag":[],"class_list":{"0":"post-217074","1":"product","2":"type-product","3":"status-publish","4":"has-post-thumbnail","6":"product_brand-stamina","7":"product_cat-acc-merchandising","8":"product_cat-mr-tecnologia","9":"tm-no-options","11":"first","12":"instock","13":"taxable","14":"shipping-taxable","15":"product-type-variable"},"acf":[],"_links":{"self":[{"href":"https:\/\/grupotextil.es\/en\/wp-json\/wp\/v2\/product\/217074","targetHints":{"allow":["GET"]}}],"collection":[{"href":"https:\/\/grupotextil.es\/en\/wp-json\/wp\/v2\/product"}],"about":[{"href":"https:\/\/grupotextil.es\/en\/wp-json\/wp\/v2\/types\/product"}],"replies":[{"embeddable":true,"href":"https:\/\/grupotextil.es\/en\/wp-json\/wp\/v2\/comments?post=217074"}],"wp:featuredmedia":[{"embeddable":true,"href":"https:\/\/grupotextil.es\/en\/wp-json\/wp\/v2\/media\/217075"}],"wp:attachment":[{"href":"https:\/\/grupotextil.es\/en\/wp-json\/wp\/v2\/media?parent=217074"}],"wp:term":[{"taxonomy":"product_brand","embeddable":true,"href":"https:\/\/grupotextil.es\/en\/wp-json\/wp\/v2\/product_brand?post=217074"},{"taxonomy":"product_cat","embeddable":true,"href":"https:\/\/grupotextil.es\/en\/wp-json\/wp\/v2\/product_cat?post=217074"},{"taxonomy":"product_tag","embeddable":true,"href":"https:\/\/grupotextil.es\/en\/wp-json\/wp\/v2\/product_tag?post=217074"}],"curies":[{"name":"wp","href":"https:\/\/api.w.org\/{rel}","templated":true}]}}