{"id":217083,"date":"2026-03-04T03:42:06","date_gmt":"2026-03-04T02:42:06","guid":{"rendered":"https:\/\/grupotextil.es\/producto\/altavoz-abs-reciclado-y-corcho-natural-stamina-mambo-3189\/"},"modified":"2026-03-04T06:15:26","modified_gmt":"2026-03-04T05:15:26","slug":"altavoz-abs-reciclado-y-corcho-natural-stamina-mambo-3189","status":"publish","type":"product","link":"https:\/\/grupotextil.es\/en\/product\/altavoz-abs-reciclado-y-corcho-natural-stamina-mambo-3189\/","title":{"rendered":"Altavoz ABS Reciclado y Corcho Natural Stamina Mambo 3189"},"content":{"rendered":"<p>Altavoz inal\u00e1mbrico elaborado en ABS reciclado y base en corcho natural. Con potencia de 10W y bater\u00eda recargable mediante cable Tipo C. Con funci\u00f3n manos libres y micr\u00f3fono para realizar llamadas. Reproducci\u00f3n de audio mediante Bluetooth y botones para control de reproducci\u00f3n.<\/p>","protected":false},"excerpt":{"rendered":"<p>Altavoz inal\u00e1mbrico elaborado en ABS reciclado y base en corcho natural. Con potencia de 10W y bater\u00eda recargable mediante cable Tipo C. Con funci\u00f3n manos libres y micr\u00f3fono para realizar llamadas. Reproducci\u00f3n de audio mediante Bluetooth y botones para control de reproducci\u00f3n.<\/p>","protected":false},"featured_media":217084,"comment_status":"open","ping_status":"closed","template":"","meta":{"_acf_changed":false},"product_brand":[14012],"product_cat":[14006,13959],"product_tag":[],"class_list":{"0":"post-217083","1":"product","2":"type-product","3":"status-publish","4":"has-post-thumbnail","6":"product_brand-stamina","7":"product_cat-acc-merchandising","8":"product_cat-mr-tecnologia","9":"tm-no-options","11":"first","12":"instock","13":"taxable","14":"shipping-taxable","15":"product-type-variable"},"acf":[],"_links":{"self":[{"href":"https:\/\/grupotextil.es\/en\/wp-json\/wp\/v2\/product\/217083","targetHints":{"allow":["GET"]}}],"collection":[{"href":"https:\/\/grupotextil.es\/en\/wp-json\/wp\/v2\/product"}],"about":[{"href":"https:\/\/grupotextil.es\/en\/wp-json\/wp\/v2\/types\/product"}],"replies":[{"embeddable":true,"href":"https:\/\/grupotextil.es\/en\/wp-json\/wp\/v2\/comments?post=217083"}],"wp:featuredmedia":[{"embeddable":true,"href":"https:\/\/grupotextil.es\/en\/wp-json\/wp\/v2\/media\/217084"}],"wp:attachment":[{"href":"https:\/\/grupotextil.es\/en\/wp-json\/wp\/v2\/media?parent=217083"}],"wp:term":[{"taxonomy":"product_brand","embeddable":true,"href":"https:\/\/grupotextil.es\/en\/wp-json\/wp\/v2\/product_brand?post=217083"},{"taxonomy":"product_cat","embeddable":true,"href":"https:\/\/grupotextil.es\/en\/wp-json\/wp\/v2\/product_cat?post=217083"},{"taxonomy":"product_tag","embeddable":true,"href":"https:\/\/grupotextil.es\/en\/wp-json\/wp\/v2\/product_tag?post=217083"}],"curies":[{"name":"wp","href":"https:\/\/api.w.org\/{rel}","templated":true}]}}