{"id":217091,"date":"2026-03-04T03:42:17","date_gmt":"2026-03-04T02:42:17","guid":{"rendered":"https:\/\/grupotextil.es\/producto\/puerto-usb-con-soporte-stamina-kruse-1050\/"},"modified":"2026-03-04T06:15:26","modified_gmt":"2026-03-04T05:15:26","slug":"puerto-usb-con-soporte-stamina-kruse-1050","status":"publish","type":"product","link":"https:\/\/grupotextil.es\/en\/product\/puerto-usb-con-soporte-stamina-kruse-1050\/","title":{"rendered":"Puerto USB con Soporte Stamina Kruse 1050"},"content":{"rendered":"<p>El puerto USB HUB elaborado en bamb\u00fa. Cuenta con dos ranuras laterales USB y otras dos Tipo C. Con una conexi\u00f3n de entrada USB y Tipo C y apartado inferior para plegar el conector. Integra un soporte extra\u00edble para poder situar un dispositivo.<\/p>\n<p>&nbsp;<\/p>","protected":false},"excerpt":{"rendered":"<p>El puerto USB HUB elaborado en bamb\u00fa. Cuenta con dos ranuras laterales USB y otras dos Tipo C. Con una conexi\u00f3n de entrada USB y Tipo C y apartado inferior para plegar el conector. Integra un soporte extra\u00edble para poder situar un dispositivo.<\/p>\n<p>&nbsp;<\/p>","protected":false},"featured_media":217092,"comment_status":"open","ping_status":"closed","template":"","meta":{"_acf_changed":false},"product_brand":[14012],"product_cat":[13948,14006,13959],"product_tag":[],"class_list":{"0":"post-217091","1":"product","2":"type-product","3":"status-publish","4":"has-post-thumbnail","6":"product_brand-stamina","7":"product_cat-accesorios","8":"product_cat-acc-merchandising","9":"product_cat-mr-tecnologia","10":"tm-no-options","12":"first","13":"instock","14":"taxable","15":"shipping-taxable","16":"product-type-variable"},"acf":[],"_links":{"self":[{"href":"https:\/\/grupotextil.es\/en\/wp-json\/wp\/v2\/product\/217091","targetHints":{"allow":["GET"]}}],"collection":[{"href":"https:\/\/grupotextil.es\/en\/wp-json\/wp\/v2\/product"}],"about":[{"href":"https:\/\/grupotextil.es\/en\/wp-json\/wp\/v2\/types\/product"}],"replies":[{"embeddable":true,"href":"https:\/\/grupotextil.es\/en\/wp-json\/wp\/v2\/comments?post=217091"}],"wp:featuredmedia":[{"embeddable":true,"href":"https:\/\/grupotextil.es\/en\/wp-json\/wp\/v2\/media\/217092"}],"wp:attachment":[{"href":"https:\/\/grupotextil.es\/en\/wp-json\/wp\/v2\/media?parent=217091"}],"wp:term":[{"taxonomy":"product_brand","embeddable":true,"href":"https:\/\/grupotextil.es\/en\/wp-json\/wp\/v2\/product_brand?post=217091"},{"taxonomy":"product_cat","embeddable":true,"href":"https:\/\/grupotextil.es\/en\/wp-json\/wp\/v2\/product_cat?post=217091"},{"taxonomy":"product_tag","embeddable":true,"href":"https:\/\/grupotextil.es\/en\/wp-json\/wp\/v2\/product_tag?post=217091"}],"curies":[{"name":"wp","href":"https:\/\/api.w.org\/{rel}","templated":true}]}}