{"id":217099,"date":"2026-03-04T03:42:27","date_gmt":"2026-03-04T02:42:27","guid":{"rendered":"https:\/\/grupotextil.es\/producto\/cargador-inalambrico-stamina-vini-1051\/"},"modified":"2026-03-04T06:15:26","modified_gmt":"2026-03-04T05:15:26","slug":"cargador-inalambrico-stamina-vini-1051","status":"publish","type":"product","link":"https:\/\/grupotextil.es\/en\/product\/cargador-inalambrico-stamina-vini-1051\/","title":{"rendered":"Cargador Inal\u00e1mbrico Stamina Vini 1051"},"content":{"rendered":"<p>Cargador inal\u00e1mbrico con cuerpo elaborado en fibra de trigo y superficie de carga en bamb\u00fa. Con soporte extensible para situar el smartphone y en la parte trasera para posici\u00f3n vertical. Potencia de carga de 15W. Compatible con dispositivos provistos de tecnolog\u00eda compatible con este tipo de carga. Cuenta con puerto de entrada tipo C para conexi\u00f3n e indicador luminoso de confirmaci\u00f3n de carga.<\/p>\n<p>&nbsp;<\/p>","protected":false},"excerpt":{"rendered":"<p>Cargador inal\u00e1mbrico con cuerpo elaborado en fibra de trigo y superficie de carga en bamb\u00fa. Con soporte extensible para situar el smartphone y en la parte trasera para posici\u00f3n vertical. Potencia de carga de 15W. Compatible con dispositivos provistos de tecnolog\u00eda compatible con este tipo de carga. Cuenta con puerto de entrada tipo C para conexi\u00f3n e indicador luminoso de confirmaci\u00f3n de carga.<\/p>\n<p>&nbsp;<\/p>","protected":false},"featured_media":217100,"comment_status":"open","ping_status":"closed","template":"","meta":{"_acf_changed":false},"product_brand":[14012],"product_cat":[14006,13959],"product_tag":[],"class_list":{"0":"post-217099","1":"product","2":"type-product","3":"status-publish","4":"has-post-thumbnail","6":"product_brand-stamina","7":"product_cat-acc-merchandising","8":"product_cat-mr-tecnologia","9":"tm-no-options","11":"first","12":"instock","13":"taxable","14":"shipping-taxable","15":"product-type-variable"},"acf":[],"_links":{"self":[{"href":"https:\/\/grupotextil.es\/en\/wp-json\/wp\/v2\/product\/217099","targetHints":{"allow":["GET"]}}],"collection":[{"href":"https:\/\/grupotextil.es\/en\/wp-json\/wp\/v2\/product"}],"about":[{"href":"https:\/\/grupotextil.es\/en\/wp-json\/wp\/v2\/types\/product"}],"replies":[{"embeddable":true,"href":"https:\/\/grupotextil.es\/en\/wp-json\/wp\/v2\/comments?post=217099"}],"wp:featuredmedia":[{"embeddable":true,"href":"https:\/\/grupotextil.es\/en\/wp-json\/wp\/v2\/media\/217100"}],"wp:attachment":[{"href":"https:\/\/grupotextil.es\/en\/wp-json\/wp\/v2\/media?parent=217099"}],"wp:term":[{"taxonomy":"product_brand","embeddable":true,"href":"https:\/\/grupotextil.es\/en\/wp-json\/wp\/v2\/product_brand?post=217099"},{"taxonomy":"product_cat","embeddable":true,"href":"https:\/\/grupotextil.es\/en\/wp-json\/wp\/v2\/product_cat?post=217099"},{"taxonomy":"product_tag","embeddable":true,"href":"https:\/\/grupotextil.es\/en\/wp-json\/wp\/v2\/product_tag?post=217099"}],"curies":[{"name":"wp","href":"https:\/\/api.w.org\/{rel}","templated":true}]}}