{"id":217154,"date":"2026-03-04T03:43:21","date_gmt":"2026-03-04T02:43:21","guid":{"rendered":"https:\/\/grupotextil.es\/producto\/camiseta-organica-roly-breda-6698-nino\/"},"modified":"2026-03-04T06:15:26","modified_gmt":"2026-03-04T05:15:26","slug":"camiseta-organica-roly-breda-6698-nino","status":"publish","type":"product","link":"https:\/\/grupotextil.es\/en\/product\/camiseta-organica-roly-breda-6698-nino\/","title":{"rendered":"Camiseta Org\u00e1nica Roly Breda 6698 Ni\u00f1o"},"content":{"rendered":"<p>Camiseta tubular de manga corta en algod\u00f3n org\u00e1nico certificado OCS. Cuello redondo en canal\u00e9 1\u00d71. Cubrecosturas reforzado en cuello.<\/p>","protected":false},"excerpt":{"rendered":"<p>Camiseta tubular de manga corta en algod\u00f3n org\u00e1nico certificado OCS. Cuello redondo en canal\u00e9 1\u00d71. Cubrecosturas reforzado en cuello.<\/p>","protected":false},"featured_media":217155,"comment_status":"open","ping_status":"closed","template":"","meta":{"_acf_changed":false},"product_brand":[14011],"product_cat":[13931,13995,13930,13976,13973],"product_tag":[],"class_list":{"0":"post-217154","1":"product","2":"type-product","3":"status-publish","4":"has-post-thumbnail","6":"product_brand-roly","7":"product_cat-rl-alta-visibilidad","8":"product_cat-n-camisetas","9":"product_cat-laboral","10":"product_cat-ropa-nino","11":"product_cat-ropa","12":"tm-no-options","14":"first","15":"instock","16":"taxable","17":"shipping-taxable","18":"product-type-variable"},"acf":[],"_links":{"self":[{"href":"https:\/\/grupotextil.es\/en\/wp-json\/wp\/v2\/product\/217154","targetHints":{"allow":["GET"]}}],"collection":[{"href":"https:\/\/grupotextil.es\/en\/wp-json\/wp\/v2\/product"}],"about":[{"href":"https:\/\/grupotextil.es\/en\/wp-json\/wp\/v2\/types\/product"}],"replies":[{"embeddable":true,"href":"https:\/\/grupotextil.es\/en\/wp-json\/wp\/v2\/comments?post=217154"}],"wp:featuredmedia":[{"embeddable":true,"href":"https:\/\/grupotextil.es\/en\/wp-json\/wp\/v2\/media\/217155"}],"wp:attachment":[{"href":"https:\/\/grupotextil.es\/en\/wp-json\/wp\/v2\/media?parent=217154"}],"wp:term":[{"taxonomy":"product_brand","embeddable":true,"href":"https:\/\/grupotextil.es\/en\/wp-json\/wp\/v2\/product_brand?post=217154"},{"taxonomy":"product_cat","embeddable":true,"href":"https:\/\/grupotextil.es\/en\/wp-json\/wp\/v2\/product_cat?post=217154"},{"taxonomy":"product_tag","embeddable":true,"href":"https:\/\/grupotextil.es\/en\/wp-json\/wp\/v2\/product_tag?post=217154"}],"curies":[{"name":"wp","href":"https:\/\/api.w.org\/{rel}","templated":true}]}}