{"id":217235,"date":"2026-03-04T03:43:44","date_gmt":"2026-03-04T02:43:44","guid":{"rendered":"https:\/\/grupotextil.es\/producto\/outlet-polo-roly-tyler-6612-hombre\/"},"modified":"2026-03-04T06:15:27","modified_gmt":"2026-03-04T05:15:27","slug":"outlet-polo-roly-tyler-6612-hombre","status":"publish","type":"product","link":"https:\/\/grupotextil.es\/en\/product\/outlet-polo-roly-tyler-6612-hombre\/","title":{"rendered":"*OUTLET* Polo Roly Tyler 6612 Hombre"},"content":{"rendered":"<p><strong>PRODUCTO QUE SE DESCATALOGAR\u00c1 EN 2025<\/strong> \u2013 Polo de manga corta en tejido punto liso. Cuello y ribete de mangas en canal\u00e9 1\u00d71. Tapeta con 1 bot\u00f3n. Cubrecosturas reforzado en cuello. Aperturas laterales en el bajo. Detalle de cinta en forma de espiga a contraste de color en pu\u00f1os y cuello. Logo Relieve Roly al tono de la base del tejido.<\/p>","protected":false},"excerpt":{"rendered":"<p><strong>PRODUCTO QUE SE DESCATALOGAR\u00c1 EN 2025<\/strong> \u2013 Polo de manga corta en tejido punto liso. Cuello y ribete de mangas en canal\u00e9 1\u00d71. Tapeta con 1 bot\u00f3n. Cubrecosturas reforzado en cuello. Aperturas laterales en el bajo. Detalle de cinta en forma de espiga a contraste de color en pu\u00f1os y cuello. Logo Relieve Roly al tono de la base del tejido.<\/p>","protected":false},"featured_media":217236,"comment_status":"open","ping_status":"closed","template":"","meta":{"_acf_changed":false},"product_brand":[14011],"product_cat":[13974,13975,13973],"product_tag":[],"class_list":{"0":"post-217235","1":"product","2":"type-product","3":"status-publish","4":"has-post-thumbnail","6":"product_brand-roly","7":"product_cat-ropa-hombre","8":"product_cat-ropa-mujer","9":"product_cat-ropa","10":"tm-no-options","12":"first","13":"instock","14":"taxable","15":"shipping-taxable","16":"product-type-variable"},"acf":[],"_links":{"self":[{"href":"https:\/\/grupotextil.es\/en\/wp-json\/wp\/v2\/product\/217235","targetHints":{"allow":["GET"]}}],"collection":[{"href":"https:\/\/grupotextil.es\/en\/wp-json\/wp\/v2\/product"}],"about":[{"href":"https:\/\/grupotextil.es\/en\/wp-json\/wp\/v2\/types\/product"}],"replies":[{"embeddable":true,"href":"https:\/\/grupotextil.es\/en\/wp-json\/wp\/v2\/comments?post=217235"}],"wp:featuredmedia":[{"embeddable":true,"href":"https:\/\/grupotextil.es\/en\/wp-json\/wp\/v2\/media\/217236"}],"wp:attachment":[{"href":"https:\/\/grupotextil.es\/en\/wp-json\/wp\/v2\/media?parent=217235"}],"wp:term":[{"taxonomy":"product_brand","embeddable":true,"href":"https:\/\/grupotextil.es\/en\/wp-json\/wp\/v2\/product_brand?post=217235"},{"taxonomy":"product_cat","embeddable":true,"href":"https:\/\/grupotextil.es\/en\/wp-json\/wp\/v2\/product_cat?post=217235"},{"taxonomy":"product_tag","embeddable":true,"href":"https:\/\/grupotextil.es\/en\/wp-json\/wp\/v2\/product_tag?post=217235"}],"curies":[{"name":"wp","href":"https:\/\/api.w.org\/{rel}","templated":true}]}}