{"id":217274,"date":"2026-03-04T03:44:03","date_gmt":"2026-03-04T02:44:03","guid":{"rendered":"https:\/\/grupotextil.es\/producto\/polo-organico-roly-prince-6618-woman\/"},"modified":"2026-03-10T01:58:57","modified_gmt":"2026-03-10T00:58:57","slug":"polo-organico-roly-prince-6618-woman","status":"publish","type":"product","link":"https:\/\/grupotextil.es\/en\/product\/polo-organico-roly-prince-6618-woman\/","title":{"rendered":"Polo Org\u00e1nico Roly Prince 6618 Woman"},"content":{"rendered":"<p>Polo de mujer entallado de manga corta en algod\u00f3n org\u00e1nico certificado OCS. Cuello y ribete de mangas en canal\u00e9 1\u00d71. Tapeta con 2 botones. Cubrecosturas reforzado en cuello. Aperturas laterales en el bajo.<\/p>","protected":false},"excerpt":{"rendered":"<p>Polo de mujer entallado de manga corta en algod\u00f3n org\u00e1nico certificado OCS. Cuello y ribete de mangas en canal\u00e9 1\u00d71. Tapeta con 2 botones. Cubrecosturas reforzado en cuello. Aperturas laterales en el bajo.<\/p>","protected":false},"featured_media":217275,"comment_status":"open","ping_status":"closed","template":"","meta":{"_acf_changed":false},"product_brand":[14011],"product_cat":[13975,13988,13973,9841],"product_tag":[],"class_list":{"0":"post-217274","1":"product","2":"type-product","3":"status-publish","4":"has-post-thumbnail","6":"product_brand-roly","7":"product_cat-ropa-mujer","8":"product_cat-m-polos","9":"product_cat-ropa","10":"product_cat-sostenible","11":"tm-no-options","13":"first","14":"instock","15":"taxable","16":"shipping-taxable","17":"product-type-variable"},"acf":[],"_links":{"self":[{"href":"https:\/\/grupotextil.es\/en\/wp-json\/wp\/v2\/product\/217274","targetHints":{"allow":["GET"]}}],"collection":[{"href":"https:\/\/grupotextil.es\/en\/wp-json\/wp\/v2\/product"}],"about":[{"href":"https:\/\/grupotextil.es\/en\/wp-json\/wp\/v2\/types\/product"}],"replies":[{"embeddable":true,"href":"https:\/\/grupotextil.es\/en\/wp-json\/wp\/v2\/comments?post=217274"}],"wp:featuredmedia":[{"embeddable":true,"href":"https:\/\/grupotextil.es\/en\/wp-json\/wp\/v2\/media\/217275"}],"wp:attachment":[{"href":"https:\/\/grupotextil.es\/en\/wp-json\/wp\/v2\/media?parent=217274"}],"wp:term":[{"taxonomy":"product_brand","embeddable":true,"href":"https:\/\/grupotextil.es\/en\/wp-json\/wp\/v2\/product_brand?post=217274"},{"taxonomy":"product_cat","embeddable":true,"href":"https:\/\/grupotextil.es\/en\/wp-json\/wp\/v2\/product_cat?post=217274"},{"taxonomy":"product_tag","embeddable":true,"href":"https:\/\/grupotextil.es\/en\/wp-json\/wp\/v2\/product_tag?post=217274"}],"curies":[{"name":"wp","href":"https:\/\/api.w.org\/{rel}","templated":true}]}}