{"id":217321,"date":"2026-03-04T03:44:24","date_gmt":"2026-03-04T02:44:24","guid":{"rendered":"https:\/\/grupotextil.es\/producto\/sudadera-unisex-stanley-stella-drummer-2-0-stsu168\/"},"modified":"2026-03-10T01:58:20","modified_gmt":"2026-03-10T00:58:20","slug":"sudadera-unisex-stanley-stella-drummer-2-0-stsu168","status":"publish","type":"product","link":"https:\/\/grupotextil.es\/en\/product\/sudadera-unisex-stanley-stella-drummer-2-0-stsu168\/","title":{"rendered":"Sudadera Unisex Stanley\/Stella Drummer 2.0 STSU168"},"content":{"rendered":"<p>Manga pegada Capucha forrada con el mismo material Cord\u00f3n plano del mismo color del tejido Ojales pespunteados Bies interior de espiga en el cuello Media luna interior trasera del mismo tejido Canal\u00e9 1\u00d71 en pu\u00f1os y bajo Pespunte decorativo plano en todas las costuras Bolsillo canguro con pespunte plano<\/p>","protected":false},"excerpt":{"rendered":"<p>Manga pegada Capucha forrada con el mismo material Cord\u00f3n plano del mismo color del tejido Ojales pespunteados Bies interior de espiga en el cuello Media luna interior trasera del mismo tejido Canal\u00e9 1\u00d71 en pu\u00f1os y bajo Pespunte decorativo plano en todas las costuras Bolsillo canguro con pespunte plano<\/p>","protected":false},"featured_media":217322,"comment_status":"open","ping_status":"closed","template":"","meta":{"_acf_changed":false},"product_brand":[14178],"product_cat":[13974,13973,14007,9841,13980],"product_tag":[],"class_list":{"0":"post-217321","1":"product","2":"type-product","3":"status-publish","4":"has-post-thumbnail","6":"product_brand-stanley-stella","7":"product_cat-ropa-hombre","8":"product_cat-ropa","9":"product_cat-ropa-organica","10":"product_cat-sostenible","11":"product_cat-h-sudaderas","12":"tm-no-options","14":"first","15":"instock","16":"taxable","17":"shipping-taxable","18":"product-type-variable"},"acf":[],"_links":{"self":[{"href":"https:\/\/grupotextil.es\/en\/wp-json\/wp\/v2\/product\/217321","targetHints":{"allow":["GET"]}}],"collection":[{"href":"https:\/\/grupotextil.es\/en\/wp-json\/wp\/v2\/product"}],"about":[{"href":"https:\/\/grupotextil.es\/en\/wp-json\/wp\/v2\/types\/product"}],"replies":[{"embeddable":true,"href":"https:\/\/grupotextil.es\/en\/wp-json\/wp\/v2\/comments?post=217321"}],"wp:featuredmedia":[{"embeddable":true,"href":"https:\/\/grupotextil.es\/en\/wp-json\/wp\/v2\/media\/217322"}],"wp:attachment":[{"href":"https:\/\/grupotextil.es\/en\/wp-json\/wp\/v2\/media?parent=217321"}],"wp:term":[{"taxonomy":"product_brand","embeddable":true,"href":"https:\/\/grupotextil.es\/en\/wp-json\/wp\/v2\/product_brand?post=217321"},{"taxonomy":"product_cat","embeddable":true,"href":"https:\/\/grupotextil.es\/en\/wp-json\/wp\/v2\/product_cat?post=217321"},{"taxonomy":"product_tag","embeddable":true,"href":"https:\/\/grupotextil.es\/en\/wp-json\/wp\/v2\/product_tag?post=217321"}],"curies":[{"name":"wp","href":"https:\/\/api.w.org\/{rel}","templated":true}]}}