{"id":217515,"date":"2026-03-04T03:46:40","date_gmt":"2026-03-04T02:46:40","guid":{"rendered":"https:\/\/grupotextil.es\/producto\/chaqueta-stanley-stella-stanley-discoverer-stjm158\/"},"modified":"2026-03-10T01:58:20","modified_gmt":"2026-03-10T00:58:20","slug":"chaqueta-stanley-stella-stanley-discoverer-stjm158","status":"publish","type":"product","link":"https:\/\/grupotextil.es\/en\/product\/chaqueta-stanley-stella-stanley-discoverer-stjm158\/","title":{"rendered":"Chaqueta Stanley\/Stella Stanley Discoverer STJM158"},"content":{"rendered":"<p>Manga pegada Cuello alto y capucha de tres piezas Capucha y bajo ce\u00f1idos con cord\u00f3n el\u00e1stico y tope de pl\u00e1stico Cremallera de nailon invertida en el centro Bolsillos exteriores con cremallera y ribete y tirador el\u00e1stico reflectante Forro polar interior integrado Paneles laterales el\u00e1sticos para una mejor forma Mangas ce\u00f1idas con velcro ajustable Costuras interiores rematadas con ribetes reciclados Impermeable, transpirable y cortavientos<\/p>","protected":false},"excerpt":{"rendered":"<p>Manga pegada Cuello alto y capucha de tres piezas Capucha y bajo ce\u00f1idos con cord\u00f3n el\u00e1stico y tope de pl\u00e1stico Cremallera de nailon invertida en el centro Bolsillos exteriores con cremallera y ribete y tirador el\u00e1stico reflectante Forro polar interior integrado Paneles laterales el\u00e1sticos para una mejor forma Mangas ce\u00f1idas con velcro ajustable Costuras interiores rematadas con ribetes reciclados Impermeable, transpirable y cortavientos<\/p>","protected":false},"featured_media":217516,"comment_status":"open","ping_status":"closed","template":"","meta":{"_acf_changed":false},"product_brand":[14178],"product_cat":[13981,13974,13973],"product_tag":[],"class_list":{"0":"post-217515","1":"product","2":"type-product","3":"status-publish","4":"has-post-thumbnail","6":"product_brand-stanley-stella","7":"product_cat-h-chaquetas-y-abrigos","8":"product_cat-ropa-hombre","9":"product_cat-ropa","10":"tm-no-options","12":"first","13":"instock","14":"taxable","15":"shipping-taxable","16":"product-type-variable"},"acf":[],"_links":{"self":[{"href":"https:\/\/grupotextil.es\/en\/wp-json\/wp\/v2\/product\/217515","targetHints":{"allow":["GET"]}}],"collection":[{"href":"https:\/\/grupotextil.es\/en\/wp-json\/wp\/v2\/product"}],"about":[{"href":"https:\/\/grupotextil.es\/en\/wp-json\/wp\/v2\/types\/product"}],"replies":[{"embeddable":true,"href":"https:\/\/grupotextil.es\/en\/wp-json\/wp\/v2\/comments?post=217515"}],"wp:featuredmedia":[{"embeddable":true,"href":"https:\/\/grupotextil.es\/en\/wp-json\/wp\/v2\/media\/217516"}],"wp:attachment":[{"href":"https:\/\/grupotextil.es\/en\/wp-json\/wp\/v2\/media?parent=217515"}],"wp:term":[{"taxonomy":"product_brand","embeddable":true,"href":"https:\/\/grupotextil.es\/en\/wp-json\/wp\/v2\/product_brand?post=217515"},{"taxonomy":"product_cat","embeddable":true,"href":"https:\/\/grupotextil.es\/en\/wp-json\/wp\/v2\/product_cat?post=217515"},{"taxonomy":"product_tag","embeddable":true,"href":"https:\/\/grupotextil.es\/en\/wp-json\/wp\/v2\/product_tag?post=217515"}],"curies":[{"name":"wp","href":"https:\/\/api.w.org\/{rel}","templated":true}]}}