{"id":217719,"date":"2026-03-04T03:50:18","date_gmt":"2026-03-04T02:50:18","guid":{"rendered":"https:\/\/grupotextil.es\/producto\/reloj-con-cargador-inalambrico-stamina-duncer-3043\/"},"modified":"2026-03-04T06:15:28","modified_gmt":"2026-03-04T05:15:28","slug":"reloj-con-cargador-inalambrico-stamina-duncer-3043","status":"publish","type":"product","link":"https:\/\/grupotextil.es\/en\/product\/reloj-con-cargador-inalambrico-stamina-duncer-3043\/","title":{"rendered":"Reloj con Cargador Inal\u00e1mbrico Stamina Duncer 3043"},"content":{"rendered":"<p>Reloj con cargador inal\u00e1mbrico. Tiene una potencia de 5W. Realizado con bamb\u00fa, y tiene diversas funciones: hora, fecha, alarma y temperatura. Conexi\u00f3n Tipo C. Cable incluido.<\/p>","protected":false},"excerpt":{"rendered":"<p>Reloj con cargador inal\u00e1mbrico. Tiene una potencia de 5W. Realizado con bamb\u00fa, y tiene diversas funciones: hora, fecha, alarma y temperatura. Conexi\u00f3n Tipo C. Cable incluido.<\/p>","protected":false},"featured_media":217720,"comment_status":"open","ping_status":"closed","template":"","meta":{"_acf_changed":false},"product_brand":[14012],"product_cat":[13948,14006,13959],"product_tag":[],"class_list":{"0":"post-217719","1":"product","2":"type-product","3":"status-publish","4":"has-post-thumbnail","6":"product_brand-stamina","7":"product_cat-accesorios","8":"product_cat-acc-merchandising","9":"product_cat-mr-tecnologia","10":"tm-no-options","12":"first","13":"instock","14":"taxable","15":"shipping-taxable","16":"product-type-variable"},"acf":[],"_links":{"self":[{"href":"https:\/\/grupotextil.es\/en\/wp-json\/wp\/v2\/product\/217719","targetHints":{"allow":["GET"]}}],"collection":[{"href":"https:\/\/grupotextil.es\/en\/wp-json\/wp\/v2\/product"}],"about":[{"href":"https:\/\/grupotextil.es\/en\/wp-json\/wp\/v2\/types\/product"}],"replies":[{"embeddable":true,"href":"https:\/\/grupotextil.es\/en\/wp-json\/wp\/v2\/comments?post=217719"}],"wp:featuredmedia":[{"embeddable":true,"href":"https:\/\/grupotextil.es\/en\/wp-json\/wp\/v2\/media\/217720"}],"wp:attachment":[{"href":"https:\/\/grupotextil.es\/en\/wp-json\/wp\/v2\/media?parent=217719"}],"wp:term":[{"taxonomy":"product_brand","embeddable":true,"href":"https:\/\/grupotextil.es\/en\/wp-json\/wp\/v2\/product_brand?post=217719"},{"taxonomy":"product_cat","embeddable":true,"href":"https:\/\/grupotextil.es\/en\/wp-json\/wp\/v2\/product_cat?post=217719"},{"taxonomy":"product_tag","embeddable":true,"href":"https:\/\/grupotextil.es\/en\/wp-json\/wp\/v2\/product_tag?post=217719"}],"curies":[{"name":"wp","href":"https:\/\/api.w.org\/{rel}","templated":true}]}}