{"id":217761,"date":"2026-03-04T03:51:05","date_gmt":"2026-03-04T02:51:05","guid":{"rendered":"https:\/\/grupotextil.es\/producto\/gafas-de-sol-stamina-bari-8105\/"},"modified":"2026-03-04T06:15:29","modified_gmt":"2026-03-04T05:15:29","slug":"gafas-de-sol-stamina-bari-8105","status":"publish","type":"product","link":"https:\/\/grupotextil.es\/en\/product\/gafas-de-sol-stamina-bari-8105\/","title":{"rendered":"Gafas de Sol Stamina Bari 8105"},"content":{"rendered":"<p>Gafas de sol elaborad en material reciclado RPET de dise\u00f1o cl\u00e1sico con acabado transl\u00facido. Protecci\u00f3n UV400.<\/p>","protected":false},"excerpt":{"rendered":"<p>Gafas de sol elaborad en material reciclado RPET de dise\u00f1o cl\u00e1sico con acabado transl\u00facido. Protecci\u00f3n UV400.<\/p>","protected":false},"featured_media":217762,"comment_status":"open","ping_status":"closed","template":"","meta":{"_acf_changed":false},"product_brand":[14012],"product_cat":[13961,14006],"product_tag":[],"class_list":{"0":"post-217761","1":"product","2":"type-product","3":"status-publish","4":"has-post-thumbnail","6":"product_brand-stamina","7":"product_cat-mr-articulos-de-playa","8":"product_cat-acc-merchandising","9":"tm-no-options","11":"first","12":"instock","13":"taxable","14":"shipping-taxable","15":"product-type-variable"},"acf":[],"_links":{"self":[{"href":"https:\/\/grupotextil.es\/en\/wp-json\/wp\/v2\/product\/217761","targetHints":{"allow":["GET"]}}],"collection":[{"href":"https:\/\/grupotextil.es\/en\/wp-json\/wp\/v2\/product"}],"about":[{"href":"https:\/\/grupotextil.es\/en\/wp-json\/wp\/v2\/types\/product"}],"replies":[{"embeddable":true,"href":"https:\/\/grupotextil.es\/en\/wp-json\/wp\/v2\/comments?post=217761"}],"wp:featuredmedia":[{"embeddable":true,"href":"https:\/\/grupotextil.es\/en\/wp-json\/wp\/v2\/media\/217762"}],"wp:attachment":[{"href":"https:\/\/grupotextil.es\/en\/wp-json\/wp\/v2\/media?parent=217761"}],"wp:term":[{"taxonomy":"product_brand","embeddable":true,"href":"https:\/\/grupotextil.es\/en\/wp-json\/wp\/v2\/product_brand?post=217761"},{"taxonomy":"product_cat","embeddable":true,"href":"https:\/\/grupotextil.es\/en\/wp-json\/wp\/v2\/product_cat?post=217761"},{"taxonomy":"product_tag","embeddable":true,"href":"https:\/\/grupotextil.es\/en\/wp-json\/wp\/v2\/product_tag?post=217761"}],"curies":[{"name":"wp","href":"https:\/\/api.w.org\/{rel}","templated":true}]}}