{"id":217974,"date":"2026-03-04T03:54:40","date_gmt":"2026-03-04T02:54:40","guid":{"rendered":"https:\/\/grupotextil.es\/producto\/flexometro-de-3-metros-stamina-dovel-1026\/"},"modified":"2026-03-04T06:15:31","modified_gmt":"2026-03-04T05:15:31","slug":"flexometro-de-3-metros-stamina-dovel-1026","status":"publish","type":"product","link":"https:\/\/grupotextil.es\/en\/product\/flexometro-de-3-metros-stamina-dovel-1026\/","title":{"rendered":"Flex\u00f3metro de 3 Metros Stamina Dovel 1026"},"content":{"rendered":"<p><strong>PRODUCTO QUE SE DESCATALOGAR\u00c1 CUANDO SE AGOTEN LAS EXISTENCIAS<\/strong> \u2013 Flex\u00f3metro de 3 metros. Con mecanismo de bloqueo y cuchilla met\u00e1lica. Clip met\u00e1lico, cinta de transporte y detalles en bamb\u00fa.<\/p>","protected":false},"excerpt":{"rendered":"<p><strong>PRODUCTO QUE SE DESCATALOGAR\u00c1 CUANDO SE AGOTEN LAS EXISTENCIAS<\/strong> \u2013 Flex\u00f3metro de 3 metros. Con mecanismo de bloqueo y cuchilla met\u00e1lica. Clip met\u00e1lico, cinta de transporte y detalles en bamb\u00fa.<\/p>","protected":false},"featured_media":217975,"comment_status":"open","ping_status":"closed","template":"","meta":{"_acf_changed":false},"product_brand":[14012],"product_cat":[9841],"product_tag":[],"class_list":{"0":"post-217974","1":"product","2":"type-product","3":"status-publish","4":"has-post-thumbnail","6":"product_brand-stamina","7":"product_cat-sostenible","8":"tm-no-options","10":"first","11":"instock","12":"taxable","13":"shipping-taxable","14":"product-type-variable"},"acf":[],"_links":{"self":[{"href":"https:\/\/grupotextil.es\/en\/wp-json\/wp\/v2\/product\/217974","targetHints":{"allow":["GET"]}}],"collection":[{"href":"https:\/\/grupotextil.es\/en\/wp-json\/wp\/v2\/product"}],"about":[{"href":"https:\/\/grupotextil.es\/en\/wp-json\/wp\/v2\/types\/product"}],"replies":[{"embeddable":true,"href":"https:\/\/grupotextil.es\/en\/wp-json\/wp\/v2\/comments?post=217974"}],"wp:featuredmedia":[{"embeddable":true,"href":"https:\/\/grupotextil.es\/en\/wp-json\/wp\/v2\/media\/217975"}],"wp:attachment":[{"href":"https:\/\/grupotextil.es\/en\/wp-json\/wp\/v2\/media?parent=217974"}],"wp:term":[{"taxonomy":"product_brand","embeddable":true,"href":"https:\/\/grupotextil.es\/en\/wp-json\/wp\/v2\/product_brand?post=217974"},{"taxonomy":"product_cat","embeddable":true,"href":"https:\/\/grupotextil.es\/en\/wp-json\/wp\/v2\/product_cat?post=217974"},{"taxonomy":"product_tag","embeddable":true,"href":"https:\/\/grupotextil.es\/en\/wp-json\/wp\/v2\/product_tag?post=217974"}],"curies":[{"name":"wp","href":"https:\/\/api.w.org\/{rel}","templated":true}]}}