{"id":217985,"date":"2026-03-04T03:54:52","date_gmt":"2026-03-04T02:54:52","guid":{"rendered":"https:\/\/grupotextil.es\/producto\/espatula-de-cocina-bambu-natural-stamina-baru-4147\/"},"modified":"2026-03-04T06:15:31","modified_gmt":"2026-03-04T05:15:31","slug":"espatula-de-cocina-bambu-natural-stamina-baru-4147","status":"publish","type":"product","link":"https:\/\/grupotextil.es\/en\/product\/espatula-de-cocina-bambu-natural-stamina-baru-4147\/","title":{"rendered":"Esp\u00e1tula de Cocina Bamb\u00fa Natural Stamina Baru 4147"},"content":{"rendered":"<p>Esp\u00e1tula de cocina elaborada de bamb\u00fa natural. Id\u00f3nea esp\u00e1tula para realizar tus recetas. Cocina con un toque ecol\u00f3gico.<\/p>","protected":false},"excerpt":{"rendered":"<p>Esp\u00e1tula de cocina elaborada de bamb\u00fa natural. Id\u00f3nea esp\u00e1tula para realizar tus recetas. Cocina con un toque ecol\u00f3gico.<\/p>","protected":false},"featured_media":217986,"comment_status":"open","ping_status":"closed","template":"","meta":{"_acf_changed":false},"product_brand":[14012],"product_cat":[14006,13971],"product_tag":[],"class_list":{"0":"post-217985","1":"product","2":"type-product","3":"status-publish","4":"has-post-thumbnail","6":"product_brand-stamina","7":"product_cat-acc-merchandising","8":"product_cat-mr-tazas","9":"tm-no-options","11":"first","12":"instock","13":"taxable","14":"shipping-taxable","15":"product-type-variable"},"acf":[],"_links":{"self":[{"href":"https:\/\/grupotextil.es\/en\/wp-json\/wp\/v2\/product\/217985","targetHints":{"allow":["GET"]}}],"collection":[{"href":"https:\/\/grupotextil.es\/en\/wp-json\/wp\/v2\/product"}],"about":[{"href":"https:\/\/grupotextil.es\/en\/wp-json\/wp\/v2\/types\/product"}],"replies":[{"embeddable":true,"href":"https:\/\/grupotextil.es\/en\/wp-json\/wp\/v2\/comments?post=217985"}],"wp:featuredmedia":[{"embeddable":true,"href":"https:\/\/grupotextil.es\/en\/wp-json\/wp\/v2\/media\/217986"}],"wp:attachment":[{"href":"https:\/\/grupotextil.es\/en\/wp-json\/wp\/v2\/media?parent=217985"}],"wp:term":[{"taxonomy":"product_brand","embeddable":true,"href":"https:\/\/grupotextil.es\/en\/wp-json\/wp\/v2\/product_brand?post=217985"},{"taxonomy":"product_cat","embeddable":true,"href":"https:\/\/grupotextil.es\/en\/wp-json\/wp\/v2\/product_cat?post=217985"},{"taxonomy":"product_tag","embeddable":true,"href":"https:\/\/grupotextil.es\/en\/wp-json\/wp\/v2\/product_tag?post=217985"}],"curies":[{"name":"wp","href":"https:\/\/api.w.org\/{rel}","templated":true}]}}