{"id":218136,"date":"2026-03-04T03:58:40","date_gmt":"2026-03-04T02:58:40","guid":{"rendered":"https:\/\/grupotextil.es\/producto\/auriculares-inalambricos-stamina-tacet-3040\/"},"modified":"2026-03-04T06:15:32","modified_gmt":"2026-03-04T05:15:32","slug":"auriculares-inalambricos-stamina-tacet-3040","status":"publish","type":"product","link":"https:\/\/grupotextil.es\/en\/product\/auriculares-inalambricos-stamina-tacet-3040\/","title":{"rendered":"Auriculares Inal\u00e1mbricos Stamina Tacet 3040"},"content":{"rendered":"<p>Auriculares inal\u00e1mbricos con cancelaci\u00f3n de ruido. Incluye panel con tecnolog\u00eda t\u00e1ctil integrado en el lateral. Con funci\u00f3n manos libres con control de llamadas y funci\u00f3n de asistente de voz. Acciones de reproducci\u00f3n de audio mediante control t\u00e1ctil. Carga autom\u00e1tica de los auriculares al introducirlos en el estuche recargable.<\/p>","protected":false},"excerpt":{"rendered":"<p>Auriculares inal\u00e1mbricos con cancelaci\u00f3n de ruido. Incluye panel con tecnolog\u00eda t\u00e1ctil integrado en el lateral. Con funci\u00f3n manos libres con control de llamadas y funci\u00f3n de asistente de voz. Acciones de reproducci\u00f3n de audio mediante control t\u00e1ctil. Carga autom\u00e1tica de los auriculares al introducirlos en el estuche recargable.<\/p>","protected":false},"featured_media":218137,"comment_status":"open","ping_status":"closed","template":"","meta":{"_acf_changed":false},"product_brand":[14012],"product_cat":[14006,13959],"product_tag":[],"class_list":{"0":"post-218136","1":"product","2":"type-product","3":"status-publish","4":"has-post-thumbnail","6":"product_brand-stamina","7":"product_cat-acc-merchandising","8":"product_cat-mr-tecnologia","9":"tm-no-options","11":"first","12":"instock","13":"taxable","14":"shipping-taxable","15":"product-type-variable"},"acf":[],"_links":{"self":[{"href":"https:\/\/grupotextil.es\/en\/wp-json\/wp\/v2\/product\/218136","targetHints":{"allow":["GET"]}}],"collection":[{"href":"https:\/\/grupotextil.es\/en\/wp-json\/wp\/v2\/product"}],"about":[{"href":"https:\/\/grupotextil.es\/en\/wp-json\/wp\/v2\/types\/product"}],"replies":[{"embeddable":true,"href":"https:\/\/grupotextil.es\/en\/wp-json\/wp\/v2\/comments?post=218136"}],"wp:featuredmedia":[{"embeddable":true,"href":"https:\/\/grupotextil.es\/en\/wp-json\/wp\/v2\/media\/218137"}],"wp:attachment":[{"href":"https:\/\/grupotextil.es\/en\/wp-json\/wp\/v2\/media?parent=218136"}],"wp:term":[{"taxonomy":"product_brand","embeddable":true,"href":"https:\/\/grupotextil.es\/en\/wp-json\/wp\/v2\/product_brand?post=218136"},{"taxonomy":"product_cat","embeddable":true,"href":"https:\/\/grupotextil.es\/en\/wp-json\/wp\/v2\/product_cat?post=218136"},{"taxonomy":"product_tag","embeddable":true,"href":"https:\/\/grupotextil.es\/en\/wp-json\/wp\/v2\/product_tag?post=218136"}],"curies":[{"name":"wp","href":"https:\/\/api.w.org\/{rel}","templated":true}]}}