{"id":218141,"date":"2026-03-04T03:58:45","date_gmt":"2026-03-04T02:58:45","guid":{"rendered":"https:\/\/grupotextil.es\/producto\/auriculares-inalambricos-stamina-kuasi-3041\/"},"modified":"2026-03-04T06:15:32","modified_gmt":"2026-03-04T05:15:32","slug":"auriculares-inalambricos-stamina-kuasi-3041","status":"publish","type":"product","link":"https:\/\/grupotextil.es\/en\/product\/auriculares-inalambricos-stamina-kuasi-3041\/","title":{"rendered":"Auriculares Inal\u00e1mbricos Stamina Kuasi 3041"},"content":{"rendered":"<p>Auriculares inal\u00e1mbricos elaborados en fibra de trigo y bamb\u00fa. Cuenta con funci\u00f3n de manos libres y con bot\u00f3n multifunci\u00f3n t\u00e1ctil en ambos auriculares para responder y rechazar llamadas. Tambi\u00e9n, con funci\u00f3n de asistente de voz mediante control multifunci\u00f3n. Conexi\u00f3n mediante Bluetooth. Control de reproducci\u00f3n de audio, con funciones de control de volumen y pistas. Cuenta con indicador luminoso en estuche y auricular.<\/p>","protected":false},"excerpt":{"rendered":"<p>Auriculares inal\u00e1mbricos elaborados en fibra de trigo y bamb\u00fa. Cuenta con funci\u00f3n de manos libres y con bot\u00f3n multifunci\u00f3n t\u00e1ctil en ambos auriculares para responder y rechazar llamadas. Tambi\u00e9n, con funci\u00f3n de asistente de voz mediante control multifunci\u00f3n. Conexi\u00f3n mediante Bluetooth. Control de reproducci\u00f3n de audio, con funciones de control de volumen y pistas. Cuenta con indicador luminoso en estuche y auricular.<\/p>","protected":false},"featured_media":218142,"comment_status":"open","ping_status":"closed","template":"","meta":{"_acf_changed":false},"product_brand":[14012],"product_cat":[14006,13959],"product_tag":[],"class_list":{"0":"post-218141","1":"product","2":"type-product","3":"status-publish","4":"has-post-thumbnail","6":"product_brand-stamina","7":"product_cat-acc-merchandising","8":"product_cat-mr-tecnologia","9":"tm-no-options","11":"first","12":"instock","13":"taxable","14":"shipping-taxable","15":"product-type-variable"},"acf":[],"_links":{"self":[{"href":"https:\/\/grupotextil.es\/en\/wp-json\/wp\/v2\/product\/218141","targetHints":{"allow":["GET"]}}],"collection":[{"href":"https:\/\/grupotextil.es\/en\/wp-json\/wp\/v2\/product"}],"about":[{"href":"https:\/\/grupotextil.es\/en\/wp-json\/wp\/v2\/types\/product"}],"replies":[{"embeddable":true,"href":"https:\/\/grupotextil.es\/en\/wp-json\/wp\/v2\/comments?post=218141"}],"wp:featuredmedia":[{"embeddable":true,"href":"https:\/\/grupotextil.es\/en\/wp-json\/wp\/v2\/media\/218142"}],"wp:attachment":[{"href":"https:\/\/grupotextil.es\/en\/wp-json\/wp\/v2\/media?parent=218141"}],"wp:term":[{"taxonomy":"product_brand","embeddable":true,"href":"https:\/\/grupotextil.es\/en\/wp-json\/wp\/v2\/product_brand?post=218141"},{"taxonomy":"product_cat","embeddable":true,"href":"https:\/\/grupotextil.es\/en\/wp-json\/wp\/v2\/product_cat?post=218141"},{"taxonomy":"product_tag","embeddable":true,"href":"https:\/\/grupotextil.es\/en\/wp-json\/wp\/v2\/product_tag?post=218141"}],"curies":[{"name":"wp","href":"https:\/\/api.w.org\/{rel}","templated":true}]}}